{"id":109707,"date":"2026-04-01T10:35:51","date_gmt":"2026-04-01T08:35:51","guid":{"rendered":"https:\/\/zatureczkimarcell.ddns.net\/wordpress\/?post_type=product&#038;p=109707"},"modified":"2026-04-01T10:36:15","modified_gmt":"2026-04-01T08:36:15","slug":"ajandekutalvany-tetszoleges-osszegben","status":"publish","type":"product","link":"https:\/\/zatureczkimarcell.ddns.net\/wordpress\/termek\/ajandekutalvany-tetszoleges-osszegben\/","title":{"rendered":"Aj\u00e1nd\u00e9kutalv\u00e1ny tetsz\u0151leges \u00f6sszegben"},"content":{"rendered":"<p>&Uuml;zlet&uuml;nkben Aj&aacute;nd&eacute;kutalv&aacute;ny v&aacute;s&aacute;rolhat&oacute; tetsz\u0151leges &ouml;sszegben.&nbsp;<\/p><\/p>\n","protected":false},"excerpt":{"rendered":"<p>&Uuml;zlet&uuml;nkben Aj&aacute;nd&eacute;kutalv&aacute;ny v&aacute;s&aacute;rolhat&oacute; tetsz\u0151leges &ouml;sszegben.&nbsp;<\/p>\n","protected":false},"featured_media":107519,"template":"","meta":{"site-sidebar-layout":"default","site-content-layout":"","ast-site-content-layout":"default","site-content-style":"default","site-sidebar-style":"default","ast-global-header-display":"","ast-banner-title-visibility":"","ast-main-header-display":"","ast-hfb-above-header-display":"","ast-hfb-below-header-display":"","ast-hfb-mobile-header-display":"","site-post-title":"","ast-breadcrumbs-content":"","ast-featured-img":"","footer-sml-layout":"","ast-disable-related-posts":"","theme-transparent-header-meta":"","adv-header-id-meta":"","stick-header-meta":"","header-above-stick-meta":"","header-main-stick-meta":"","header-below-stick-meta":"","astra-migrate-meta-layouts":"default","ast-page-background-enabled":"default","ast-page-background-meta":{"desktop":{"background-color":"var(--ast-global-color-5)","background-image":"","background-repeat":"repeat","background-position":"center center","background-size":"auto","background-attachment":"scroll","background-type":"","background-media":"","overlay-type":"","overlay-color":"","overlay-opacity":"","overlay-gradient":""},"tablet":{"background-color":"","background-image":"","background-repeat":"repeat","background-position":"center center","background-size":"auto","background-attachment":"scroll","background-type":"","background-media":"","overlay-type":"","overlay-color":"","overlay-opacity":"","overlay-gradient":""},"mobile":{"background-color":"","background-image":"","background-repeat":"repeat","background-position":"center center","background-size":"auto","background-attachment":"scroll","background-type":"","background-media":"","overlay-type":"","overlay-color":"","overlay-opacity":"","overlay-gradient":""}},"ast-content-background-meta":{"desktop":{"background-color":"var(--ast-global-color-4)","background-image":"","background-repeat":"repeat","background-position":"center center","background-size":"auto","background-attachment":"scroll","background-type":"","background-media":"","overlay-type":"","overlay-color":"","overlay-opacity":"","overlay-gradient":""},"tablet":{"background-color":"var(--ast-global-color-4)","background-image":"","background-repeat":"repeat","background-position":"center center","background-size":"auto","background-attachment":"scroll","background-type":"","background-media":"","overlay-type":"","overlay-color":"","overlay-opacity":"","overlay-gradient":""},"mobile":{"background-color":"var(--ast-global-color-4)","background-image":"","background-repeat":"repeat","background-position":"center center","background-size":"auto","background-attachment":"scroll","background-type":"","background-media":"","overlay-type":"","overlay-color":"","overlay-opacity":"","overlay-gradient":""}}},"product_brand":[],"product_cat":[129,132,121,148,149,151,142,147,143,140,139,138,123,122,152,130,128,134,133,145,131,150],"product_tag":[],"class_list":{"0":"post-109707","1":"product","2":"type-product","3":"status-publish","4":"has-post-thumbnail","6":"product_cat-akcios-kenoanyagok-es-apolasi-termekek","7":"product_cat-biztonsag","8":"product_cat-bukosisakok","9":"product_cat-cipok-csizmak","10":"product_cat-eso-ruhazat","11":"product_cat-forcefield-akciok","12":"product_cat-hideg-elleni-termekek","13":"product_cat-kabatok","14":"product_cat-kesztyuk","15":"product_cat-kiegeszitok","16":"product_cat-motoros-ruhazat","17":"product_cat-nadragok","18":"product_cat-nyithato-bukosisakok","19":"product_cat-nyitott","20":"product_cat-outlet-akciok","21":"product_cat-protektorok","22":"product_cat-tarolas-ponyvak","23":"product_cat-taskak-dobozok","24":"product_cat-turafelszereles","25":"product_cat-varosi-stilusu-motoros-ruhazat","26":"product_cat-zarak","27":"product_cat-zart-bukosisakok","28":"desktop-align-left","29":"tablet-align-left","30":"mobile-align-left","32":"first","33":"instock","34":"shipping-taxable","35":"product-type-simple"},"jetpack_sharing_enabled":true,"_links":{"self":[{"href":"https:\/\/zatureczkimarcell.ddns.net\/wordpress\/wp-json\/wp\/v2\/product\/109707","targetHints":{"allow":["GET"]}}],"collection":[{"href":"https:\/\/zatureczkimarcell.ddns.net\/wordpress\/wp-json\/wp\/v2\/product"}],"about":[{"href":"https:\/\/zatureczkimarcell.ddns.net\/wordpress\/wp-json\/wp\/v2\/types\/product"}],"wp:featuredmedia":[{"embeddable":true,"href":"https:\/\/zatureczkimarcell.ddns.net\/wordpress\/wp-json\/wp\/v2\/media\/107519"}],"wp:attachment":[{"href":"https:\/\/zatureczkimarcell.ddns.net\/wordpress\/wp-json\/wp\/v2\/media?parent=109707"}],"wp:term":[{"taxonomy":"product_brand","embeddable":true,"href":"https:\/\/zatureczkimarcell.ddns.net\/wordpress\/wp-json\/wp\/v2\/product_brand?post=109707"},{"taxonomy":"product_cat","embeddable":true,"href":"https:\/\/zatureczkimarcell.ddns.net\/wordpress\/wp-json\/wp\/v2\/product_cat?post=109707"},{"taxonomy":"product_tag","embeddable":true,"href":"https:\/\/zatureczkimarcell.ddns.net\/wordpress\/wp-json\/wp\/v2\/product_tag?post=109707"}],"curies":[{"name":"wp","href":"https:\/\/api.w.org\/{rel}","templated":true}]}}