{"id":109706,"date":"2026-04-01T10:35:50","date_gmt":"2026-04-01T08:35:50","guid":{"rendered":"https:\/\/zatureczkimarcell.ddns.net\/wordpress\/?post_type=product&#038;p=109706"},"modified":"2026-04-01T10:36:14","modified_gmt":"2026-04-01T08:36:14","slug":"motul-5100-10w40-4-literes-kiszereles","status":"publish","type":"product","link":"https:\/\/zatureczkimarcell.ddns.net\/wordpress\/termek\/motul-5100-10w40-4-literes-kiszereles\/","title":{"rendered":"Motul 5100 10W40 &#8211; 4 literes kiszerel\u00e9s"},"content":{"rendered":"<p><span style=\"font-size:16px;\"><strong><span open=\"\" sans=\"\" style=\"box-sizing: border-box; font-weight: 700; color: rgb(51, 51, 51); font-family: \"><u style=\"box-sizing: border-box;\">Le&iacute;r&aacute;s:&nbsp;<\/u><\/span><br open=\"\" sans=\"\" style=\"box-sizing: border-box; color: rgb(51, 51, 51); font-family: \" \/><br \/>\n<br open=\"\" sans=\"\" style=\"box-sizing: border-box; color: rgb(51, 51, 51); font-family: \" \/><br \/>\n<span open=\"\" sans=\"\" style=\"color: rgb(51, 51, 51); font-family: \">Technoszintetikus &eacute;szter b&aacute;zis&uacute; motorker&eacute;kp&aacute;r olaj minden n&eacute;gy&uuml;tem\u0171 motorhoz.<\/span><br open=\"\" sans=\"\" style=\"box-sizing: border-box; color: rgb(51, 51, 51); font-family: \" \/><br \/>\n<span open=\"\" sans=\"\" style=\"color: rgb(51, 51, 51); font-family: \">Haszn&aacute;lhat&oacute;ak kataliz&aacute;toros &eacute;s leveg\u0151 hozz&aacute;vezet&eacute;ses kipufog&oacute; rendszerekhez is.&nbsp;<\/span><br open=\"\" sans=\"\" style=\"box-sizing: border-box; color: rgb(51, 51, 51); font-family: \" \/><br \/>\n<span open=\"\" sans=\"\" style=\"color: rgb(51, 51, 51); font-family: \">Megfelelnek az Euro 2 vagy Euro 3 k&ouml;vetelm&eacute;nyeket teljes&iacute;t\u0151 motorokhoz. Alacsony foszfor &eacute;s k&eacute;ntartalom a legutols&oacute; emisszi&oacute;s k&ouml;vetelm&eacute;nyeket is teljes&iacute;t\u0151 kataliz&aacute;torok megfelel\u0151 m\u0171k&ouml;d&eacute;se &eacute;rdek&eacute;ben.&nbsp;<\/span><br open=\"\" sans=\"\" style=\"box-sizing: border-box; color: rgb(51, 51, 51); font-family: \" \/><br \/>\n<span open=\"\" sans=\"\" style=\"color: rgb(51, 51, 51); font-family: \">Az &eacute;szter b&aacute;zis&uacute; kiv&aacute;l&oacute; ken\u0151hat&aacute;s minim&aacute;lisra cs&ouml;kkenti a motor bels\u0151 s&uacute;rl&oacute;d&aacute;s&aacute;t, ami term&eacute;szetszer\u0171leg jobb teljes&iacute;tm&eacute;ny lead&aacute;st eredm&eacute;nyez. Ny&iacute;r&aacute;s stabil, kop&aacute;s&aacute;ll&oacute;, nagyobb v&eacute;delem.&nbsp;<\/span><br open=\"\" sans=\"\" style=\"box-sizing: border-box; color: rgb(51, 51, 51); font-family: \" \/><br \/>\n<span open=\"\" sans=\"\" style=\"color: rgb(51, 51, 51); font-family: \">A technoszintetikus ken\u0151olaj &eacute;szter b&aacute;zissal&nbsp;<\/span><span class=\"hw\" id=\"p710\" open=\"\" sans=\"\" style=\"box-sizing: border-box; color: rgb(51, 51, 51); font-family: \">garancia&nbsp;<\/span><span open=\"\" sans=\"\" style=\"color: rgb(51, 51, 51); font-family: \">a kop&aacute;s&aacute;ll&oacute;s&aacute;got, a megfelel\u0151 v&aacute;lt&oacute;v&eacute;delmet &eacute;s az &eacute;lettartamot illet\u0151en. N&ouml;velt olajfilm stabilit&aacute;s magas h\u0151m&eacute;rs&eacute;kleteken. A magas HTHS viszkozit&aacute;snak k&ouml;sz&ouml;nhet\u0151en m&eacute;g sz&eacute;ls\u0151s&eacute;ges k&ouml;r&uuml;lm&eacute;nyek mellett is nagyfok&uacute; megb&iacute;zhat&oacute;s&aacute;g.&nbsp;<\/span><br open=\"\" sans=\"\" style=\"box-sizing: border-box; color: rgb(51, 51, 51); font-family: \" \/><br \/>\n<span open=\"\" sans=\"\" style=\"color: rgb(51, 51, 51); font-family: \">A JASO MA min\u0151s&iacute;t&eacute;s&nbsp;<\/span><span class=\"hw\" id=\"p966\" open=\"\" sans=\"\" style=\"box-sizing: border-box; color: rgb(51, 51, 51); font-family: \">garancia&nbsp;<\/span><span open=\"\" sans=\"\" style=\"color: rgb(51, 51, 51); font-family: \">a sebess&eacute;gv&aacute;lt&oacute; sima, k&ouml;nny\u0171 m\u0171k&ouml;d&eacute;s&eacute;re.&nbsp;<\/span><br open=\"\" sans=\"\" style=\"box-sizing: border-box; color: rgb(51, 51, 51); font-family: \" \/><br \/>\n<span open=\"\" sans=\"\" style=\"color: rgb(51, 51, 51); font-family: \">Aj&aacute;nlhat&oacute;ak els\u0151sorban mindennapi haszn&aacute;latra; illetve olyan v&aacute;s&aacute;rl&oacute;knak, akik a kedvez\u0151 min\u0151s&eacute;g\/&aacute;r ar&aacute;nyt keresik<\/span><\/strong><\/span><\/p>\n<\/p>\n<p><strong style=\"box-sizing: border-box; max-width: 100%; font-family: Roboto, sans-serif; font-size: 16px;\">Haszn&aacute;lati &eacute;s kezel&eacute;si &uacute;tmutat&oacute; a term&eacute;khez el&eacute;rhet\u0151 ide kattintva:&nbsp;<a href=\"https:\/\/darazsgarazs.hu\/index.php\/termek\/hasznalati-utmutato-alkatreszek.1158.html\">https:\/\/darazsgarazs.hu\/index.php\/termek\/hasznalati-utmutato-alkatreszek.1158.html<\/a><\/strong><\/p>\n","protected":false},"excerpt":{"rendered":"<p>Le&iacute;r&aacute;s:&nbsp; Technoszintetikus &eacute;szter b&aacute;zis&uacute; motorker&eacute;kp&aacute;r olaj minden n&eacute;gy&uuml;tem\u0171 motorhoz. Haszn&aacute;lhat&oacute;ak kataliz&aacute;toros &eacute;s leveg\u0151 hozz&aacute;vezet&eacute;ses kipufog&oacute; rendszerekhez is.&nbsp; Megfelelnek az Euro [&hellip;]<\/p>\n","protected":false},"featured_media":104171,"template":"","meta":{"site-sidebar-layout":"default","site-content-layout":"","ast-site-content-layout":"default","site-content-style":"default","site-sidebar-style":"default","ast-global-header-display":"","ast-banner-title-visibility":"","ast-main-header-display":"","ast-hfb-above-header-display":"","ast-hfb-below-header-display":"","ast-hfb-mobile-header-display":"","site-post-title":"","ast-breadcrumbs-content":"","ast-featured-img":"","footer-sml-layout":"","ast-disable-related-posts":"","theme-transparent-header-meta":"","adv-header-id-meta":"","stick-header-meta":"","header-above-stick-meta":"","header-main-stick-meta":"","header-below-stick-meta":"","astra-migrate-meta-layouts":"default","ast-page-background-enabled":"default","ast-page-background-meta":{"desktop":{"background-color":"var(--ast-global-color-5)","background-image":"","background-repeat":"repeat","background-position":"center center","background-size":"auto","background-attachment":"scroll","background-type":"","background-media":"","overlay-type":"","overlay-color":"","overlay-opacity":"","overlay-gradient":""},"tablet":{"background-color":"","background-image":"","background-repeat":"repeat","background-position":"center center","background-size":"auto","background-attachment":"scroll","background-type":"","background-media":"","overlay-type":"","overlay-color":"","overlay-opacity":"","overlay-gradient":""},"mobile":{"background-color":"","background-image":"","background-repeat":"repeat","background-position":"center center","background-size":"auto","background-attachment":"scroll","background-type":"","background-media":"","overlay-type":"","overlay-color":"","overlay-opacity":"","overlay-gradient":""}},"ast-content-background-meta":{"desktop":{"background-color":"var(--ast-global-color-4)","background-image":"","background-repeat":"repeat","background-position":"center center","background-size":"auto","background-attachment":"scroll","background-type":"","background-media":"","overlay-type":"","overlay-color":"","overlay-opacity":"","overlay-gradient":""},"tablet":{"background-color":"var(--ast-global-color-4)","background-image":"","background-repeat":"repeat","background-position":"center center","background-size":"auto","background-attachment":"scroll","background-type":"","background-media":"","overlay-type":"","overlay-color":"","overlay-opacity":"","overlay-gradient":""},"mobile":{"background-color":"var(--ast-global-color-4)","background-image":"","background-repeat":"repeat","background-position":"center center","background-size":"auto","background-attachment":"scroll","background-type":"","background-media":"","overlay-type":"","overlay-color":"","overlay-opacity":"","overlay-gradient":""}}},"product_brand":[],"product_cat":[129,125],"product_tag":[],"class_list":{"0":"post-109706","1":"product","2":"type-product","3":"status-publish","4":"has-post-thumbnail","6":"product_cat-akcios-kenoanyagok-es-apolasi-termekek","7":"product_cat-univerzalis-alkatreszek","8":"desktop-align-left","9":"tablet-align-left","10":"mobile-align-left","12":"first","13":"instock","14":"shipping-taxable","15":"purchasable","16":"product-type-simple"},"jetpack_sharing_enabled":true,"_links":{"self":[{"href":"https:\/\/zatureczkimarcell.ddns.net\/wordpress\/wp-json\/wp\/v2\/product\/109706","targetHints":{"allow":["GET"]}}],"collection":[{"href":"https:\/\/zatureczkimarcell.ddns.net\/wordpress\/wp-json\/wp\/v2\/product"}],"about":[{"href":"https:\/\/zatureczkimarcell.ddns.net\/wordpress\/wp-json\/wp\/v2\/types\/product"}],"wp:featuredmedia":[{"embeddable":true,"href":"https:\/\/zatureczkimarcell.ddns.net\/wordpress\/wp-json\/wp\/v2\/media\/104171"}],"wp:attachment":[{"href":"https:\/\/zatureczkimarcell.ddns.net\/wordpress\/wp-json\/wp\/v2\/media?parent=109706"}],"wp:term":[{"taxonomy":"product_brand","embeddable":true,"href":"https:\/\/zatureczkimarcell.ddns.net\/wordpress\/wp-json\/wp\/v2\/product_brand?post=109706"},{"taxonomy":"product_cat","embeddable":true,"href":"https:\/\/zatureczkimarcell.ddns.net\/wordpress\/wp-json\/wp\/v2\/product_cat?post=109706"},{"taxonomy":"product_tag","embeddable":true,"href":"https:\/\/zatureczkimarcell.ddns.net\/wordpress\/wp-json\/wp\/v2\/product_tag?post=109706"}],"curies":[{"name":"wp","href":"https:\/\/api.w.org\/{rel}","templated":true}]}}