{"id":109703,"date":"2026-04-01T10:35:47","date_gmt":"2026-04-01T08:35:47","guid":{"rendered":"https:\/\/zatureczkimarcell.ddns.net\/wordpress\/?post_type=product&#038;p=109703"},"modified":"2026-04-01T10:36:12","modified_gmt":"2026-04-01T08:36:12","slug":"upswing-nyari-halos-videoval-tesztgyoztes-sot-altalunk-is-tesztelt","status":"publish","type":"product","link":"https:\/\/zatureczkimarcell.ddns.net\/wordpress\/termek\/upswing-nyari-halos-videoval-tesztgyoztes-sot-altalunk-is-tesztelt\/","title":{"rendered":"Upswing ny\u00e1ri h\u00e1l\u00f3s- Vide\u00f3val!- Tesztgy\u0151ztes! S\u0151t! \u00c1ltalunk is tesztelt!"},"content":{"rendered":"<p style=\"box-sizing: border-box; margin: 0px 0px 10px; font-family: Roboto, sans-serif; font-size: 16px;\"><span style=\"box-sizing: border-box; color: rgb(255, 0, 0);\"><strong style=\"box-sizing: border-box;\">A N&eacute;met Motorrad magazin &aacute;r-&eacute;rt&eacute;k tesztj&eacute;nek gy\u0151ztese.&nbsp;<\/strong><\/span><\/p>\n<p style=\"box-sizing: border-box; margin: 0px 0px 10px; font-family: Roboto, sans-serif; font-size: 16px; line-height: 22.8571px;\"><strong><span style=\"font-family: Arial, sans-serif;\">A H&aacute;l&oacute;s fel&uuml;let\u0171, ez&aacute;ltal kiv&aacute;l&oacute;an szell\u0151z\u0151 kab&aacute;tok, rendk&iacute;v&uuml;li komfort&eacute;rzetet biztos&iacute;tanak.&nbsp;<\/span><\/strong><span style=\"font-size: 4pt; font-family: Arial, sans-serif;\"><o:p><\/o:p><\/span><\/p>\n<p><span style=\"color:#FF0000;\"><span style=\"font-size: 16px;\"><strong><span style=\"font-family: Arial, sans-serif;\">Tesztjeink szerint &bdquo;Naked&rdquo; motoron viselve , m&aacute;r 20Km\/h sebess&eacute;gt\u0151l nem &eacute;rzed hogy kab&aacute;t van rajtad, annyira szell\u0151s!<\/span><\/strong><\/span><\/span><span style=\"font-size: 4pt; font-family: Arial, sans-serif;\"><o:p><\/o:p><\/span><\/p>\n<p><span style=\"font-size: 16px;\"><strong><span style=\"font-family: Arial, sans-serif;\">A ny&aacute;ri k&aacute;nikul&aacute;ban, egy ilyen kab&aacute;tot viselve, maxim&aacute;lis biztons&aacute;gban vagyunk a protektoroknak k&ouml;sz&ouml;nhet\u0151en, m&eacute;gis olyan &eacute;rz&eacute;s lesz m&aacute;r kis sebess&eacute;gn&eacute;l is motorozni, mintha nem is lenne rajtad motoros kab&aacute;t .<\/span><\/strong><\/span><span style=\"font-size: 4pt; font-family: Arial, sans-serif;\"><o:p><\/o:p><\/span><\/p>\n<p><span style=\"font-size: 16px;\"><strong><span style=\"font-family: Arial, sans-serif;\">Rendk&iacute;v&uuml;l j&oacute; szell\u0151z&eacute;st biztos&iacute;t ! Amellett hogy a protektorok megv&eacute;dik, nem izzad bele visel\u0151je.<\/span><\/strong><\/span><span style=\"font-size: 4pt; font-family: Arial, sans-serif;\"><o:p><\/o:p><\/span><\/p>\n<p><span style=\"color:#FF0000;\"><span style=\"font-size: 16px;\"><strong><span style=\"font-family: Arial, sans-serif;\">Protektoros v&eacute;delem &eacute;s maxim&aacute;lis komfort m&eacute;g a legnagyobb ny&aacute;ri k&aacute;nikul&aacute;ban is!&nbsp;<\/span><\/strong><\/span><\/span><\/p>\n<p style=\"font-size: 16px; box-sizing: border-box; margin: 0px 0px 10px; font-family: Roboto, sans-serif; line-height: 22.8571px;\"><strong style=\"box-sizing: border-box;\">Modeka upswing h&aacute;l&oacute;s ny&aacute;ri motoros&nbsp;dzseki<\/strong><\/p>\n<p style=\"font-size: 16px; box-sizing: border-box; margin: 0px 0px 10px; font-family: Roboto, sans-serif; line-height: 22.8571px;\"><strong style=\"box-sizing: border-box;\">Kiv&aacute;l&oacute; szell\u0151z&eacute;st biztos&iacute;t m&eacute;g a legnagyobb k&aacute;nikul&aacute;ban is!&nbsp;<\/strong><\/p>\n<p style=\"font-size: 16px; box-sizing: border-box; margin: 0px 0px 10px; font-family: Roboto, sans-serif; line-height: 22.8571px;\"><strong style=\"color: rgb(0, 0, 0); font-size: 16px;\">A legt&ouml;bb&nbsp; protektor ing az els\u0151 becsap&oacute;d&aacute;sn&aacute;l v&eacute;d, cs&uacute;sz&aacute;sn&aacute;l viszont leszakadhat visel\u0151j&eacute;r\u0151l. Ezzel szemben ez a kab&aacute;t nem csak a becsap&oacute;d&aacute;sn&aacute;l v&eacute;d, hanem a cs&uacute;sz&aacute;sn&aacute;l is. Ezt megtekintheted honlapunk f\u0151oldal&aacute;n az extr&eacute;m cs&uacute;sz&aacute;sos balesetet szimul&aacute;l&oacute; extr&eacute;m tesztvide&oacute;nkban.&nbsp;<\/strong><\/p>\n<p style=\"font-size: 16px; box-sizing: border-box; margin: 0px 0px 10px; font-family: Roboto, sans-serif; line-height: 22.8571px;\">\n<p style=\"font-size: 16px; box-sizing: border-box; margin: 0px 0px 10px; font-family: Roboto, sans-serif; line-height: 22.8571px;\"><strong style=\"font-family: Roboto, sans-serif; font-size: 16px; box-sizing: border-box;\">Anyaga: 500 D cordura<\/strong><\/p>\n<p style=\"box-sizing: border-box; margin: 0px 0px 10px; font-family: Roboto, sans-serif; font-size: 16px;\"><strong style=\"box-sizing: border-box;\">3M Scotchlite &trade; f&eacute;nyvisszaver\u0151k a kab&aacute;ton<\/strong><\/p>\n<p style=\"box-sizing: border-box; margin: 0px 0px 10px; font-family: Roboto, sans-serif; font-size: 16px;\">\n<p style=\"box-sizing: border-box; margin: 0px 0px 10px; font-family: Roboto, sans-serif; font-size: 16px;\"><strong style=\"box-sizing: border-box;\">V&aacute;ll , k&ouml;ny&ouml;k protektorral .<\/strong><\/p>\n<p style=\"box-sizing: border-box; margin: 0px 0px 10px; font-family: Roboto, sans-serif; font-size: 16px;\"><strong style=\"font-family: Roboto, sans-serif; font-size: 16px;\">Level2-es&nbsp;gerincprotektor r&eacute;sz&eacute;re kialak&iacute;tott protektorszeb.&nbsp;<\/strong><\/p>\n<p style=\"box-sizing: border-box; margin: 0px 0px 10px; font-family: Roboto, sans-serif; font-size: 16px;\"><span style=\"font-size:16px;\"><strong>A k&ouml;ny&ouml;kprotektor helyzete &aacute;ll&iacute;that&oacute;, &iacute;gy mindenki sz&aacute;m&aacute;ra azonnal t&ouml;k&eacute;letes helyen lesz a protektor!&nbsp;<\/strong><\/span><\/p>\n<p style=\"box-sizing: border-box; margin: 0px 0px 10px; font-family: Roboto, sans-serif; font-size: 16px;\"><strong style=\"box-sizing: border-box;\">K&eacute;t k&uuml;ls\u0151 &eacute;s egy&nbsp; bels\u0151 zseb<\/strong><\/p>\n<p style=\"box-sizing: border-box; margin: 0px 0px 10px; font-family: Roboto, sans-serif; font-size: 16px;\"><strong style=\"box-sizing: border-box;\">Nadr&aacute;ggal &ouml;sszecippz&aacute;razhat&oacute;<\/strong><\/p>\n<p style=\"box-sizing: border-box; margin: 0px 0px 10px; font-family: Roboto, sans-serif; font-size: 16px;\"><strong style=\"font-family: Roboto, sans-serif; font-size: 16px; box-sizing: border-box;\">M&eacute;retek: 2XL, 3XL, 4XL<\/strong><\/p>\n<p style=\"box-sizing: border-box; margin: 0px 0px 10px; font-family: Roboto, sans-serif; font-size: 16px;\">Tov&aacute;bbi term&eacute;ktulajdons&aacute;gok&eacute;rt l&aacute;togasd meg az anyaglexikon men&uuml;pontunkat !<\/p>\n<p style=\"box-sizing: border-box; margin: 0px 0px 10px; font-family: Roboto, sans-serif; font-size: 16px;\"><strong style=\"box-sizing: border-box; max-width: 100%; font-family: Roboto, sans-serif; font-size: 16px;\">Haszn&aacute;lati &eacute;s kezel&eacute;si &uacute;tmutat&oacute; a term&eacute;khez&nbsp;el&eacute;rhet\u0151 ide kattintva:&nbsp;<a href=\"https:\/\/darazsgarazs.hu\/index.php\/termek\/hasznalati-utmutato.1155.html\">https:\/\/darazsgarazs.hu\/index.php\/termek\/hasznalati-utmutato.1155.html<\/a><\/strong><\/p>\n<div style=\"position:relative;padding-bottom:56.25%;padding-top:30px;height:0;overflow:hidden;\"><iframe loading=\"lazy\" allowfullscreen=\"\" frameborder=\"0\" height=\"360\" src=\"\/\/www.youtube.com\/embed\/iIpsK2s5Fdk?rel=0\" style=\"position: absolute;top: 0;left: 0;width: 100%;height: 100%;\" width=\"640\"><\/iframe><\/div>\n<div style=\"position:relative;padding-bottom:56.25%;padding-top:30px;height:0;overflow:hidden;\"><span style=\"font-family: Roboto, sans-serif; font-size: 16px;\">A term&eacute;k rendeltet&eacute;sszer\u0171 haszn&aacute;lat sor&aacute;n&nbsp;speci&aacute;lis mos&oacute;szerrel tiszt&iacute;that&oacute; !&nbsp;<\/span><span style=\"font-family: Roboto, sans-serif; font-size: 16px;\">A mos&oacute;szer speci&aacute;lisan technikai &ndash; motoros ruh&aacute;zathoz lett fejlesztve,<\/span><span style=\"font-family: Roboto, sans-serif; font-size: 16px;\">haszn&aacute;lat&aacute;val a term&eacute;kek nem csak tiszt&aacute;n tarthat&oacute;ak, de v&aacute;rhat&oacute; haszn&aacute;lati idej&uuml;k is n&ouml;vekszik! &Uuml;zlet&uuml;nkben megv&aacute;s&aacute;rolhat&oacute;ak a mos&oacute;szerek motoros ruh&aacute;zat k&uuml;ls\u0151 r&eacute;sz&eacute;hez &eacute;s a bels\u0151 membr&aacute;nhoz is.&nbsp;<\/span><span style=\"box-sizing: border-box; color: rgb(255, 0, 0);\"><strong style=\"box-sizing: border-box;\">FIGYELEM!&nbsp;<\/strong><\/span><strong style=\"box-sizing: border-box;\">KOLL&Eacute;G&Aacute;NK HASZN&Aacute;LJA A TERM&Eacute;KET! V&Eacute;LEM&Eacute;NY&Eacute;T A SAJ&Aacute;T TESZTEL&Eacute;S\u0170 TERM&Eacute;KEK MEN\u0170PONTBAN OLVASHATJ&Aacute;K .&nbsp;A TESZT AZ AL&Aacute;BBI LINKRE KATTINTVA &Eacute;RHET\u0150 EL:&nbsp;<\/strong><a href=\"https:\/\/darazsgarazs.hu\/termek\/modeka-upswing-kabat-es-nadrag-teszt.896.html\" style=\"box-sizing: border-box; background-color: transparent; color: rgb(51, 122, 183); text-decoration-line: none;\">https:\/\/darazsgarazs.hu\/termek\/modeka-upswing-kabat-es-nadrag-teszt.896.html<\/a><\/div><\/p>\n","protected":false},"excerpt":{"rendered":"<p>A N&eacute;met Motorrad magazin &aacute;r-&eacute;rt&eacute;k tesztj&eacute;nek gy\u0151ztese.&nbsp; A H&aacute;l&oacute;s fel&uuml;let\u0171, ez&aacute;ltal kiv&aacute;l&oacute;an szell\u0151z\u0151 kab&aacute;tok, rendk&iacute;v&uuml;li komfort&eacute;rzetet biztos&iacute;tanak.&nbsp; Tesztjeink szerint &bdquo;Naked&rdquo; [&hellip;]<\/p>\n","protected":false},"featured_media":103002,"template":"","meta":{"site-sidebar-layout":"default","site-content-layout":"","ast-site-content-layout":"default","site-content-style":"default","site-sidebar-style":"default","ast-global-header-display":"","ast-banner-title-visibility":"","ast-main-header-display":"","ast-hfb-above-header-display":"","ast-hfb-below-header-display":"","ast-hfb-mobile-header-display":"","site-post-title":"","ast-breadcrumbs-content":"","ast-featured-img":"","footer-sml-layout":"","ast-disable-related-posts":"","theme-transparent-header-meta":"","adv-header-id-meta":"","stick-header-meta":"","header-above-stick-meta":"","header-main-stick-meta":"","header-below-stick-meta":"","astra-migrate-meta-layouts":"default","ast-page-background-enabled":"default","ast-page-background-meta":{"desktop":{"background-color":"var(--ast-global-color-5)","background-image":"","background-repeat":"repeat","background-position":"center center","background-size":"auto","background-attachment":"scroll","background-type":"","background-media":"","overlay-type":"","overlay-color":"","overlay-opacity":"","overlay-gradient":""},"tablet":{"background-color":"","background-image":"","background-repeat":"repeat","background-position":"center center","background-size":"auto","background-attachment":"scroll","background-type":"","background-media":"","overlay-type":"","overlay-color":"","overlay-opacity":"","overlay-gradient":""},"mobile":{"background-color":"","background-image":"","background-repeat":"repeat","background-position":"center center","background-size":"auto","background-attachment":"scroll","background-type":"","background-media":"","overlay-type":"","overlay-color":"","overlay-opacity":"","overlay-gradient":""}},"ast-content-background-meta":{"desktop":{"background-color":"var(--ast-global-color-4)","background-image":"","background-repeat":"repeat","background-position":"center center","background-size":"auto","background-attachment":"scroll","background-type":"","background-media":"","overlay-type":"","overlay-color":"","overlay-opacity":"","overlay-gradient":""},"tablet":{"background-color":"var(--ast-global-color-4)","background-image":"","background-repeat":"repeat","background-position":"center center","background-size":"auto","background-attachment":"scroll","background-type":"","background-media":"","overlay-type":"","overlay-color":"","overlay-opacity":"","overlay-gradient":""},"mobile":{"background-color":"var(--ast-global-color-4)","background-image":"","background-repeat":"repeat","background-position":"center center","background-size":"auto","background-attachment":"scroll","background-type":"","background-media":"","overlay-type":"","overlay-color":"","overlay-opacity":"","overlay-gradient":""}}},"product_brand":[],"product_cat":[147,139],"product_tag":[],"class_list":{"0":"post-109703","1":"product","2":"type-product","3":"status-publish","4":"has-post-thumbnail","6":"product_cat-kabatok","7":"product_cat-motoros-ruhazat","8":"desktop-align-left","9":"tablet-align-left","10":"mobile-align-left","12":"first","13":"instock","14":"sale","15":"shipping-taxable","16":"purchasable","17":"product-type-simple"},"jetpack_sharing_enabled":true,"_links":{"self":[{"href":"https:\/\/zatureczkimarcell.ddns.net\/wordpress\/wp-json\/wp\/v2\/product\/109703","targetHints":{"allow":["GET"]}}],"collection":[{"href":"https:\/\/zatureczkimarcell.ddns.net\/wordpress\/wp-json\/wp\/v2\/product"}],"about":[{"href":"https:\/\/zatureczkimarcell.ddns.net\/wordpress\/wp-json\/wp\/v2\/types\/product"}],"wp:featuredmedia":[{"embeddable":true,"href":"https:\/\/zatureczkimarcell.ddns.net\/wordpress\/wp-json\/wp\/v2\/media\/103002"}],"wp:attachment":[{"href":"https:\/\/zatureczkimarcell.ddns.net\/wordpress\/wp-json\/wp\/v2\/media?parent=109703"}],"wp:term":[{"taxonomy":"product_brand","embeddable":true,"href":"https:\/\/zatureczkimarcell.ddns.net\/wordpress\/wp-json\/wp\/v2\/product_brand?post=109703"},{"taxonomy":"product_cat","embeddable":true,"href":"https:\/\/zatureczkimarcell.ddns.net\/wordpress\/wp-json\/wp\/v2\/product_cat?post=109703"},{"taxonomy":"product_tag","embeddable":true,"href":"https:\/\/zatureczkimarcell.ddns.net\/wordpress\/wp-json\/wp\/v2\/product_tag?post=109703"}],"curies":[{"name":"wp","href":"https:\/\/api.w.org\/{rel}","templated":true}]}}