{"id":109701,"date":"2026-04-01T10:35:44","date_gmt":"2026-04-01T08:35:44","guid":{"rendered":"https:\/\/zatureczkimarcell.ddns.net\/wordpress\/?post_type=product&#038;p=109701"},"modified":"2026-04-01T10:36:10","modified_gmt":"2026-04-01T08:36:10","slug":"modeka-upswing-lady-noi-motoros-kabat-tesztgyoztes-termek","status":"publish","type":"product","link":"https:\/\/zatureczkimarcell.ddns.net\/wordpress\/termek\/modeka-upswing-lady-noi-motoros-kabat-tesztgyoztes-termek\/","title":{"rendered":"MODEKA UPSWING LADY N\u0151i motoros kab\u00e1t- Tesztgy\u0151ztes term\u00e9k!"},"content":{"rendered":"<p style=\"box-sizing: border-box; margin: 0px 0px 10px; font-family: Roboto, sans-serif; font-size: 16px;\"><span style=\"box-sizing: border-box; color: rgb(255, 0, 0);\"><strong style=\"box-sizing: border-box;\">Figyelem! A Motorrad magazin tesztj&eacute;n kiv&aacute;l&oacute;an szerepl\u0151, &aacute;r-&eacute;rt&eacute;k gy\u0151ztes term&eacute;k!&nbsp;<\/strong><\/span><\/p>\n<p style=\"box-sizing: border-box; margin: 0px 0px 10px; font-family: Roboto, sans-serif; font-size: 16px;\">\n<p style=\"box-sizing: border-box; margin: 0px 0px 10px; font-family: Roboto, sans-serif; font-size: 16px; line-height: 22.8571px;\"><strong><span style=\"font-family: Arial, sans-serif;\">A H&aacute;l&oacute;s fel&uuml;let\u0171, ez&aacute;ltal kiv&aacute;l&oacute;an szell\u0151z\u0151 kab&aacute;tok, rendk&iacute;v&uuml;li komfort&eacute;rzetet biztos&iacute;tanak.&nbsp;<\/span><\/strong><span style=\"font-size: 4pt; font-family: Arial, sans-serif;\"><o:p><\/o:p><\/span><\/p>\n<p><span style=\"color:#FF0000;\"><span style=\"font-size: 16px;\"><strong><span style=\"font-family: Arial, sans-serif;\">Tesztjeink szerint &bdquo;Naked&rdquo; motoron viselve , m&aacute;r 20Km\/h sebess&eacute;gt\u0151l nem &eacute;rzed hogy kab&aacute;t van rajtad, annyira szell\u0151s!<\/span><\/strong><\/span><\/span><span style=\"font-size: 4pt; font-family: Arial, sans-serif;\"><o:p><\/o:p><\/span><\/p>\n<p><span style=\"font-size: 16px;\"><strong><span style=\"font-family: Arial, sans-serif;\">A ny&aacute;ri k&aacute;nikul&aacute;ban, egy ilyen kab&aacute;tot viselve, maxim&aacute;lis biztons&aacute;gban vagyunk a protektoroknak k&ouml;sz&ouml;nhet\u0151en, m&eacute;gis olyan &eacute;rz&eacute;s lesz m&aacute;r kis sebess&eacute;gn&eacute;l is motorozni, mintha nem is lenne rajtad motoros kab&aacute;t .<\/span><\/strong><\/span><span style=\"font-size: 4pt; font-family: Arial, sans-serif;\"><o:p><\/o:p><\/span><\/p>\n<p><span style=\"font-size: 16px;\"><strong><span style=\"font-family: Arial, sans-serif;\">Rendk&iacute;v&uuml;l j&oacute; szell\u0151z&eacute;st biztos&iacute;t ! Amellett hogy a protektorok megv&eacute;dik, nem izzad bele visel\u0151je.<\/span><\/strong><\/span><span style=\"font-size: 4pt; font-family: Arial, sans-serif;\"><o:p><\/o:p><\/span><\/p>\n<p><span style=\"font-size: 16px;\"><strong><span style=\"font-family: Arial, sans-serif;\">Protektoros v&eacute;delem &eacute;s maxim&aacute;lis komfort m&eacute;g a legnagyobb ny&aacute;ri k&aacute;nikul&aacute;ban is!&nbsp;<\/span><\/strong><\/span><\/p>\n<p><span style=\"color:#000000;\"><span style=\"font-size:16px;\"><strong>A legt&ouml;bb&nbsp; protektor ing az els\u0151 becsap&oacute;d&aacute;sn&aacute;l v&eacute;d, cs&uacute;sz&aacute;sn&aacute;l viszont leszakadhat visel\u0151j&eacute;r\u0151l. Ezzel szemben ez a kab&aacute;t nem csak a becsap&oacute;d&aacute;sn&aacute;l v&eacute;d, hanem a cs&uacute;sz&aacute;sn&aacute;l is. Ezt megtekintheted honlapunk f\u0151oldal&aacute;n az extr&eacute;m cs&uacute;sz&aacute;sos balesetet szimul&aacute;l&oacute; extr&eacute;m tesztvide&oacute;nkban.&nbsp;<\/strong><\/span><\/span><\/p>\n<p style=\"box-sizing: border-box; margin: 0px 0px 10px; font-family: Roboto, sans-serif; font-size: 16px;\">\n<p style=\"box-sizing: border-box; margin: 0px 0px 10px; font-family: Roboto, sans-serif; font-size: 16px;\"><strong style=\"box-sizing: border-box;\">500 D er\u0151ss&eacute;g\u0171 k&uuml;ls\u0151 r&eacute;sz&nbsp;<br style=\"box-sizing: border-box;\" \/><br \/>\nNagy h&aacute;l&oacute;s panelek melyek a legjobb szell\u0151z&eacute;st biztos&iacute;tj&aacute;k<br style=\"box-sizing: border-box;\" \/><br \/>\n3M Scotchlite &trade; f&eacute;nyvisszaver\u0151 bet&eacute;tek<\/strong><br style=\"box-sizing: border-box;\" \/><br \/>\n<strong style=\"box-sizing: border-box;\">V&aacute;ll , k&ouml;ny&ouml;k protektorral .<\/strong><\/p>\n<p style=\"box-sizing: border-box; margin: 0px 0px 10px; font-family: Roboto, sans-serif; font-size: 16px;\"><strong style=\"font-family: Roboto, sans-serif; font-size: 16px;\">Level2-es&nbsp;gerincprotektor r&eacute;sz&eacute;re kialak&iacute;tott protektorszeb.&nbsp;<\/strong><\/p>\n<p style=\"box-sizing: border-box; margin: 0px 0px 10px; font-family: Roboto, sans-serif; font-size: 16px;\"><span style=\"font-size:16px;\"><strong>A k&ouml;ny&ouml;kprotektor helyzete &aacute;ll&iacute;that&oacute;, &iacute;gy mindenki sz&aacute;m&aacute;ra azonnal t&ouml;k&eacute;letes helyen lesz a protektor!&nbsp;<\/strong><\/span><br style=\"box-sizing: border-box;\" \/><br \/>\n<strong style=\"box-sizing: border-box;\">2 k&uuml;ls\u0151 &eacute;s 1 bels\u0151 zseb<br style=\"box-sizing: border-box;\" \/><br \/>\nNadr&aacute;ggal &ouml;sszekapcsolhat&oacute;<\/strong><strong>&#8211; Univerz&aacute;lisan minden nadr&aacute;ggal &ouml;sszekapcsolhat&oacute;, de megv&aacute;s&aacute;rolhat&oacute; a term&eacute;khez tartoz&oacute; nadr&aacute;g :&nbsp;<\/strong><\/p>\n<p style=\"box-sizing: border-box; margin: 0px 0px 10px; font-family: Roboto, sans-serif; font-size: 16px;\"><a href=\"http:\/\/darazsgarazs.hu\/termek\/upswing-lady-noi-motoros-nadrag-tesztgyoztes-termek.642.html\">http:\/\/darazsgarazs.hu\/termek\/upswing-lady-noi-motoros-nadrag-tesztgyoztes-termek.642.html<\/a><\/p>\n<p style=\"box-sizing: border-box; margin: 0px 0px 10px; font-family: Roboto, sans-serif; font-size: 16px;\"><strong style=\"box-sizing: border-box;\">M&eacute;retek : 34-t\u0151l 48-ig.<\/strong><\/p>\n<p style=\"box-sizing: border-box; margin: 0px 0px 5px; font-size: 16px; border: 0px none; outline: none 0px; padding: 0px; vertical-align: baseline; color: rgb(0, 0, 0); font-family: Arial, Helvetica, sans-serif; line-height: 20px;\">\n<p style=\"box-sizing: border-box; margin: 0px 0px 5px; font-size: 16px; border: 0px none; outline: none 0px; padding: 0px; vertical-align: baseline; color: rgb(0, 0, 0); font-family: Arial, Helvetica, sans-serif; line-height: 20px;\">\n<p style=\"box-sizing: border-box; margin: 0px 0px 5px; font-size: 16px; border: 0px none; outline: none 0px; padding: 0px; vertical-align: baseline; color: rgb(0, 0, 0); font-family: Arial, Helvetica, sans-serif; line-height: 20px;\">\n<\/p>\n<p><span style=\"font-family: Roboto, sans-serif; font-size: 16px;\">A term&eacute;k rendeltet&eacute;sszer\u0171 haszn&aacute;lat sor&aacute;n&nbsp;speci&aacute;lis mos&oacute;szerrel tiszt&iacute;that&oacute; !&nbsp;<\/span><span style=\"font-family: Roboto, sans-serif; font-size: 16px;\">A mos&oacute;szer speci&aacute;lisan technikai &ndash; motoros ruh&aacute;zathoz lett fejlesztve,<\/span><span style=\"font-family: Roboto, sans-serif; font-size: 16px;\">haszn&aacute;lat&aacute;val a term&eacute;kek nem csak tiszt&aacute;n tarthat&oacute;ak, de v&aacute;rhat&oacute; haszn&aacute;lati idej&uuml;k is n&ouml;vekszik! &Uuml;zlet&uuml;nkben megv&aacute;s&aacute;rolhat&oacute;ak a mos&oacute;szerek motoros ruh&aacute;zat k&uuml;ls\u0151 r&eacute;sz&eacute;hez &eacute;s a bels\u0151 membr&aacute;nhoz is.&nbsp;<\/span><\/p>\n<p><strong style=\"box-sizing: border-box; max-width: 100%; font-family: Roboto, sans-serif; font-size: 16px;\">Haszn&aacute;lati &eacute;s kezel&eacute;si &uacute;tmutat&oacute; a term&eacute;khez&nbsp;el&eacute;rhet\u0151 ide kattintva:&nbsp;<a href=\"https:\/\/darazsgarazs.hu\/index.php\/termek\/hasznalati-utmutato.1155.html\">https:\/\/darazsgarazs.hu\/index.php\/termek\/hasznalati-utmutato.1155.html<\/a><\/strong><\/p><\/p>\n","protected":false},"excerpt":{"rendered":"<p>Figyelem! A Motorrad magazin tesztj&eacute;n kiv&aacute;l&oacute;an szerepl\u0151, &aacute;r-&eacute;rt&eacute;k gy\u0151ztes term&eacute;k!&nbsp; A H&aacute;l&oacute;s fel&uuml;let\u0171, ez&aacute;ltal kiv&aacute;l&oacute;an szell\u0151z\u0151 kab&aacute;tok, rendk&iacute;v&uuml;li komfort&eacute;rzetet biztos&iacute;tanak.&nbsp; [&hellip;]<\/p>\n","protected":false},"featured_media":105232,"template":"","meta":{"site-sidebar-layout":"default","site-content-layout":"","ast-site-content-layout":"default","site-content-style":"default","site-sidebar-style":"default","ast-global-header-display":"","ast-banner-title-visibility":"","ast-main-header-display":"","ast-hfb-above-header-display":"","ast-hfb-below-header-display":"","ast-hfb-mobile-header-display":"","site-post-title":"","ast-breadcrumbs-content":"","ast-featured-img":"","footer-sml-layout":"","ast-disable-related-posts":"","theme-transparent-header-meta":"","adv-header-id-meta":"","stick-header-meta":"","header-above-stick-meta":"","header-main-stick-meta":"","header-below-stick-meta":"","astra-migrate-meta-layouts":"default","ast-page-background-enabled":"default","ast-page-background-meta":{"desktop":{"background-color":"var(--ast-global-color-5)","background-image":"","background-repeat":"repeat","background-position":"center center","background-size":"auto","background-attachment":"scroll","background-type":"","background-media":"","overlay-type":"","overlay-color":"","overlay-opacity":"","overlay-gradient":""},"tablet":{"background-color":"","background-image":"","background-repeat":"repeat","background-position":"center center","background-size":"auto","background-attachment":"scroll","background-type":"","background-media":"","overlay-type":"","overlay-color":"","overlay-opacity":"","overlay-gradient":""},"mobile":{"background-color":"","background-image":"","background-repeat":"repeat","background-position":"center center","background-size":"auto","background-attachment":"scroll","background-type":"","background-media":"","overlay-type":"","overlay-color":"","overlay-opacity":"","overlay-gradient":""}},"ast-content-background-meta":{"desktop":{"background-color":"var(--ast-global-color-4)","background-image":"","background-repeat":"repeat","background-position":"center center","background-size":"auto","background-attachment":"scroll","background-type":"","background-media":"","overlay-type":"","overlay-color":"","overlay-opacity":"","overlay-gradient":""},"tablet":{"background-color":"var(--ast-global-color-4)","background-image":"","background-repeat":"repeat","background-position":"center center","background-size":"auto","background-attachment":"scroll","background-type":"","background-media":"","overlay-type":"","overlay-color":"","overlay-opacity":"","overlay-gradient":""},"mobile":{"background-color":"var(--ast-global-color-4)","background-image":"","background-repeat":"repeat","background-position":"center center","background-size":"auto","background-attachment":"scroll","background-type":"","background-media":"","overlay-type":"","overlay-color":"","overlay-opacity":"","overlay-gradient":""}}},"product_brand":[],"product_cat":[147,139],"product_tag":[],"class_list":{"0":"post-109701","1":"product","2":"type-product","3":"status-publish","4":"has-post-thumbnail","6":"product_cat-kabatok","7":"product_cat-motoros-ruhazat","8":"desktop-align-left","9":"tablet-align-left","10":"mobile-align-left","12":"first","13":"instock","14":"sale","15":"shipping-taxable","16":"purchasable","17":"product-type-simple"},"jetpack_sharing_enabled":true,"_links":{"self":[{"href":"https:\/\/zatureczkimarcell.ddns.net\/wordpress\/wp-json\/wp\/v2\/product\/109701","targetHints":{"allow":["GET"]}}],"collection":[{"href":"https:\/\/zatureczkimarcell.ddns.net\/wordpress\/wp-json\/wp\/v2\/product"}],"about":[{"href":"https:\/\/zatureczkimarcell.ddns.net\/wordpress\/wp-json\/wp\/v2\/types\/product"}],"wp:featuredmedia":[{"embeddable":true,"href":"https:\/\/zatureczkimarcell.ddns.net\/wordpress\/wp-json\/wp\/v2\/media\/105232"}],"wp:attachment":[{"href":"https:\/\/zatureczkimarcell.ddns.net\/wordpress\/wp-json\/wp\/v2\/media?parent=109701"}],"wp:term":[{"taxonomy":"product_brand","embeddable":true,"href":"https:\/\/zatureczkimarcell.ddns.net\/wordpress\/wp-json\/wp\/v2\/product_brand?post=109701"},{"taxonomy":"product_cat","embeddable":true,"href":"https:\/\/zatureczkimarcell.ddns.net\/wordpress\/wp-json\/wp\/v2\/product_cat?post=109701"},{"taxonomy":"product_tag","embeddable":true,"href":"https:\/\/zatureczkimarcell.ddns.net\/wordpress\/wp-json\/wp\/v2\/product_tag?post=109701"}],"curies":[{"name":"wp","href":"https:\/\/api.w.org\/{rel}","templated":true}]}}