{"id":109697,"date":"2026-04-01T10:35:40","date_gmt":"2026-04-01T08:35:40","guid":{"rendered":"https:\/\/zatureczkimarcell.ddns.net\/wordpress\/?post_type=product&#038;p=109697"},"modified":"2026-04-01T10:36:07","modified_gmt":"2026-04-01T08:36:07","slug":"modeka-protektorozhato-terdmelegito-terdvedo-videoval","status":"publish","type":"product","link":"https:\/\/zatureczkimarcell.ddns.net\/wordpress\/termek\/modeka-protektorozhato-terdmelegito-terdvedo-videoval\/","title":{"rendered":"Modeka protektorozhat\u00f3 t\u00e9rdmeleg\u00edt\u0151 &#8211; t\u00e9rdv\u00e9d\u0151-Vide\u00f3val!"},"content":{"rendered":"<p style=\"box-sizing: border-box; margin: 0px 0px 5px; font-size: 16px; border: 0px none; outline: none 0px; padding: 0px; vertical-align: baseline; color: rgb(0, 0, 0); font-family: Arial, Helvetica, sans-serif; line-height: 20px;\">\n<ul style=\"box-sizing: border-box; margin: 0px 0px 0px 15px; border: 0px none; font-size: 12px; outline: none 0px; padding-right: 0px; padding-left: 0px; vertical-align: baseline; list-style: none outside none; color: rgb(0, 0, 0); font-family: Arial, Helvetica, sans-serif; line-height: 20px;\">\n<li style=\"box-sizing: border-box; border: 0px none; font-weight: inherit; margin: 0px; outline: none 0px; padding: 0px; vertical-align: baseline;\"><span style=\"font-size:16px;\"><strong style=\"box-sizing: border-box;\">Motoros t&eacute;rdmeleg&iacute;t\u0151 p&aacute;r<\/strong><\/span><\/li>\n<li style=\"box-sizing: border-box; border: 0px none; font-weight: inherit; margin: 0px; outline: none 0px; padding: 0px; vertical-align: baseline;\"><span style=\"font-size:16px;\"><strong style=\"box-sizing: border-box;\">Egyszer\u0171en-gyorsan , p&aacute;r mozdulattal fel &eacute;s levehet\u0151.&nbsp;<\/strong><\/span><\/li>\n<li style=\"box-sizing: border-box; border: 0px none; font-weight: inherit; margin: 0px; outline: none 0px; padding: 0px; vertical-align: baseline;\"><span style=\"font-size:16px;\"><strong style=\"box-sizing: border-box;\">A hossz&uacute; t&eacute;p\u0151z&aacute;r, mindenki sz&aacute;m&aacute;ra k&eacute;nyelmes , tetsz\u0151leges be&aacute;ll&iacute;t&aacute;st tesz lehet\u0151v&eacute;.&nbsp;<\/strong><\/span><\/li>\n<li style=\"box-sizing: border-box; border: 0px none; font-weight: inherit; margin: 0px; outline: none 0px; padding: 0px; vertical-align: baseline;\"><span style=\"font-size:16px;\"><strong style=\"box-sizing: border-box;\">Megakad&aacute;lyozza a t&eacute;rdiz&uuml;letek kih&uuml;l&eacute;s&eacute;t<\/strong><\/span><\/li>\n<li style=\"box-sizing: border-box; border: 0px none; font-weight: inherit; margin: 0px; outline: none 0px; padding: 0px; vertical-align: baseline;\"><span style=\"font-size:16px;\"><strong style=\"box-sizing: border-box;\">A SAS-TEC &uuml;t&eacute;selnyel\u0151&nbsp;protektor elhelyezhet\u0151 a term&eacute;kben, &iacute;gy ak&aacute;r egy kedvez\u0151 &aacute;r&uacute; t&eacute;rdv&eacute;d\u0151k&eacute;nt is haszn&aacute;lhat&oacute;. &Iacute;gy ha akarod, akkor nem csak a hideg ellen v&eacute;d, hanem egy esetleges es&eacute;sn&eacute;l is hasznos v&eacute;delmet ny&uacute;jthat ez a kedvez\u0151 &aacute;r&uacute; term&eacute;k.&nbsp;&nbsp;<\/strong><\/span><\/li>\n<\/ul>\n<p style=\"box-sizing: border-box; margin: 0px 0px 5px; font-size: 16px; border: 0px none; outline: none 0px; padding: 0px; vertical-align: baseline; color: rgb(0, 0, 0); font-family: Arial, Helvetica, sans-serif; line-height: 20px;\">\n<p style=\"box-sizing: border-box; margin: 0px 0px 5px; font-size: 16px; border: 0px none; outline: none 0px; padding: 0px; vertical-align: baseline; color: rgb(0, 0, 0); font-family: Arial, Helvetica, sans-serif; line-height: 20px;\"><span style=\"font-size:16px;\"><strong style=\"box-sizing: border-box;\">M&eacute;retek: S\/M, L\/XL, XXL<\/strong><\/span><\/p>\n<p style=\"box-sizing: border-box; margin: 0px 0px 5px; font-size: 16px; border: 0px none; outline: none 0px; padding: 0px; vertical-align: baseline; color: rgb(0, 0, 0); font-family: Arial, Helvetica, sans-serif; line-height: 20px;\"><span style=\"font-size:16px;\"><strong style=\"box-sizing: border-box;\">Az &aacute;r \/p&aacute;r &eacute;rtend\u0151<\/strong><\/span><\/p>\n<p style=\"box-sizing: border-box; margin: 0px 0px 5px; font-size: 16px; border: 0px none; outline: none 0px; padding: 0px; vertical-align: baseline; color: rgb(0, 0, 0); font-family: Arial, Helvetica, sans-serif; line-height: 20px;\"><span style=\"font-size:16px;\"><strong style=\"box-sizing: border-box;\">Sz&iacute;n: Fekete<\/strong><\/span><\/p>\n<p style=\"box-sizing: border-box; margin: 0px 0px 5px; font-size: 16px; border: 0px none; outline: none 0px; padding: 0px; vertical-align: baseline; color: rgb(0, 0, 0); font-family: Arial, Helvetica, sans-serif; line-height: 20px;\"><strong style=\"box-sizing: border-box; max-width: 100%; font-family: Roboto, sans-serif; font-size: 16px;\">Haszn&aacute;lati &eacute;s kezel&eacute;si &uacute;tmutat&oacute; a term&eacute;khez&nbsp;el&eacute;rhet\u0151 ide kattintva:&nbsp;<a href=\"https:\/\/darazsgarazs.hu\/index.php\/termek\/hasznalati-utmutato.1155.html\">https:\/\/darazsgarazs.hu\/index.php\/termek\/hasznalati-utmutato.1155.html<\/a><\/strong><\/p>\n<p style=\"box-sizing: border-box; margin: 0px 0px 5px; border: 0px none; outline: none 0px; padding: 0px; vertical-align: baseline; color: rgb(0, 0, 0); font-family: Arial, Helvetica, sans-serif; line-height: 20px;\"><span style=\"font-size:16px;\"><b>A term&eacute;kr\u0151l bemutat&oacute; vide&oacute; megtekinthet\u0151 ide kattintva :&nbsp;<\/b><\/span><\/p>\n<div style=\"position:relative;padding-bottom:56.25%;padding-top:30px;height:0;overflow:hidden;\"><iframe loading=\"lazy\" allowfullscreen=\"\" frameborder=\"0\" height=\"360\" src=\"\/\/www.youtube.com\/embed\/oFIMePZzGYs?rel=0\" style=\"position: absolute;top: 0;left: 0;width: 100%;height: 100%;\" width=\"640\"><\/iframe><\/div><\/p>\n","protected":false},"excerpt":{"rendered":"<p>Motoros t&eacute;rdmeleg&iacute;t\u0151 p&aacute;r Egyszer\u0171en-gyorsan , p&aacute;r mozdulattal fel &eacute;s levehet\u0151.&nbsp; A hossz&uacute; t&eacute;p\u0151z&aacute;r, mindenki sz&aacute;m&aacute;ra k&eacute;nyelmes , tetsz\u0151leges be&aacute;ll&iacute;t&aacute;st tesz [&hellip;]<\/p>\n","protected":false},"featured_media":105380,"template":"","meta":{"site-sidebar-layout":"default","site-content-layout":"","ast-site-content-layout":"default","site-content-style":"default","site-sidebar-style":"default","ast-global-header-display":"","ast-banner-title-visibility":"","ast-main-header-display":"","ast-hfb-above-header-display":"","ast-hfb-below-header-display":"","ast-hfb-mobile-header-display":"","site-post-title":"","ast-breadcrumbs-content":"","ast-featured-img":"","footer-sml-layout":"","ast-disable-related-posts":"","theme-transparent-header-meta":"","adv-header-id-meta":"","stick-header-meta":"","header-above-stick-meta":"","header-main-stick-meta":"","header-below-stick-meta":"","astra-migrate-meta-layouts":"default","ast-page-background-enabled":"default","ast-page-background-meta":{"desktop":{"background-color":"var(--ast-global-color-5)","background-image":"","background-repeat":"repeat","background-position":"center center","background-size":"auto","background-attachment":"scroll","background-type":"","background-media":"","overlay-type":"","overlay-color":"","overlay-opacity":"","overlay-gradient":""},"tablet":{"background-color":"","background-image":"","background-repeat":"repeat","background-position":"center center","background-size":"auto","background-attachment":"scroll","background-type":"","background-media":"","overlay-type":"","overlay-color":"","overlay-opacity":"","overlay-gradient":""},"mobile":{"background-color":"","background-image":"","background-repeat":"repeat","background-position":"center center","background-size":"auto","background-attachment":"scroll","background-type":"","background-media":"","overlay-type":"","overlay-color":"","overlay-opacity":"","overlay-gradient":""}},"ast-content-background-meta":{"desktop":{"background-color":"var(--ast-global-color-4)","background-image":"","background-repeat":"repeat","background-position":"center center","background-size":"auto","background-attachment":"scroll","background-type":"","background-media":"","overlay-type":"","overlay-color":"","overlay-opacity":"","overlay-gradient":""},"tablet":{"background-color":"var(--ast-global-color-4)","background-image":"","background-repeat":"repeat","background-position":"center center","background-size":"auto","background-attachment":"scroll","background-type":"","background-media":"","overlay-type":"","overlay-color":"","overlay-opacity":"","overlay-gradient":""},"mobile":{"background-color":"var(--ast-global-color-4)","background-image":"","background-repeat":"repeat","background-position":"center center","background-size":"auto","background-attachment":"scroll","background-type":"","background-media":"","overlay-type":"","overlay-color":"","overlay-opacity":"","overlay-gradient":""}}},"product_brand":[],"product_cat":[142,140,139,130],"product_tag":[],"class_list":{"0":"post-109697","1":"product","2":"type-product","3":"status-publish","4":"has-post-thumbnail","6":"product_cat-hideg-elleni-termekek","7":"product_cat-kiegeszitok","8":"product_cat-motoros-ruhazat","9":"product_cat-protektorok","10":"desktop-align-left","11":"tablet-align-left","12":"mobile-align-left","14":"first","15":"instock","16":"shipping-taxable","17":"purchasable","18":"product-type-simple"},"jetpack_sharing_enabled":true,"_links":{"self":[{"href":"https:\/\/zatureczkimarcell.ddns.net\/wordpress\/wp-json\/wp\/v2\/product\/109697","targetHints":{"allow":["GET"]}}],"collection":[{"href":"https:\/\/zatureczkimarcell.ddns.net\/wordpress\/wp-json\/wp\/v2\/product"}],"about":[{"href":"https:\/\/zatureczkimarcell.ddns.net\/wordpress\/wp-json\/wp\/v2\/types\/product"}],"wp:featuredmedia":[{"embeddable":true,"href":"https:\/\/zatureczkimarcell.ddns.net\/wordpress\/wp-json\/wp\/v2\/media\/105380"}],"wp:attachment":[{"href":"https:\/\/zatureczkimarcell.ddns.net\/wordpress\/wp-json\/wp\/v2\/media?parent=109697"}],"wp:term":[{"taxonomy":"product_brand","embeddable":true,"href":"https:\/\/zatureczkimarcell.ddns.net\/wordpress\/wp-json\/wp\/v2\/product_brand?post=109697"},{"taxonomy":"product_cat","embeddable":true,"href":"https:\/\/zatureczkimarcell.ddns.net\/wordpress\/wp-json\/wp\/v2\/product_cat?post=109697"},{"taxonomy":"product_tag","embeddable":true,"href":"https:\/\/zatureczkimarcell.ddns.net\/wordpress\/wp-json\/wp\/v2\/product_tag?post=109697"}],"curies":[{"name":"wp","href":"https:\/\/api.w.org\/{rel}","templated":true}]}}