{"id":109695,"date":"2026-04-01T10:35:16","date_gmt":"2026-04-01T08:35:16","guid":{"rendered":"https:\/\/zatureczkimarcell.ddns.net\/wordpress\/?post_type=product&#038;p=109695"},"modified":"2026-04-01T10:36:05","modified_gmt":"2026-04-01T08:36:05","slug":"modeka-baali-altalunk-is-tesztelt-termek-videoval","status":"publish","type":"product","link":"https:\/\/zatureczkimarcell.ddns.net\/wordpress\/termek\/modeka-baali-altalunk-is-tesztelt-termek-videoval\/","title":{"rendered":"Modeka Baali-\u00c1ltalunk is tesztelt term\u00e9k! Vide\u00f3val!"},"content":{"rendered":"<p style=\"box-sizing: border-box; margin: 0px 0px 10px; font-family: Roboto, sans-serif; font-size: 16px;\"><strong>R&ouml;vid kialak&iacute;t&aacute;s&uacute;, kiv&aacute;l&oacute; min\u0151s&eacute;g\u0171 kecskeb\u0151rb\u0151l k&eacute;sz&uuml;lt protektoros motoros keszty\u0171. A kecskeb\u0151r keszty\u0171k, m&aacute;r az els\u0151 felv&eacute;telkor is azonnal &eacute;rezhet\u0151en sokkal k&eacute;nyelmesebbek mint a marhab\u0151rb\u0151l k&eacute;sz&uuml;ltek.&nbsp;<\/strong><\/p>\n<p><strong style=\"color: rgb(255, 0, 0);\">Az egyik legnagyobb biztons&aacute;got k&iacute;n&aacute;l&oacute; motoros keszty\u0171! Extra mennyis&eacute;g\u0171 er\u0151s protektorok nem csak a megszokott r&eacute;szeken, hanem a teny&eacute;rr&eacute;szen is.&nbsp;<\/strong><\/p>\n<p><b>A k&eacute;zre felv&eacute;ve azonnal &eacute;rezni a term&eacute;k magas min\u0151s&eacute;g&eacute;t!&nbsp;<\/b><\/p>\n<p><strong>A teny&eacute;rr&eacute;szen&nbsp;<span ms=\"\" trebuchet=\"\">DuPont &trade; KEVLAR &reg; er\u0151s&iacute;t&eacute;ssel.<\/span><\/strong><\/p>\n<p><strong>A csukl&oacute;r&eacute;szn&eacute;l t&eacute;p\u0151z&aacute;rral &aacute;ll&iacute;that&oacute; .<\/strong><\/p>\n<p><strong>El&eacute;rhet\u0151 sz&iacute;nek: Fekete, Fekete-feh&eacute;r<\/strong><\/p>\n<p><strong>M&eacute;retek: 6, 7, 8, 9, 10, 11, 12<\/strong><\/p>\n<p><span style=\"color:#FF0000;\"><strong>Figyelem! Bemutat&oacute; vide&oacute; itt:&nbsp;<a href=\"https:\/\/youtube.com\/shorts\/MzM9INdvtEI?feature=share\">https:\/\/youtube.com\/shorts\/MzM9INdvtEI?feature=share<\/a><\/strong><\/span><\/p>\n<\/p>\n<p style=\"box-sizing: border-box; margin: 0px 0px 10px; font-family: Roboto, sans-serif; font-size: 16px;\">Tov&aacute;bbi term&eacute;ktulajdons&aacute;gok&eacute;rt l&aacute;togasd meg az anyaglexikon men&uuml;pontunkat !<\/p>\n<p style=\"box-sizing: border-box; margin: 0px 0px 10px; font-family: Roboto, sans-serif; font-size: 16px;\"><strong style=\"box-sizing: border-box; max-width: 100%; font-family: Roboto, sans-serif; font-size: 16px;\">Haszn&aacute;lati &eacute;s kezel&eacute;si &uacute;tmutat&oacute; a term&eacute;khez&nbsp;el&eacute;rhet\u0151 ide kattintva:&nbsp;<a href=\"https:\/\/darazsgarazs.hu\/index.php\/termek\/hasznalati-utmutato.1155.html\">https:\/\/darazsgarazs.hu\/index.php\/termek\/hasznalati-utmutato.1155.html<\/a><\/strong><\/p>\n<p><span style=\"color: rgb(255, 0, 0);\"><strong>Figyelem! &Uuml;zlet&uuml;nk munkat&aacute;rsai is haszn&aacute;lj&aacute;k a term&eacute;ket!&nbsp;<\/strong><\/span><\/p>\n<p><span style=\"color: rgb(255, 0, 0);\"><strong>A saj&aacute;t tesztel&eacute;s\u0171 term&eacute;kek men&uuml;pontban olvashatod el szem&eacute;lyes&nbsp;v&eacute;lem&eacute;ny&uuml;ket!&nbsp;<\/strong><\/span><\/p>\n<p><span style=\"color: rgb(255, 0, 0);\"><strong>Kattints ide:&nbsp;<a href=\"https:\/\/darazsgarazs.hu\/index.php\/termek\/baali-es-sahara-short-kesztyuk-tesztje.656.html\">https:\/\/darazsgarazs.hu\/index.php\/termek\/baali-es-sahara-short-kesztyuk-tesztje.656.html<\/a><\/strong><\/span><\/p>\n<p style=\"box-sizing: border-box; margin: 0px 0px 10px; font-family: Roboto, sans-serif; font-size: 16px;\">\n<p>A term&eacute;k haszn&aacute;lat&aacute;hoz aj&aacute;nljuk a MODEKA M&eacute;hviaszos b\u0151r &aacute;pol&oacute; term&eacute;k&eacute;t! A speci&aacute;lis k&eacute;sz&iacute;tm&eacute;ny haszn&aacute;lat&aacute;val a motoros term&eacute;kek megv&eacute;dhet\u0151ek az id\u0151 el\u0151tti elhaszn&aacute;l&oacute;d&aacute;st&oacute;l, es\u0151 ut&aacute;ni sz&aacute;rad&aacute;sn&aacute;l a kirepedez&eacute;st\u0151l!<\/p>\n<p>A Modeka m&eacute;hviaszos term&eacute;k el&eacute;rhet\u0151 az al&aacute;bbi linkre kattintva :<\/p>\n<p><a href=\"http:\/\/darazsgarazs.hu\/termek\/modeka-borapolo-50ml-motoros-ruhazat-apolas-bortisztitas-borruha.378.html\">http:\/\/darazsgarazs.hu\/termek\/modeka-borapolo-50ml-motoros-ruhazat-apolas-bortisztitas-borruha.378.html<\/a><\/p><\/p>\n","protected":false},"excerpt":{"rendered":"<p>R&ouml;vid kialak&iacute;t&aacute;s&uacute;, kiv&aacute;l&oacute; min\u0151s&eacute;g\u0171 kecskeb\u0151rb\u0151l k&eacute;sz&uuml;lt protektoros motoros keszty\u0171. A kecskeb\u0151r keszty\u0171k, m&aacute;r az els\u0151 felv&eacute;telkor is azonnal &eacute;rezhet\u0151en sokkal [&hellip;]<\/p>\n","protected":false},"featured_media":103596,"template":"","meta":{"site-sidebar-layout":"default","site-content-layout":"","ast-site-content-layout":"default","site-content-style":"default","site-sidebar-style":"default","ast-global-header-display":"","ast-banner-title-visibility":"","ast-main-header-display":"","ast-hfb-above-header-display":"","ast-hfb-below-header-display":"","ast-hfb-mobile-header-display":"","site-post-title":"","ast-breadcrumbs-content":"","ast-featured-img":"","footer-sml-layout":"","ast-disable-related-posts":"","theme-transparent-header-meta":"","adv-header-id-meta":"","stick-header-meta":"","header-above-stick-meta":"","header-main-stick-meta":"","header-below-stick-meta":"","astra-migrate-meta-layouts":"default","ast-page-background-enabled":"default","ast-page-background-meta":{"desktop":{"background-color":"var(--ast-global-color-5)","background-image":"","background-repeat":"repeat","background-position":"center center","background-size":"auto","background-attachment":"scroll","background-type":"","background-media":"","overlay-type":"","overlay-color":"","overlay-opacity":"","overlay-gradient":""},"tablet":{"background-color":"","background-image":"","background-repeat":"repeat","background-position":"center center","background-size":"auto","background-attachment":"scroll","background-type":"","background-media":"","overlay-type":"","overlay-color":"","overlay-opacity":"","overlay-gradient":""},"mobile":{"background-color":"","background-image":"","background-repeat":"repeat","background-position":"center center","background-size":"auto","background-attachment":"scroll","background-type":"","background-media":"","overlay-type":"","overlay-color":"","overlay-opacity":"","overlay-gradient":""}},"ast-content-background-meta":{"desktop":{"background-color":"var(--ast-global-color-4)","background-image":"","background-repeat":"repeat","background-position":"center center","background-size":"auto","background-attachment":"scroll","background-type":"","background-media":"","overlay-type":"","overlay-color":"","overlay-opacity":"","overlay-gradient":""},"tablet":{"background-color":"var(--ast-global-color-4)","background-image":"","background-repeat":"repeat","background-position":"center center","background-size":"auto","background-attachment":"scroll","background-type":"","background-media":"","overlay-type":"","overlay-color":"","overlay-opacity":"","overlay-gradient":""},"mobile":{"background-color":"var(--ast-global-color-4)","background-image":"","background-repeat":"repeat","background-position":"center center","background-size":"auto","background-attachment":"scroll","background-type":"","background-media":"","overlay-type":"","overlay-color":"","overlay-opacity":"","overlay-gradient":""}}},"product_brand":[],"product_cat":[143,139],"product_tag":[],"class_list":{"0":"post-109695","1":"product","2":"type-product","3":"status-publish","4":"has-post-thumbnail","6":"product_cat-kesztyuk","7":"product_cat-motoros-ruhazat","8":"desktop-align-left","9":"tablet-align-left","10":"mobile-align-left","12":"first","13":"instock","14":"shipping-taxable","15":"purchasable","16":"product-type-simple"},"jetpack_sharing_enabled":true,"_links":{"self":[{"href":"https:\/\/zatureczkimarcell.ddns.net\/wordpress\/wp-json\/wp\/v2\/product\/109695","targetHints":{"allow":["GET"]}}],"collection":[{"href":"https:\/\/zatureczkimarcell.ddns.net\/wordpress\/wp-json\/wp\/v2\/product"}],"about":[{"href":"https:\/\/zatureczkimarcell.ddns.net\/wordpress\/wp-json\/wp\/v2\/types\/product"}],"wp:featuredmedia":[{"embeddable":true,"href":"https:\/\/zatureczkimarcell.ddns.net\/wordpress\/wp-json\/wp\/v2\/media\/103596"}],"wp:attachment":[{"href":"https:\/\/zatureczkimarcell.ddns.net\/wordpress\/wp-json\/wp\/v2\/media?parent=109695"}],"wp:term":[{"taxonomy":"product_brand","embeddable":true,"href":"https:\/\/zatureczkimarcell.ddns.net\/wordpress\/wp-json\/wp\/v2\/product_brand?post=109695"},{"taxonomy":"product_cat","embeddable":true,"href":"https:\/\/zatureczkimarcell.ddns.net\/wordpress\/wp-json\/wp\/v2\/product_cat?post=109695"},{"taxonomy":"product_tag","embeddable":true,"href":"https:\/\/zatureczkimarcell.ddns.net\/wordpress\/wp-json\/wp\/v2\/product_tag?post=109695"}],"curies":[{"name":"wp","href":"https:\/\/api.w.org\/{rel}","templated":true}]}}