{"id":109689,"date":"2026-04-01T10:35:12","date_gmt":"2026-04-01T08:35:12","guid":{"rendered":"https:\/\/zatureczkimarcell.ddns.net\/wordpress\/?post_type=product&#038;p=109689"},"modified":"2026-04-01T10:35:33","modified_gmt":"2026-04-01T08:35:33","slug":"tacoma-negyszeres-tesztgyoztes-kabat-videoval-sot-altalunk-is-tesztelt","status":"publish","type":"product","link":"https:\/\/zatureczkimarcell.ddns.net\/wordpress\/termek\/tacoma-negyszeres-tesztgyoztes-kabat-videoval-sot-altalunk-is-tesztelt\/","title":{"rendered":"Tacoma n\u00e9gyszeres tesztgy\u0151ztes kab\u00e1t-Vide\u00f3val! S\u0151t ! \u00c1ltalunk is tesztelt !"},"content":{"rendered":"<p style=\"font-size: 16px; box-sizing: border-box; margin: 0px 0px 10px; font-family: Roboto, sans-serif;\"><strong>H&aacute;rom r&eacute;teg\u0171, n&eacute;gy &eacute;vszakos&nbsp;term&eacute;k!&nbsp;<\/strong><\/p>\n<p style=\"font-size: 16px; box-sizing: border-box; margin: 0px 0px 10px; font-family: Roboto, sans-serif;\"><span style=\"color: rgb(255, 0, 0);\"><strong style=\"box-sizing: border-box;\">A N&eacute;met enduro&nbsp; magazin&nbsp;oda&iacute;t&eacute;lte a Tacoma kab&aacute;tnak a Legjobb min\u0151s&eacute;g-legjobb &aacute;r d&iacute;jat!<\/strong><\/span><\/p>\n<p style=\"font-size: 16px; box-sizing: border-box; margin: 0px 0px 10px; font-family: Roboto, sans-serif;\"><span style=\"color: rgb(255, 0, 0);\"><strong style=\"box-sizing: border-box;\">A legjelent\u0151sebb eur&oacute;pai motoros magazinn&aacute;l a Motorrad-n&aacute;l k&eacute;tszeres tersztgy\u0151ztes!&nbsp;<\/strong><\/span><\/p>\n<p style=\"font-size: 16px; box-sizing: border-box; margin: 0px 0px 10px; font-family: Roboto, sans-serif;\"><span style=\"color: rgb(255, 0, 0);\"><strong style=\"box-sizing: border-box;\">A Term&eacute;k&nbsp;tesztet nyert a Motorrad and Reisen magazinn&aacute;l!<\/strong><\/span><\/p>\n<p style=\"font-size: 16px; box-sizing: border-box; margin: 0px 0px 10px; font-family: Roboto, sans-serif;\"><span style=\"color: rgb(255, 0, 0);\"><strong style=\"box-sizing: border-box;\">K&uuml;l&ouml;n eml&iacute;t&eacute;st tettek az &aacute;tlagon fel&uuml;li k&eacute;nyelemr\u0151l .<\/strong><\/span><\/p>\n<p style=\"font-size: 16px; box-sizing: border-box; margin: 0px 0px 10px; font-family: Roboto, sans-serif;\"><span style=\"color: rgb(255, 0, 0);\"><strong style=\"box-sizing: border-box;\">Ez a kab&aacute;t volt a tesztben szerepl\u0151 term&eacute;kek k&ouml;zt a legjobb szell\u0151z&eacute;st biztos&iacute;t&oacute; kab&aacute;t . Ez nem csoda, hiszen a kab&aacute;t nem csak a nyithat&oacute; szell\u0151z\u0151k&ouml;n kereszt&uuml;l, hanem a teljes k&uuml;ls\u0151 r&eacute;sz&eacute;n&nbsp;&aacute;t szell\u0151zik!<\/strong><\/span><\/p>\n<p style=\"font-size: 16px; box-sizing: border-box; margin: 0px 0px 10px; font-family: Roboto, sans-serif;\"><strong style=\"box-sizing: border-box;\"><span segoe=\"\" style=\"box-sizing: border-box; color: rgb(68, 68, 68);\" ui=\"\">Felejtsd el azt amit eddig a motoros ruh&aacute;zatodban &eacute;rezt&eacute;l! Ez a term&eacute;k&nbsp;&uacute;jra&iacute;rja a motoroz&aacute;s &eacute;lm&eacute;ny&eacute;t! A l&eacute;tez\u0151 legk&eacute;nyelmesebb motoros ruh&aacute;zat , &uacute;j fejleszt&eacute;s\u0171 extra er\u0151s szak&iacute;t&oacute;szil&aacute;rds&aacute;g&uacute;, extra k&ouml;nnyed &eacute;s k&eacute;nyelmes !&nbsp;<\/span><br segoe=\"\" style=\"box-sizing: inherit; color: rgb(68, 68, 68);\" ui=\"\" \/><br \/>\n<br segoe=\"\" style=\"box-sizing: inherit; color: rgb(68, 68, 68);\" ui=\"\" \/><br \/>\n<span segoe=\"\" style=\"box-sizing: border-box; color: rgb(68, 68, 68);\" ui=\"\">Ezek nem csup&aacute;n rekl&aacute;m szlogenek &eacute;s katal&oacute;gus adatok, hanem a legismertebb nemzetk&ouml;zi motoros magazinok nagy tapasztalattal b&iacute;r&oacute; munkat&aacute;rsai is tesztgy\u0151ztesk&eacute;nt hozt&aacute;k ki a MODEKA TACOMA szettet !&nbsp;<\/span><br segoe=\"\" style=\"box-sizing: inherit; color: rgb(68, 68, 68);\" ui=\"\" \/><br \/>\n<span segoe=\"\" style=\"box-sizing: border-box; color: rgb(68, 68, 68);\" ui=\"\">Nem egy, hanem 4 magazin is a MODEKA TACOMA szettet tal&aacute;lta a legjobbnak!&nbsp;<\/span><br segoe=\"\" style=\"box-sizing: inherit; color: rgb(68, 68, 68);\" ui=\"\" \/><br \/>\n<span segoe=\"\" style=\"box-sizing: border-box; color: rgb(68, 68, 68);\" ui=\"\">Pl: Tourenfahrer magazin, Enduro Magazin, Motorrad end Reisen , &eacute;s a Motorrad !&nbsp;<\/span><br segoe=\"\" style=\"box-sizing: inherit; color: rgb(68, 68, 68);\" ui=\"\" \/><br \/>\n<br segoe=\"\" style=\"box-sizing: inherit; color: rgb(68, 68, 68);\" ui=\"\" \/><br \/>\n<span segoe=\"\" style=\"box-sizing: border-box; color: rgb(68, 68, 68);\" ui=\"\">Ezen fel&uuml;l, saj&aacute;t magunk is tesztelt&uuml;k a term&eacute;ket a k&aacute;nikul&aacute;b&oacute;l, az Alpok cs&uacute;cs&aacute;n kereszt&uuml;l,&nbsp;<\/span><span style=\"color: rgb(255, 0, 0);\"><span segoe=\"\" style=\"box-sizing: border-box;\" ui=\"\">30 celsius naps&uuml;t&eacute;sben, 0 celsius j&eacute;ges\u0151ben , sz&eacute;lben a szett t&ouml;k&eacute;letes komfortot ny&uacute;jtott! Nem csoda , hiszen n&eacute;gy &eacute;vszakos, h&aacute;rom r&eacute;teg\u0171 motoros ruh&aacute;zatr&oacute;l besz&eacute;l&uuml;nk!&nbsp;<\/span><\/span><\/strong><br segoe=\"\" style=\"box-sizing: inherit; color: rgb(68, 68, 68);\" ui=\"\" \/><br \/>\n<br segoe=\"\" style=\"box-sizing: inherit; color: rgb(68, 68, 68);\" ui=\"\" \/><br \/>\n<strong style=\"box-sizing: border-box;\"><span segoe=\"\" style=\"box-sizing: border-box; color: rgb(68, 68, 68);\" ui=\"\">Minden &uuml;gyfel&uuml;nk aki ezt a term&eacute;ket v&aacute;lasztotta, mosolyogva j&oacute; kedv\u0171en l&eacute;p be a boltba d&iacute;cs&eacute;rve a MODEKA TACOMA szett ny&uacute;jtotta &eacute;lm&eacute;nyt! A Facebook-on is t&ouml;bben visszajeleztek &uuml;zlet&uuml;nk oldal&aacute;n a term&eacute;ket d&iacute;cs&eacute;rve.&nbsp;<\/span><br segoe=\"\" style=\"box-sizing: inherit; color: rgb(68, 68, 68);\" ui=\"\" \/><br \/>\n<span style=\"color: rgb(255, 0, 0);\"><span segoe=\"\" style=\"box-sizing: border-box;\" ui=\"\">Volt olyan v&aacute;s&aacute;rl&oacute; is&nbsp;&nbsp;aki a Gobi sivatagot is megj&aacute;rta a Tacoma szettben.<\/span><\/span><br segoe=\"\" style=\"box-sizing: inherit; color: rgb(68, 68, 68);\" ui=\"\" \/><br \/>\n<br segoe=\"\" style=\"box-sizing: inherit; color: rgb(68, 68, 68);\" ui=\"\" \/><br \/>\n<span segoe=\"\" style=\"box-sizing: border-box; color: rgb(68, 68, 68);\" ui=\"\">A sz&aacute;raz katal&oacute;gus adatok a szem&eacute;lyes &eacute;lm&eacute;nyhez k&eacute;pest elt&ouml;rp&uuml;lnek, de fontosnak tartjuk ezeket is k&ouml;z&ouml;lni:&nbsp;<\/span><\/strong><\/p>\n<p style=\"box-sizing: border-box; margin: 0px 0px 10px; font-family: Roboto, sans-serif; font-size: 16px;\"><strong style=\"box-sizing: border-box;\">Anyaga:<\/strong><\/p>\n<p style=\"box-sizing: border-box; margin: 0px 0px 10px; font-family: Roboto, sans-serif; font-size: 16px;\"><strong style=\"box-sizing: border-box;\">750 D sz&ouml;vet &eacute;s a p&aacute;ratlan k&eacute;nyelmet biztos&iacute;t&oacute; Tactel&reg;<\/strong><\/p>\n<p style=\"box-sizing: border-box; margin: 0px 0px 10px; font-family: Roboto, sans-serif; font-size: 16px;\"><strong style=\"box-sizing: border-box;\">Gondosan megtervezett szell\u0151z\u0151 rendszer.<\/strong><\/p>\n<p style=\"box-sizing: border-box; margin: 0px 0px 10px; font-family: Roboto, sans-serif; font-size: 16px;\"><strong style=\"box-sizing: border-box;\">Airvent szell\u0151ztet\u0151 cipz&aacute;rak.<\/strong><\/p>\n<p style=\"box-sizing: border-box; margin: 0px 0px 10px; font-family: Roboto, sans-serif; font-size: 16px;\"><strong style=\"box-sizing: border-box;\">3M Scotchlite f&eacute;nyvisszaver\u0151 panelek<\/strong><\/p>\n<p style=\"box-sizing: border-box; margin: 0px 0px 10px; font-family: Roboto, sans-serif; font-size: 16px;\"><strong style=\"box-sizing: border-box;\">Kivehet\u0151 Humax&reg; membr&aacute;n: 100% v&iacute;z&aacute;ll&oacute;, 100% sz&eacute;l&aacute;ll&oacute;, l&eacute;legz\u0151 membr&aacute;n<\/strong><\/p>\n<p style=\"box-sizing: border-box; margin: 0px 0px 10px; font-family: Roboto, sans-serif; font-size: 16px;\"><strong style=\"box-sizing: border-box;\">Kivehet\u0151 thermo b&eacute;l&eacute;s<\/strong><\/p>\n<p style=\"box-sizing: border-box; margin: 0px 0px 10px; font-family: Roboto, sans-serif; font-size: 16px;\"><span style=\"color:#FF0000;\"><strong style=\"box-sizing: border-box;\">SAS-TEC &reg; V&aacute;ll &eacute;s k&ouml;ny&ouml;k v&eacute;d\u0151k (LEVEL 2- A legmagasabb v&eacute;delmi szint)<\/strong><\/span><\/p>\n<p style=\"box-sizing: border-box; margin: 0px 0px 10px; font-family: Roboto, sans-serif; font-size: 16px;\"><span style=\"font-size:16px;\"><strong>A k&ouml;ny&ouml;kprotektor helyzete &aacute;ll&iacute;that&oacute;, &iacute;gy mindenki sz&aacute;m&aacute;ra azonnal t&ouml;k&eacute;letes helyen lesz a protektor!&nbsp;<\/strong><\/span><\/p>\n<p style=\"box-sizing: border-box; margin: 0px 0px 10px; font-family: Roboto, sans-serif; font-size: 16px;\"><strong>Gerincprotektor r&eacute;sz&eacute;re kialak&iacute;tott protektorzseb<\/strong><\/p>\n<p style=\"box-sizing: border-box; margin: 0px 0px 10px; font-family: Roboto, sans-serif; font-size: 16px;\"><strong style=\"box-sizing: border-box;\">2 v&iacute;z&aacute;ll&oacute; k&uuml;ls\u0151 zseb, 1 bels\u0151 zseb amely szint&eacute;n v&iacute;z&aacute;ll&oacute;<\/strong><\/p>\n<p style=\"box-sizing: border-box; margin: 0px 0px 10px; font-family: Roboto, sans-serif; font-size: 16px;\"><strong style=\"box-sizing: border-box;\">Nadr&aacute;ggal &ouml;sszezippz&aacute;razhat&oacute;<\/strong><\/p>\n<p style=\"box-sizing: border-box; margin: 0px 0px 10px; font-family: Roboto, sans-serif; font-size: 16px;\"><strong style=\"font-family: Roboto, sans-serif; font-size: 16px; box-sizing: border-box; max-width: 100%;\">-Magas min\u0151s&eacute;g\u0171 YKK cipz&aacute;rral<\/strong><\/p>\n<p style=\"box-sizing: border-box; margin: 0px 0px 10px; font-family: Roboto, sans-serif; font-size: 16px;\"><strong style=\"box-sizing: border-box;\">Saftey biztons&aacute;gi&nbsp; varr&aacute;sok<\/strong><\/p>\n<p style=\"font-size: 16px; box-sizing: border-box; margin: 0px 0px 10px; font-family: Roboto, sans-serif;\"><strong style=\"box-sizing: border-box;\">M&eacute;retek:&nbsp;<\/strong><strong style=\"font-family: Roboto, sans-serif; font-size: 16px;\">Korl&aacute;tozott m&eacute;ret &eacute;s darabsz&aacute;mban el&eacute;rhet\u0151 term&eacute;k&uuml;nk. K&eacute;rj&uuml;k &eacute;rdekl\u0151dj el&eacute;rhet\u0151s&eacute;geinken.&nbsp;<\/strong><\/p>\n<p style=\"font-size: 16px; box-sizing: border-box; margin: 0px 0px 10px; font-family: Roboto, sans-serif;\"><strong style=\"font-family: Roboto, sans-serif; font-size: 16px;\">Figyelem! Az 5XL m&eacute;ret &aacute;ra az alap&aacute;rn&aacute;l 10%-al magasabb.&nbsp;<\/strong><\/p>\n<p style=\"box-sizing: border-box; margin: 0px 0px 10px; font-family: Roboto, sans-serif; font-size: 16px;\"><strong>A kab&aacute;t fels\u0151 zsebeiben a mellkas v&eacute;delm&eacute;t szolg&aacute;l&oacute; &uuml;t&eacute;selnyel\u0151 protektor is elhelyezhet\u0151 !<\/strong><\/p>\n<p style=\"font-size: 13px;\"><span style=\"font-size: 16px;\"><strong>A mellkas v&eacute;delm&eacute;t szolg&aacute;l&oacute; protektorok m&aacute;r 990Ft-t&oacute;l megv&aacute;s&aacute;rolhat&oacute;ak &uuml;zlet&uuml;nkben.&nbsp;<\/strong><\/span><\/p>\n<p><span style=\"color: rgb(255, 0, 0);\"><strong>Figyelem! &Uuml;zlet&uuml;nk munkat&aacute;rsai is haszn&aacute;lj&aacute;k a term&eacute;ket!&nbsp;<\/strong><\/span><\/p>\n<p>Tov&aacute;bbi term&eacute;ktulajdons&aacute;gok&eacute;rt l&aacute;togasd meg az anyaglexikon men&uuml;pontunkat !<\/p>\n<p><strong style=\"font-family: Roboto, sans-serif; font-size: 16px; box-sizing: border-box; max-width: 100%;\">Haszn&aacute;lati &eacute;s kezel&eacute;si &uacute;tmutat&oacute; a term&eacute;khez&nbsp;el&eacute;rhet\u0151 ide kattintva:&nbsp;<a href=\"https:\/\/darazsgarazs.hu\/index.php\/termek\/hasznalati-utmutato.1155.html\">https:\/\/darazsgarazs.hu\/index.php\/termek\/hasznalati-utmutato.1155.html<\/a><\/strong><\/p>\n<div style=\"position:relative;padding-bottom:56.25%;padding-top:30px;height:0;overflow:hidden;\"><iframe loading=\"lazy\" allowfullscreen=\"\" frameborder=\"0\" height=\"360\" src=\"\/\/www.youtube.com\/embed\/GEGPp-_d03Y?rel=0\" style=\"position: absolute;top: 0;left: 0;width: 100%;height: 100%;\" width=\"640\"><\/iframe><\/div>\n<div style=\"position:relative;padding-bottom:56.25%;padding-top:30px;height:0;overflow:hidden;\"><span style=\"font-family: Roboto, sans-serif; font-size: 16px;\">A term&eacute;k rendeltet&eacute;sszer\u0171 haszn&aacute;lat sor&aacute;n&nbsp;speci&aacute;lis mos&oacute;szerrel tiszt&iacute;that&oacute; !&nbsp;A mos&oacute;szer speci&aacute;lisan technikai &ndash; motoros ruh&aacute;zathoz lett fejlesztve,<\/span><span style=\"font-family: Roboto, sans-serif; font-size: 16px;\">haszn&aacute;lat&aacute;val a term&eacute;kek nem csak tiszt&aacute;n tarthat&oacute;ak, de v&aacute;rhat&oacute; haszn&aacute;lati idej&uuml;k is n&ouml;vekszik! &Uuml;zlet&uuml;nkben megv&aacute;s&aacute;rolhat&oacute;ak a mos&oacute;szerek motoros ruh&aacute;zat k&uuml;ls\u0151 r&eacute;sz&eacute;hez &eacute;s a bels\u0151 membr&aacute;nhoz is.&nbsp;<\/span><\/div>\n<div style=\"position:relative;padding-bottom:56.25%;padding-top:30px;height:0;overflow:hidden;\"><\/div>\n<div style=\"position:relative;padding-bottom:56.25%;padding-top:30px;height:0;overflow:hidden;\">\n<p style=\"box-sizing: border-box; margin: 0px 0px 10px; font-family: Roboto, sans-serif; font-size: 16px;\">\n<\/div>\n","protected":false},"excerpt":{"rendered":"<p>H&aacute;rom r&eacute;teg\u0171, n&eacute;gy &eacute;vszakos&nbsp;term&eacute;k!&nbsp; A N&eacute;met enduro&nbsp; magazin&nbsp;oda&iacute;t&eacute;lte a Tacoma kab&aacute;tnak a Legjobb min\u0151s&eacute;g-legjobb &aacute;r d&iacute;jat! A legjelent\u0151sebb eur&oacute;pai motoros [&hellip;]<\/p>\n","protected":false},"featured_media":108838,"template":"","meta":{"site-sidebar-layout":"default","site-content-layout":"","ast-site-content-layout":"default","site-content-style":"default","site-sidebar-style":"default","ast-global-header-display":"","ast-banner-title-visibility":"","ast-main-header-display":"","ast-hfb-above-header-display":"","ast-hfb-below-header-display":"","ast-hfb-mobile-header-display":"","site-post-title":"","ast-breadcrumbs-content":"","ast-featured-img":"","footer-sml-layout":"","ast-disable-related-posts":"","theme-transparent-header-meta":"","adv-header-id-meta":"","stick-header-meta":"","header-above-stick-meta":"","header-main-stick-meta":"","header-below-stick-meta":"","astra-migrate-meta-layouts":"default","ast-page-background-enabled":"default","ast-page-background-meta":{"desktop":{"background-color":"var(--ast-global-color-5)","background-image":"","background-repeat":"repeat","background-position":"center center","background-size":"auto","background-attachment":"scroll","background-type":"","background-media":"","overlay-type":"","overlay-color":"","overlay-opacity":"","overlay-gradient":""},"tablet":{"background-color":"","background-image":"","background-repeat":"repeat","background-position":"center center","background-size":"auto","background-attachment":"scroll","background-type":"","background-media":"","overlay-type":"","overlay-color":"","overlay-opacity":"","overlay-gradient":""},"mobile":{"background-color":"","background-image":"","background-repeat":"repeat","background-position":"center center","background-size":"auto","background-attachment":"scroll","background-type":"","background-media":"","overlay-type":"","overlay-color":"","overlay-opacity":"","overlay-gradient":""}},"ast-content-background-meta":{"desktop":{"background-color":"var(--ast-global-color-4)","background-image":"","background-repeat":"repeat","background-position":"center center","background-size":"auto","background-attachment":"scroll","background-type":"","background-media":"","overlay-type":"","overlay-color":"","overlay-opacity":"","overlay-gradient":""},"tablet":{"background-color":"var(--ast-global-color-4)","background-image":"","background-repeat":"repeat","background-position":"center center","background-size":"auto","background-attachment":"scroll","background-type":"","background-media":"","overlay-type":"","overlay-color":"","overlay-opacity":"","overlay-gradient":""},"mobile":{"background-color":"var(--ast-global-color-4)","background-image":"","background-repeat":"repeat","background-position":"center center","background-size":"auto","background-attachment":"scroll","background-type":"","background-media":"","overlay-type":"","overlay-color":"","overlay-opacity":"","overlay-gradient":""}}},"product_brand":[],"product_cat":[147,139],"product_tag":[],"class_list":{"0":"post-109689","1":"product","2":"type-product","3":"status-publish","4":"has-post-thumbnail","6":"product_cat-kabatok","7":"product_cat-motoros-ruhazat","8":"desktop-align-left","9":"tablet-align-left","10":"mobile-align-left","12":"first","13":"instock","14":"sale","15":"shipping-taxable","16":"purchasable","17":"product-type-simple"},"jetpack_sharing_enabled":true,"_links":{"self":[{"href":"https:\/\/zatureczkimarcell.ddns.net\/wordpress\/wp-json\/wp\/v2\/product\/109689","targetHints":{"allow":["GET"]}}],"collection":[{"href":"https:\/\/zatureczkimarcell.ddns.net\/wordpress\/wp-json\/wp\/v2\/product"}],"about":[{"href":"https:\/\/zatureczkimarcell.ddns.net\/wordpress\/wp-json\/wp\/v2\/types\/product"}],"wp:featuredmedia":[{"embeddable":true,"href":"https:\/\/zatureczkimarcell.ddns.net\/wordpress\/wp-json\/wp\/v2\/media\/108838"}],"wp:attachment":[{"href":"https:\/\/zatureczkimarcell.ddns.net\/wordpress\/wp-json\/wp\/v2\/media?parent=109689"}],"wp:term":[{"taxonomy":"product_brand","embeddable":true,"href":"https:\/\/zatureczkimarcell.ddns.net\/wordpress\/wp-json\/wp\/v2\/product_brand?post=109689"},{"taxonomy":"product_cat","embeddable":true,"href":"https:\/\/zatureczkimarcell.ddns.net\/wordpress\/wp-json\/wp\/v2\/product_cat?post=109689"},{"taxonomy":"product_tag","embeddable":true,"href":"https:\/\/zatureczkimarcell.ddns.net\/wordpress\/wp-json\/wp\/v2\/product_tag?post=109689"}],"curies":[{"name":"wp","href":"https:\/\/api.w.org\/{rel}","templated":true}]}}