{"id":109687,"date":"2026-04-01T10:35:11","date_gmt":"2026-04-01T08:35:11","guid":{"rendered":"https:\/\/zatureczkimarcell.ddns.net\/wordpress\/?post_type=product&#038;p=109687"},"modified":"2026-04-01T10:35:32","modified_gmt":"2026-04-01T08:35:32","slug":"noi-bor-motoros-nadrag","status":"publish","type":"product","link":"https:\/\/zatureczkimarcell.ddns.net\/wordpress\/termek\/noi-bor-motoros-nadrag\/","title":{"rendered":"N\u0151i b\u0151r motoros nadr\u00e1g"},"content":{"rendered":"<p><strong>Egyenes szab&aacute;s&uacute;, puha,&nbsp;b\u0151r motoros nadr&aacute;g h&ouml;lgyek r&eacute;sz&eacute;re.&nbsp;<\/strong><\/p>\n<p><strong>Figyelem! Korl&aacute;tozott darabsz&aacute;mban el&eacute;rhet\u0151 akci&oacute;s term&eacute;k!&nbsp;<\/strong><\/p>\n<p><b>A k&eacute;szleten l&eacute;v\u0151 nadr&aacute;g k&ouml;r&uuml;lbel&uuml;l 40-45kg-os h&ouml;lgy r&eacute;sz&eacute;re lehet megfelel\u0151.&nbsp;<\/b><\/p>\n<\/p>\n<p>A term&eacute;k haszn&aacute;lat&aacute;hoz aj&aacute;nljuk a MODEKA M&eacute;hviaszos b\u0151r &aacute;pol&oacute; term&eacute;k&eacute;t! A speci&aacute;lis k&eacute;sz&iacute;tm&eacute;ny haszn&aacute;lat&aacute;val a motoros term&eacute;kek megv&eacute;dhet\u0151ek az id\u0151 el\u0151tti elhaszn&aacute;l&oacute;d&aacute;st&oacute;l, es\u0151 ut&aacute;ni sz&aacute;rad&aacute;sn&aacute;l a kirepedez&eacute;st\u0151l!<\/p>\n<p>A Modeka m&eacute;hviaszos term&eacute;k el&eacute;rhet\u0151 az al&aacute;bbi linkre kattintva :<\/p>\n<p><a href=\"http:\/\/darazsgarazs.hu\/termek\/modeka-borapolo-50ml-motoros-ruhazat-apolas-bortisztitas-borruha.378.html\">http:\/\/darazsgarazs.hu\/termek\/modeka-borapolo-50ml-motoros-ruhazat-apolas-bortisztitas-borruha.378.html<\/a><\/p>\n<\/p>\n<p><strong style=\"box-sizing: border-box; max-width: 100%; font-family: Roboto, sans-serif; font-size: 16px;\">Haszn&aacute;lati &eacute;s kezel&eacute;si &uacute;tmutat&oacute; a term&eacute;khez&nbsp;el&eacute;rhet\u0151 ide kattintva:&nbsp;<a href=\"https:\/\/darazsgarazs.hu\/index.php\/termek\/hasznalati-utmutato.1155.html\">https:\/\/darazsgarazs.hu\/index.php\/termek\/hasznalati-utmutato.1155.html<\/a><\/strong><\/p><\/p>\n","protected":false},"excerpt":{"rendered":"<p>Egyenes szab&aacute;s&uacute;, puha,&nbsp;b\u0151r motoros nadr&aacute;g h&ouml;lgyek r&eacute;sz&eacute;re.&nbsp; Figyelem! Korl&aacute;tozott darabsz&aacute;mban el&eacute;rhet\u0151 akci&oacute;s term&eacute;k!&nbsp; A k&eacute;szleten l&eacute;v\u0151 nadr&aacute;g k&ouml;r&uuml;lbel&uuml;l 40-45kg-os h&ouml;lgy [&hellip;]<\/p>\n","protected":false},"featured_media":104160,"template":"","meta":{"site-sidebar-layout":"default","site-content-layout":"","ast-site-content-layout":"default","site-content-style":"default","site-sidebar-style":"default","ast-global-header-display":"","ast-banner-title-visibility":"","ast-main-header-display":"","ast-hfb-above-header-display":"","ast-hfb-below-header-display":"","ast-hfb-mobile-header-display":"","site-post-title":"","ast-breadcrumbs-content":"","ast-featured-img":"","footer-sml-layout":"","ast-disable-related-posts":"","theme-transparent-header-meta":"","adv-header-id-meta":"","stick-header-meta":"","header-above-stick-meta":"","header-main-stick-meta":"","header-below-stick-meta":"","astra-migrate-meta-layouts":"default","ast-page-background-enabled":"default","ast-page-background-meta":{"desktop":{"background-color":"var(--ast-global-color-5)","background-image":"","background-repeat":"repeat","background-position":"center center","background-size":"auto","background-attachment":"scroll","background-type":"","background-media":"","overlay-type":"","overlay-color":"","overlay-opacity":"","overlay-gradient":""},"tablet":{"background-color":"","background-image":"","background-repeat":"repeat","background-position":"center center","background-size":"auto","background-attachment":"scroll","background-type":"","background-media":"","overlay-type":"","overlay-color":"","overlay-opacity":"","overlay-gradient":""},"mobile":{"background-color":"","background-image":"","background-repeat":"repeat","background-position":"center center","background-size":"auto","background-attachment":"scroll","background-type":"","background-media":"","overlay-type":"","overlay-color":"","overlay-opacity":"","overlay-gradient":""}},"ast-content-background-meta":{"desktop":{"background-color":"var(--ast-global-color-4)","background-image":"","background-repeat":"repeat","background-position":"center center","background-size":"auto","background-attachment":"scroll","background-type":"","background-media":"","overlay-type":"","overlay-color":"","overlay-opacity":"","overlay-gradient":""},"tablet":{"background-color":"var(--ast-global-color-4)","background-image":"","background-repeat":"repeat","background-position":"center center","background-size":"auto","background-attachment":"scroll","background-type":"","background-media":"","overlay-type":"","overlay-color":"","overlay-opacity":"","overlay-gradient":""},"mobile":{"background-color":"var(--ast-global-color-4)","background-image":"","background-repeat":"repeat","background-position":"center center","background-size":"auto","background-attachment":"scroll","background-type":"","background-media":"","overlay-type":"","overlay-color":"","overlay-opacity":"","overlay-gradient":""}}},"product_brand":[],"product_cat":[139,138,145],"product_tag":[],"class_list":{"0":"post-109687","1":"product","2":"type-product","3":"status-publish","4":"has-post-thumbnail","6":"product_cat-motoros-ruhazat","7":"product_cat-nadragok","8":"product_cat-varosi-stilusu-motoros-ruhazat","9":"desktop-align-left","10":"tablet-align-left","11":"mobile-align-left","13":"first","14":"instock","15":"sale","16":"shipping-taxable","17":"purchasable","18":"product-type-simple"},"jetpack_sharing_enabled":true,"_links":{"self":[{"href":"https:\/\/zatureczkimarcell.ddns.net\/wordpress\/wp-json\/wp\/v2\/product\/109687","targetHints":{"allow":["GET"]}}],"collection":[{"href":"https:\/\/zatureczkimarcell.ddns.net\/wordpress\/wp-json\/wp\/v2\/product"}],"about":[{"href":"https:\/\/zatureczkimarcell.ddns.net\/wordpress\/wp-json\/wp\/v2\/types\/product"}],"wp:featuredmedia":[{"embeddable":true,"href":"https:\/\/zatureczkimarcell.ddns.net\/wordpress\/wp-json\/wp\/v2\/media\/104160"}],"wp:attachment":[{"href":"https:\/\/zatureczkimarcell.ddns.net\/wordpress\/wp-json\/wp\/v2\/media?parent=109687"}],"wp:term":[{"taxonomy":"product_brand","embeddable":true,"href":"https:\/\/zatureczkimarcell.ddns.net\/wordpress\/wp-json\/wp\/v2\/product_brand?post=109687"},{"taxonomy":"product_cat","embeddable":true,"href":"https:\/\/zatureczkimarcell.ddns.net\/wordpress\/wp-json\/wp\/v2\/product_cat?post=109687"},{"taxonomy":"product_tag","embeddable":true,"href":"https:\/\/zatureczkimarcell.ddns.net\/wordpress\/wp-json\/wp\/v2\/product_tag?post=109687"}],"curies":[{"name":"wp","href":"https:\/\/api.w.org\/{rel}","templated":true}]}}