{"id":109675,"date":"2026-04-01T10:35:02","date_gmt":"2026-04-01T08:35:02","guid":{"rendered":"https:\/\/zatureczkimarcell.ddns.net\/wordpress\/?post_type=product&#038;p=109675"},"modified":"2026-04-01T10:35:23","modified_gmt":"2026-04-01T08:35:23","slug":"modeka-freeze-evo-teli-kesztyu-videos-bemutato","status":"publish","type":"product","link":"https:\/\/zatureczkimarcell.ddns.net\/wordpress\/termek\/modeka-freeze-evo-teli-kesztyu-videos-bemutato\/","title":{"rendered":"Modeka freeze evo -t\u00e9li keszty\u0171-Vide\u00f3s bemutat\u00f3"},"content":{"rendered":"<p style=\"box-sizing: border-box; margin: 0px 0px 10px; font-family: Roboto, sans-serif; font-size: 16px; line-height: 22.8571px;\">\n<p style=\"box-sizing: border-box; margin: 0px 0px 10px; font-family: Roboto, sans-serif; font-size: 16px; line-height: 22.8571px;\"><span style=\"color:#FF0000;\"><strong style=\"box-sizing: border-box;\">A Tourenfahrer magazin tesztj&eacute;n kiv&aacute;l&oacute;an szerepelt term&eacute;k!&nbsp;<\/strong><\/span><\/p>\n<p style=\"box-sizing: border-box; margin: 0px 0px 10px; font-family: Roboto, sans-serif; font-size: 16px; line-height: 22.8571px;\"><span style=\"color:#FF0000;\"><strong style=\"box-sizing: border-box;\">A Magazin&nbsp;tesztj&eacute;ben dics&eacute;rt&eacute;k a Freeze evo t&eacute;li keszty\u0171 szigetel&eacute;s&eacute;t &eacute;s kiv&aacute;l&oacute; &aacute;r-&eacute;rt&eacute;k ar&aacute;ny&aacute;t.&nbsp;<\/strong><\/span><\/p>\n<p style=\"box-sizing: border-box; margin: 0px 0px 10px; font-family: Roboto, sans-serif; font-size: 16px; line-height: 22.8571px;\"><strong style=\"box-sizing: border-box;\">R&eacute;szletek:<\/strong><\/p>\n<p style=\"box-sizing: border-box; margin: 0px 0px 10px; font-family: Roboto, sans-serif; font-size: 16px; line-height: 22.8571px;\"><strong style=\"box-sizing: border-box;\">Anyaga kiv&aacute;l&oacute; min\u0151s&eacute;g\u0171 b\u0151r &eacute;s textil kever&eacute;ke<\/strong><\/p>\n<p style=\"box-sizing: border-box; margin: 0px 0px 10px; font-family: Roboto, sans-serif; font-size: 16px; line-height: 22.8571px;\"><strong style=\"box-sizing: border-box;\">Hipora&reg; membr&aacute;n: 100% v&iacute;z&aacute;ll&oacute;, 100% sz&eacute;l&aacute;ll&oacute;, l&eacute;legz\u0151<\/strong><\/p>\n<p style=\"box-sizing: border-box; margin: 0px 0px 10px; font-family: Roboto, sans-serif; font-size: 16px; line-height: 22.8571px;\"><strong style=\"box-sizing: border-box;\">Meleg 3M Thinsulate &trade; b&eacute;l&eacute;s<\/strong><\/p>\n<p style=\"box-sizing: border-box; margin: 0px 0px 10px; font-family: Roboto, sans-serif; font-size: 16px; line-height: 22.8571px;\"><span style=\"color:#FF0000;\"><strong style=\"font-family: Roboto, sans-serif; font-size: 16px; box-sizing: border-box;\"><span style=\"box-sizing: border-box; font-size: 13px;\">M&aacute;r +10 Celsius&nbsp;h\u0151m&eacute;rs&eacute;klett\u0151l&nbsp;lefel&eacute; j&oacute;l haszn&aacute;lhat&oacute; a term&eacute;k, hiszen a menetsz&eacute;l miatt&nbsp; ilyenkor is sz&uuml;ks&eacute;g lehet megfelel\u0151en b&eacute;lelt keszty\u0171re!&nbsp;<\/span><\/strong><\/span><\/p>\n<p style=\"box-sizing: border-box; margin: 0px 0px 10px; font-family: Roboto, sans-serif; font-size: 16px; line-height: 22.8571px;\"><strong style=\"box-sizing: border-box;\">T&eacute;p\u0151z&aacute;ras &aacute;ll&iacute;t&aacute;s a csukl&oacute; &eacute;s a mandzsetta r&eacute;szen.<\/strong><\/p>\n<p style=\"box-sizing: border-box; margin: 0px 0px 10px; font-family: Roboto, sans-serif; font-size: 16px; line-height: 22.8571px;\"><strong style=\"box-sizing: border-box;\">M&eacute;retek: 6-12<\/strong><\/p>\n<p style=\"box-sizing: border-box; margin: 0px 0px 10px; font-family: Roboto, sans-serif; font-size: 16px; line-height: 22.8571px;\"><strong style=\"box-sizing: border-box;\">Sz&iacute;nek: fekete, fekete \/ neon<\/strong><\/p>\n<p style=\"box-sizing: border-box; margin: 0px 0px 10px; font-family: Roboto, sans-serif; font-size: 16px; line-height: 22.8571px;\">Tov&aacute;bbi term&eacute;ktulajdons&aacute;gok&eacute;rt l&aacute;togasd meg az anyaglexikon men&uuml;pontunkat !<\/p>\n<p style=\"box-sizing: border-box; margin: 0px 0px 10px; font-family: Roboto, sans-serif; font-size: 16px; line-height: 22.8571px;\"><strong style=\"box-sizing: border-box; max-width: 100%; font-family: Roboto, sans-serif; font-size: 16px;\">Haszn&aacute;lati &eacute;s kezel&eacute;si &uacute;tmutat&oacute; a term&eacute;khez&nbsp;el&eacute;rhet\u0151 ide kattintva:&nbsp;<a href=\"https:\/\/darazsgarazs.hu\/index.php\/termek\/hasznalati-utmutato.1155.html\">https:\/\/darazsgarazs.hu\/index.php\/termek\/hasznalati-utmutato.1155.html<\/a><\/strong><\/p>\n<p style=\"box-sizing: border-box; margin: 0px 0px 10px; font-family: Roboto, sans-serif; font-size: 16px; line-height: 22.8571px;\">\n<p style=\"box-sizing: border-box; margin: 0px 0px 10px; font-family: Roboto, sans-serif; font-size: 16px; line-height: 22.8571px;\">\n<div style=\"position:relative;padding-bottom:56.25%;padding-top:30px;height:0;overflow:hidden;\">\n<div style=\"position:relative;padding-bottom:56.25%;padding-top:30px;height:0;overflow:hidden;\">\n<div style=\"position:relative;padding-bottom:56.25%;padding-top:30px;height:0;overflow:hidden;\"><iframe loading=\"lazy\" allowfullscreen=\"\" frameborder=\"0\" height=\"360\" src=\"\/\/www.youtube.com\/embed\/SckdjgIQ5wE?rel=0\" style=\"position: absolute;top: 0;left: 0;width: 100%;height: 100%;\" width=\"640\"><\/iframe><\/div>\n<div style=\"position:relative;padding-bottom:56.25%;padding-top:30px;height:0;overflow:hidden;\"><\/div>\n<div style=\"position:relative;padding-bottom:56.25%;padding-top:30px;height:0;overflow:hidden;\"><\/div>\n<div style=\"position:relative;padding-bottom:56.25%;padding-top:30px;height:0;overflow:hidden;\">\n<div style=\"position:relative;padding-bottom:56.25%;padding-top:30px;height:0;overflow:hidden;\"><iframe loading=\"lazy\" allowfullscreen=\"\" frameborder=\"0\" height=\"360\" src=\"\/\/www.youtube.com\/embed\/c32S6pN9fXw?rel=0\" style=\"position: absolute;top: 0;left: 0;width: 100%;height: 100%;\" width=\"640\"><\/iframe><\/div>\n<\/p>\n<\/div>\n<div style=\"position:relative;padding-bottom:56.25%;padding-top:30px;height:0;overflow:hidden;\">\n<div style=\"position:relative;padding-bottom:56.25%;padding-top:30px;height:0;overflow:hidden;\"><iframe loading=\"lazy\" allowfullscreen=\"\" frameborder=\"0\" height=\"360\" src=\"\/\/www.youtube.com\/embed\/c32S6pN9fXw?rel=0\" style=\"position: absolute;top: 0;left: 0;width: 100%;height: 100%;\" width=\"640\"><\/iframe><\/div>\n<\/p>\n<\/div>\n<div style=\"position:relative;padding-bottom:56.25%;padding-top:30px;height:0;overflow:hidden;\">\n<div style=\"position:relative;padding-bottom:56.25%;padding-top:30px;height:0;overflow:hidden;\"><iframe loading=\"lazy\" allowfullscreen=\"\" frameborder=\"0\" height=\"360\" src=\"\/\/www.youtube.com\/embed\/c32S6pN9fXw?rel=0\" style=\"position: absolute;top: 0;left: 0;width: 100%;height: 100%;\" width=\"640\"><\/iframe><\/div>\n<\/p>\n<\/div>\n<div style=\"position:relative;padding-bottom:56.25%;padding-top:30px;height:0;overflow:hidden;\">\n<div style=\"position:relative;padding-bottom:56.25%;padding-top:30px;height:0;overflow:hidden;\"><iframe loading=\"lazy\" allowfullscreen=\"\" frameborder=\"0\" height=\"360\" src=\"\/\/www.youtube.com\/embed\/c32S6pN9fXw?rel=0\" style=\"position: absolute;top: 0;left: 0;width: 100%;height: 100%;\" width=\"640\"><\/iframe><\/div>\n<\/p>\n<\/div>\n<div style=\"position:relative;padding-bottom:56.25%;padding-top:30px;height:0;overflow:hidden;\">\n<p>Minden membr&aacute;nos keszty\u0171ben , legyen sz&oacute; b&aacute;rmelyik gy&aacute;rt&oacute; term&eacute;k&eacute;r\u0151l, a membr&aacute;n egy v&eacute;kony&#8211;a k&eacute;nyelmes visel&eacute;st nem zavar&oacute;&#8211; ragaszt&aacute;ssal van a keszty\u0171ben r&ouml;gz&iacute;tve.<\/p>\n<p>Fontos hogy a membr&aacute;nos keszty\u0171k lev&eacute;telekor a keszty\u0171 ujjait megfogjuk &eacute;s &uacute;gy h&uacute;zzuk ki bel\u0151le a k&eacute;zfejet.<\/p>\n<p>Ellenkez\u0151 esetben el\u0151fordulhat hogy a membr&aacute;nt kih&uacute;zzuk a keszty\u0171b\u0151l.<\/p>\n<p>Ha m&eacute;gis kih&uacute;zza a bels\u0151 r&eacute;szt, fakan&aacute;l szer\u0171 t&aacute;rgyal lehet a legk&ouml;nnyebben visszatolni a hely&eacute;re , fokozott &oacute;vatoss&aacute;ggal.<\/p>\n<p>Ha a keszty\u0171 ujj&aacute;t a lev&eacute;telkor fogjuk, ez nem fordulhat el\u0151.&nbsp;<\/p>\n<\/div>\n<\/div>\n<\/div>\n","protected":false},"excerpt":{"rendered":"<p>A Tourenfahrer magazin tesztj&eacute;n kiv&aacute;l&oacute;an szerepelt term&eacute;k!&nbsp; A Magazin&nbsp;tesztj&eacute;ben dics&eacute;rt&eacute;k a Freeze evo t&eacute;li keszty\u0171 szigetel&eacute;s&eacute;t &eacute;s kiv&aacute;l&oacute; &aacute;r-&eacute;rt&eacute;k ar&aacute;ny&aacute;t.&nbsp; [&hellip;]<\/p>\n","protected":false},"featured_media":108673,"template":"","meta":{"site-sidebar-layout":"default","site-content-layout":"","ast-site-content-layout":"default","site-content-style":"default","site-sidebar-style":"default","ast-global-header-display":"","ast-banner-title-visibility":"","ast-main-header-display":"","ast-hfb-above-header-display":"","ast-hfb-below-header-display":"","ast-hfb-mobile-header-display":"","site-post-title":"","ast-breadcrumbs-content":"","ast-featured-img":"","footer-sml-layout":"","ast-disable-related-posts":"","theme-transparent-header-meta":"","adv-header-id-meta":"","stick-header-meta":"","header-above-stick-meta":"","header-main-stick-meta":"","header-below-stick-meta":"","astra-migrate-meta-layouts":"default","ast-page-background-enabled":"default","ast-page-background-meta":{"desktop":{"background-color":"var(--ast-global-color-5)","background-image":"","background-repeat":"repeat","background-position":"center center","background-size":"auto","background-attachment":"scroll","background-type":"","background-media":"","overlay-type":"","overlay-color":"","overlay-opacity":"","overlay-gradient":""},"tablet":{"background-color":"","background-image":"","background-repeat":"repeat","background-position":"center center","background-size":"auto","background-attachment":"scroll","background-type":"","background-media":"","overlay-type":"","overlay-color":"","overlay-opacity":"","overlay-gradient":""},"mobile":{"background-color":"","background-image":"","background-repeat":"repeat","background-position":"center center","background-size":"auto","background-attachment":"scroll","background-type":"","background-media":"","overlay-type":"","overlay-color":"","overlay-opacity":"","overlay-gradient":""}},"ast-content-background-meta":{"desktop":{"background-color":"var(--ast-global-color-4)","background-image":"","background-repeat":"repeat","background-position":"center center","background-size":"auto","background-attachment":"scroll","background-type":"","background-media":"","overlay-type":"","overlay-color":"","overlay-opacity":"","overlay-gradient":""},"tablet":{"background-color":"var(--ast-global-color-4)","background-image":"","background-repeat":"repeat","background-position":"center center","background-size":"auto","background-attachment":"scroll","background-type":"","background-media":"","overlay-type":"","overlay-color":"","overlay-opacity":"","overlay-gradient":""},"mobile":{"background-color":"var(--ast-global-color-4)","background-image":"","background-repeat":"repeat","background-position":"center center","background-size":"auto","background-attachment":"scroll","background-type":"","background-media":"","overlay-type":"","overlay-color":"","overlay-opacity":"","overlay-gradient":""}}},"product_brand":[],"product_cat":[142,143,139],"product_tag":[],"class_list":{"0":"post-109675","1":"product","2":"type-product","3":"status-publish","4":"has-post-thumbnail","6":"product_cat-hideg-elleni-termekek","7":"product_cat-kesztyuk","8":"product_cat-motoros-ruhazat","9":"desktop-align-left","10":"tablet-align-left","11":"mobile-align-left","13":"first","14":"instock","15":"shipping-taxable","16":"purchasable","17":"product-type-simple"},"jetpack_sharing_enabled":true,"_links":{"self":[{"href":"https:\/\/zatureczkimarcell.ddns.net\/wordpress\/wp-json\/wp\/v2\/product\/109675","targetHints":{"allow":["GET"]}}],"collection":[{"href":"https:\/\/zatureczkimarcell.ddns.net\/wordpress\/wp-json\/wp\/v2\/product"}],"about":[{"href":"https:\/\/zatureczkimarcell.ddns.net\/wordpress\/wp-json\/wp\/v2\/types\/product"}],"wp:featuredmedia":[{"embeddable":true,"href":"https:\/\/zatureczkimarcell.ddns.net\/wordpress\/wp-json\/wp\/v2\/media\/108673"}],"wp:attachment":[{"href":"https:\/\/zatureczkimarcell.ddns.net\/wordpress\/wp-json\/wp\/v2\/media?parent=109675"}],"wp:term":[{"taxonomy":"product_brand","embeddable":true,"href":"https:\/\/zatureczkimarcell.ddns.net\/wordpress\/wp-json\/wp\/v2\/product_brand?post=109675"},{"taxonomy":"product_cat","embeddable":true,"href":"https:\/\/zatureczkimarcell.ddns.net\/wordpress\/wp-json\/wp\/v2\/product_cat?post=109675"},{"taxonomy":"product_tag","embeddable":true,"href":"https:\/\/zatureczkimarcell.ddns.net\/wordpress\/wp-json\/wp\/v2\/product_tag?post=109675"}],"curies":[{"name":"wp","href":"https:\/\/api.w.org\/{rel}","templated":true}]}}