{"id":109671,"date":"2026-04-01T10:34:59","date_gmt":"2026-04-01T08:34:59","guid":{"rendered":"https:\/\/zatureczkimarcell.ddns.net\/wordpress\/?post_type=product&#038;p=109671"},"modified":"2026-04-01T10:35:21","modified_gmt":"2026-04-01T08:35:21","slug":"esonadrag-teli-thermo-altalunk-is-tesztelt-termek-videoval","status":"publish","type":"product","link":"https:\/\/zatureczkimarcell.ddns.net\/wordpress\/termek\/esonadrag-teli-thermo-altalunk-is-tesztelt-termek-videoval\/","title":{"rendered":"Es\u0151nadr\u00e1g t\u00e9li thermo-\u00c1ltalunk is tesztelt term\u00e9k!-VIDE\u00d3VAL"},"content":{"rendered":"<p><span style=\"font-size:16px;\"><strong>Min\u0151s&eacute;gi 100% es\u0151v&eacute;delmet biztos&iacute;t&oacute; thermo bet&eacute;ttel ell&aacute;tott MODEKA, N&eacute;met&nbsp;motoros es\u0151nadr&aacute;g.<\/strong><\/span><\/p>\n<p><span style=\"font-size:16px;\"><strong>A term&eacute;k a zord id\u0151j&aacute;r&aacute;s ellen&nbsp;maxim&aacute;lis v&eacute;delmet biztos&iacute;t. <\/strong><\/span><\/p>\n<p><span style=\"font-size:16px;\"><strong>A k&uuml;ls\u0151 h&eacute;j, az es\u0151nek &eacute;s a sz&eacute;lnek ellen&aacute;ll, a thermo b&eacute;l&eacute;s pedig megakad&aacute;lyozza az als&oacute;test&nbsp;kih\u0171l&eacute;s&eacute;t.&nbsp;<\/strong><\/span><\/p>\n<p><span style=\"font-size:16px;\"><b>El&eacute;rhet\u0151 m&eacute;retek: S, M, L, XL, XXL, 3XL&nbsp;<\/b><\/span><\/p>\n<p><span style=\"font-size:16px;\"><span style=\"box-sizing: border-box; max-width: 100%; color: rgb(0, 0, 0);\"><span style=\"box-sizing: border-box; max-width: 100%;\"><strong style=\"box-sizing: border-box; font-weight: bold; max-width: 100%;\">Azoknak akik nem motoron szeretn&eacute;k haszn&aacute;lni a term&eacute;ket hanem robog&oacute;n, j&oacute; h&iacute;r hogy a robog&oacute;s t&eacute;rdtakar&oacute; haszn&aacute;lata kiv&aacute;lthat&oacute; ezzel a term&eacute;kkel. Sokkal k&ouml;nnyebb benne mozogni, mint a t&eacute;rdtakar&oacute;val.<\/strong><\/span><\/span><\/span><\/p>\n<p style=\"box-sizing: border-box; margin: 0px 0px 10px; max-width: 100%; font-family: Roboto, sans-serif; font-size: 16px;\"><span style=\"box-sizing: border-box; max-width: 100%; color: rgb(0, 0, 0);\"><span style=\"box-sizing: border-box; max-width: 100%;\"><strong style=\"box-sizing: border-box; font-weight: bold; max-width: 100%;\">Fontos tan&aacute;cs, hogy mindig a sz&uuml;ks&eacute;ges ruham&eacute;retn&eacute;l legal&aacute;bb egy sz&aacute;mmal nagyobbat v&aacute;lasszunk a Modeka t&eacute;li es\u0151nadr&aacute;gb&oacute;l, mert a ruh&aacute;nk f&ouml;l&eacute; kell felvegy&uuml;k, ezen fel&uuml;l a mozg&aacute;sunk is k&ouml;nnyedebb lesz &iacute;gy , mint egy fesz&uuml;l\u0151 term&eacute;kben. A fesz&uuml;l&eacute;st &eacute;rdemes a term&eacute;k v&eacute;delm&eacute;ben is elker&uuml;lni, hogy a sz&eacute;l &eacute;s es\u0151z&aacute;r&oacute; membr&aacute;n ne s&eacute;r&uuml;lj&ouml;n, &eacute;s sok&aacute;ig v&eacute;delmet ny&uacute;jtson a nadr&aacute;g visel\u0151j&eacute;nek.<\/strong><\/span><\/span><\/p>\n<p><span style=\"color:#FF0000;\"><span style=\"font-size:16px;\"><strong>A term&eacute;ket &uuml;zlet&uuml;nk munkat&aacute;rsai is haszn&aacute;lj&aacute;k!&nbsp;<\/strong><\/span><\/span><\/p>\n<p><span style=\"font-size:16px;\"><strong><span style=\"color:#FF0000;\">A term&eacute;k tesztje az al&aacute;bbi linkre kattintva &eacute;rhet\u0151 el:<\/span>&nbsp;<a href=\"http:\/\/darazsgarazs.hu\/termek\/modeka-teli-esonadrag-teszt.712.html\">http:\/\/darazsgarazs.hu\/termek\/modeka-teli-esonadrag-teszt.712.html<\/a><\/strong><\/span><\/p>\n<p><span style=\"font-size:16px;\"><strong>A term&eacute;kr\u0151l bemutat&oacute; vide&oacute; l&aacute;that&oacute; itt:&nbsp;<\/strong><\/span><\/p>\n<div style=\"position:relative;padding-bottom:56.25%;padding-top:30px;height:0;overflow:hidden;\"><iframe loading=\"lazy\" allowfullscreen=\"\" frameborder=\"0\" height=\"360\" src=\"\/\/www.youtube.com\/embed\/u24Lx5zt2cs?rel=0\" style=\"position: absolute;top: 0;left: 0;width: 100%;height: 100%;\" width=\"640\"><\/iframe><\/div>\n<p>Tov&aacute;bbi term&eacute;ktulajdons&aacute;gok&eacute;rt l&aacute;togasd meg az anyaglexikon men&uuml;pontunkat !<\/p>\n<p><strong style=\"box-sizing: border-box; max-width: 100%; font-family: Roboto, sans-serif; font-size: 16px;\">Haszn&aacute;lati &eacute;s kezel&eacute;si &uacute;tmutat&oacute; a term&eacute;khez&nbsp;el&eacute;rhet\u0151 ide kattintva:&nbsp;<a href=\"https:\/\/darazsgarazs.hu\/index.php\/termek\/hasznalati-utmutato.1155.html\">https:\/\/darazsgarazs.hu\/index.php\/termek\/hasznalati-utmutato.1155.html<\/a><\/strong><\/p><\/p>\n","protected":false},"excerpt":{"rendered":"<p>Min\u0151s&eacute;gi 100% es\u0151v&eacute;delmet biztos&iacute;t&oacute; thermo bet&eacute;ttel ell&aacute;tott MODEKA, N&eacute;met&nbsp;motoros es\u0151nadr&aacute;g. A term&eacute;k a zord id\u0151j&aacute;r&aacute;s ellen&nbsp;maxim&aacute;lis v&eacute;delmet biztos&iacute;t. A k&uuml;ls\u0151 [&hellip;]<\/p>\n","protected":false},"featured_media":105211,"template":"","meta":{"site-sidebar-layout":"default","site-content-layout":"","ast-site-content-layout":"default","site-content-style":"default","site-sidebar-style":"default","ast-global-header-display":"","ast-banner-title-visibility":"","ast-main-header-display":"","ast-hfb-above-header-display":"","ast-hfb-below-header-display":"","ast-hfb-mobile-header-display":"","site-post-title":"","ast-breadcrumbs-content":"","ast-featured-img":"","footer-sml-layout":"","ast-disable-related-posts":"","theme-transparent-header-meta":"","adv-header-id-meta":"","stick-header-meta":"","header-above-stick-meta":"","header-main-stick-meta":"","header-below-stick-meta":"","astra-migrate-meta-layouts":"default","ast-page-background-enabled":"default","ast-page-background-meta":{"desktop":{"background-color":"var(--ast-global-color-5)","background-image":"","background-repeat":"repeat","background-position":"center center","background-size":"auto","background-attachment":"scroll","background-type":"","background-media":"","overlay-type":"","overlay-color":"","overlay-opacity":"","overlay-gradient":""},"tablet":{"background-color":"","background-image":"","background-repeat":"repeat","background-position":"center center","background-size":"auto","background-attachment":"scroll","background-type":"","background-media":"","overlay-type":"","overlay-color":"","overlay-opacity":"","overlay-gradient":""},"mobile":{"background-color":"","background-image":"","background-repeat":"repeat","background-position":"center center","background-size":"auto","background-attachment":"scroll","background-type":"","background-media":"","overlay-type":"","overlay-color":"","overlay-opacity":"","overlay-gradient":""}},"ast-content-background-meta":{"desktop":{"background-color":"var(--ast-global-color-4)","background-image":"","background-repeat":"repeat","background-position":"center center","background-size":"auto","background-attachment":"scroll","background-type":"","background-media":"","overlay-type":"","overlay-color":"","overlay-opacity":"","overlay-gradient":""},"tablet":{"background-color":"var(--ast-global-color-4)","background-image":"","background-repeat":"repeat","background-position":"center center","background-size":"auto","background-attachment":"scroll","background-type":"","background-media":"","overlay-type":"","overlay-color":"","overlay-opacity":"","overlay-gradient":""},"mobile":{"background-color":"var(--ast-global-color-4)","background-image":"","background-repeat":"repeat","background-position":"center center","background-size":"auto","background-attachment":"scroll","background-type":"","background-media":"","overlay-type":"","overlay-color":"","overlay-opacity":"","overlay-gradient":""}}},"product_brand":[],"product_cat":[149,142,139,138],"product_tag":[],"class_list":{"0":"post-109671","1":"product","2":"type-product","3":"status-publish","4":"has-post-thumbnail","6":"product_cat-eso-ruhazat","7":"product_cat-hideg-elleni-termekek","8":"product_cat-motoros-ruhazat","9":"product_cat-nadragok","10":"desktop-align-left","11":"tablet-align-left","12":"mobile-align-left","14":"first","15":"instock","16":"shipping-taxable","17":"purchasable","18":"product-type-simple"},"jetpack_sharing_enabled":true,"_links":{"self":[{"href":"https:\/\/zatureczkimarcell.ddns.net\/wordpress\/wp-json\/wp\/v2\/product\/109671","targetHints":{"allow":["GET"]}}],"collection":[{"href":"https:\/\/zatureczkimarcell.ddns.net\/wordpress\/wp-json\/wp\/v2\/product"}],"about":[{"href":"https:\/\/zatureczkimarcell.ddns.net\/wordpress\/wp-json\/wp\/v2\/types\/product"}],"wp:featuredmedia":[{"embeddable":true,"href":"https:\/\/zatureczkimarcell.ddns.net\/wordpress\/wp-json\/wp\/v2\/media\/105211"}],"wp:attachment":[{"href":"https:\/\/zatureczkimarcell.ddns.net\/wordpress\/wp-json\/wp\/v2\/media?parent=109671"}],"wp:term":[{"taxonomy":"product_brand","embeddable":true,"href":"https:\/\/zatureczkimarcell.ddns.net\/wordpress\/wp-json\/wp\/v2\/product_brand?post=109671"},{"taxonomy":"product_cat","embeddable":true,"href":"https:\/\/zatureczkimarcell.ddns.net\/wordpress\/wp-json\/wp\/v2\/product_cat?post=109671"},{"taxonomy":"product_tag","embeddable":true,"href":"https:\/\/zatureczkimarcell.ddns.net\/wordpress\/wp-json\/wp\/v2\/product_tag?post=109671"}],"curies":[{"name":"wp","href":"https:\/\/api.w.org\/{rel}","templated":true}]}}