{"id":109670,"date":"2026-04-01T10:34:58","date_gmt":"2026-04-01T08:34:58","guid":{"rendered":"https:\/\/zatureczkimarcell.ddns.net\/wordpress\/?post_type=product&#038;p=109670"},"modified":"2026-04-01T10:35:20","modified_gmt":"2026-04-01T08:35:20","slug":"forcefield-tornado-thermo-szelallo-alaoltozo-kesztyu","status":"publish","type":"product","link":"https:\/\/zatureczkimarcell.ddns.net\/wordpress\/termek\/forcefield-tornado-thermo-szelallo-alaoltozo-kesztyu\/","title":{"rendered":"Forcefield Tornado thermo sz\u00e9l\u00e1ll\u00f3 al\u00e1\u00f6lt\u00f6z\u0151 keszty\u0171"},"content":{"rendered":"<p><span style=\"color:#000000;\"><strong><span open=\"\" sans=\"\" style=\"font-family: \">Motoroz&aacute;s k&ouml;zben kiemelt jelent\u0151s&eacute;ge van a komfort&eacute;rzetnek. Ha menet k&ouml;zben f&aacute;zunk &ndash; m&aacute;rpedig a menetsz&eacute;l egy kellemesnek t\u0171n\u0151 napon is gyorsan &aacute;th\u0171thet -,&nbsp; az nem csak az &eacute;lm&eacute;nyt rontja, hanem elvonja a figyelmet a vezet&eacute;sr\u0151l, lass&iacute;tja a reflexeket. Ez balesetvesz&eacute;lyt is mag&aacute;ban hordoz. A hideg &eacute;s a menetsz&eacute;l elleni v&eacute;dekez&eacute;sk&eacute;nt haszn&aacute;lhatjuk a Forcefield sz&eacute;l&aacute;ll&oacute;, v&iacute;zleperget\u0151 &eacute;s thermo tulajdons&aacute;gokkal b&iacute;r&oacute; term&eacute;kcsal&aacute;dj&aacute;t, a Tornado Advance-t. Motoros keszty\u0171 alatt t&ouml;k&eacute;letesen illeszkedik, k&eacute;nyelmes viselet. Nem engedi hogy a menetsz&eacute;l kih\u0171tse a k&eacute;zfejed, &iacute;gy nem f&aacute;zik majd t&ouml;bb&eacute; a kezed motoroz&aacute;s k&ouml;zben.&nbsp;<\/span><\/strong><\/span><\/p>\n<p><span style=\"font-size:16px;\"><strong>El&eacute;rhet\u0151 m&eacute;retek: S,M, L, XL<\/strong><\/span><\/p>\n<\/p>\n<p><strong style=\"box-sizing: border-box; max-width: 100%; font-family: Roboto, sans-serif; font-size: 16px;\">Haszn&aacute;lati &eacute;s kezel&eacute;si &uacute;tmutat&oacute; a term&eacute;khez&nbsp;el&eacute;rhet\u0151 ide kattintva:&nbsp;<a href=\"https:\/\/darazsgarazs.hu\/index.php\/termek\/hasznalati-utmutato.1155.html\">https:\/\/darazsgarazs.hu\/index.php\/termek\/hasznalati-utmutato.1155.html<\/a><\/strong><\/p>\n","protected":false},"excerpt":{"rendered":"<p>Motoroz&aacute;s k&ouml;zben kiemelt jelent\u0151s&eacute;ge van a komfort&eacute;rzetnek. Ha menet k&ouml;zben f&aacute;zunk &ndash; m&aacute;rpedig a menetsz&eacute;l egy kellemesnek t\u0171n\u0151 napon is [&hellip;]<\/p>\n","protected":false},"featured_media":108428,"template":"","meta":{"site-sidebar-layout":"default","site-content-layout":"","ast-site-content-layout":"default","site-content-style":"default","site-sidebar-style":"default","ast-global-header-display":"","ast-banner-title-visibility":"","ast-main-header-display":"","ast-hfb-above-header-display":"","ast-hfb-below-header-display":"","ast-hfb-mobile-header-display":"","site-post-title":"","ast-breadcrumbs-content":"","ast-featured-img":"","footer-sml-layout":"","ast-disable-related-posts":"","theme-transparent-header-meta":"","adv-header-id-meta":"","stick-header-meta":"","header-above-stick-meta":"","header-main-stick-meta":"","header-below-stick-meta":"","astra-migrate-meta-layouts":"default","ast-page-background-enabled":"default","ast-page-background-meta":{"desktop":{"background-color":"var(--ast-global-color-5)","background-image":"","background-repeat":"repeat","background-position":"center center","background-size":"auto","background-attachment":"scroll","background-type":"","background-media":"","overlay-type":"","overlay-color":"","overlay-opacity":"","overlay-gradient":""},"tablet":{"background-color":"","background-image":"","background-repeat":"repeat","background-position":"center center","background-size":"auto","background-attachment":"scroll","background-type":"","background-media":"","overlay-type":"","overlay-color":"","overlay-opacity":"","overlay-gradient":""},"mobile":{"background-color":"","background-image":"","background-repeat":"repeat","background-position":"center center","background-size":"auto","background-attachment":"scroll","background-type":"","background-media":"","overlay-type":"","overlay-color":"","overlay-opacity":"","overlay-gradient":""}},"ast-content-background-meta":{"desktop":{"background-color":"var(--ast-global-color-4)","background-image":"","background-repeat":"repeat","background-position":"center center","background-size":"auto","background-attachment":"scroll","background-type":"","background-media":"","overlay-type":"","overlay-color":"","overlay-opacity":"","overlay-gradient":""},"tablet":{"background-color":"var(--ast-global-color-4)","background-image":"","background-repeat":"repeat","background-position":"center center","background-size":"auto","background-attachment":"scroll","background-type":"","background-media":"","overlay-type":"","overlay-color":"","overlay-opacity":"","overlay-gradient":""},"mobile":{"background-color":"var(--ast-global-color-4)","background-image":"","background-repeat":"repeat","background-position":"center center","background-size":"auto","background-attachment":"scroll","background-type":"","background-media":"","overlay-type":"","overlay-color":"","overlay-opacity":"","overlay-gradient":""}}},"product_brand":[],"product_cat":[142,140,139],"product_tag":[],"class_list":{"0":"post-109670","1":"product","2":"type-product","3":"status-publish","4":"has-post-thumbnail","6":"product_cat-hideg-elleni-termekek","7":"product_cat-kiegeszitok","8":"product_cat-motoros-ruhazat","9":"desktop-align-left","10":"tablet-align-left","11":"mobile-align-left","13":"first","14":"instock","15":"shipping-taxable","16":"purchasable","17":"product-type-simple"},"jetpack_sharing_enabled":true,"_links":{"self":[{"href":"https:\/\/zatureczkimarcell.ddns.net\/wordpress\/wp-json\/wp\/v2\/product\/109670","targetHints":{"allow":["GET"]}}],"collection":[{"href":"https:\/\/zatureczkimarcell.ddns.net\/wordpress\/wp-json\/wp\/v2\/product"}],"about":[{"href":"https:\/\/zatureczkimarcell.ddns.net\/wordpress\/wp-json\/wp\/v2\/types\/product"}],"wp:featuredmedia":[{"embeddable":true,"href":"https:\/\/zatureczkimarcell.ddns.net\/wordpress\/wp-json\/wp\/v2\/media\/108428"}],"wp:attachment":[{"href":"https:\/\/zatureczkimarcell.ddns.net\/wordpress\/wp-json\/wp\/v2\/media?parent=109670"}],"wp:term":[{"taxonomy":"product_brand","embeddable":true,"href":"https:\/\/zatureczkimarcell.ddns.net\/wordpress\/wp-json\/wp\/v2\/product_brand?post=109670"},{"taxonomy":"product_cat","embeddable":true,"href":"https:\/\/zatureczkimarcell.ddns.net\/wordpress\/wp-json\/wp\/v2\/product_cat?post=109670"},{"taxonomy":"product_tag","embeddable":true,"href":"https:\/\/zatureczkimarcell.ddns.net\/wordpress\/wp-json\/wp\/v2\/product_tag?post=109670"}],"curies":[{"name":"wp","href":"https:\/\/api.w.org\/{rel}","templated":true}]}}