{"id":109660,"date":"2026-04-01T10:34:31","date_gmt":"2026-04-01T08:34:31","guid":{"rendered":"https:\/\/zatureczkimarcell.ddns.net\/wordpress\/?post_type=product&#038;p=109660"},"modified":"2026-04-01T10:34:53","modified_gmt":"2026-04-01T08:34:53","slug":"combtaska-tesztgyoztes-sot-altalunk-is-tesztelt-termek-videoval","status":"publish","type":"product","link":"https:\/\/zatureczkimarcell.ddns.net\/wordpress\/termek\/combtaska-tesztgyoztes-sot-altalunk-is-tesztelt-termek-videoval\/","title":{"rendered":"Combt\u00e1ska- Tesztgy\u0151ztes! S\u0151t! \u00c1ltalunk is tesztelt term\u00e9k!-Vide\u00f3val"},"content":{"rendered":"<p><span style=\"font-size:16px;\"><strong>R&eacute;szletek:<\/strong><\/span><\/p>\n<p><span style=\"font-size:16px;\"><span style=\"color:#FF0000;\"><strong>Motorradfahrer nemzetk&ouml;zi motoros magazin tesztj&eacute;n kiv&aacute;l&oacute;an szerepl\u0151 term&eacute;k!&nbsp;<\/strong><\/span><\/span><\/p>\n<p><span style=\"font-size:16px;\"><span style=\"color:#FF0000;\"><strong>A magazin 10 combt&aacute;sk&aacute;t tesztelt, &eacute;s a MODEKA combt&aacute;sk&aacute;n&aacute;l kiemelte a nagyon j&oacute;l &aacute;tgondolt bels\u0151 pakolhat&oacute;s&aacute;got, illetve k&uuml;l&ouml;n a v&aacute;s&aacute;rl&aacute;si tipp megjel&ouml;l&eacute;st kapta a kimagasl&oacute;an kedvez\u0151 &aacute;r-&eacute;rt&eacute;k ar&aacute;nya miatt!&nbsp;<\/strong><\/span><\/span><\/p>\n<p>\n<span style=\"font-size:16px;\"><strong>&Aacute;ll&iacute;that&oacute; l&aacute;b &eacute;s a der&eacute;k sz&iacute;j&nbsp;<br \/>\nT&aacute;gas f\u0151 rekesz<br \/>\nEls\u0151 zseb<br \/>\nV&iacute;z&aacute;ll&oacute; t&aacute;ska a telefon vagy p&eacute;nz , esetleg iratok elhelyez&eacute;s&eacute;re<br \/>\nF&eacute;nyvisszaver\u0151 bet&eacute;tek<br \/>\nM&eacute;ret: 2 liter<br \/>\nSz&iacute;nek: fekete<\/strong><\/span><\/p>\n<p><strong style=\"box-sizing: border-box; max-width: 100%; font-family: Roboto, sans-serif; font-size: 16px;\">Haszn&aacute;lati &eacute;s kezel&eacute;si &uacute;tmutat&oacute; a term&eacute;khez el&eacute;rhet\u0151 ide kattintva:&nbsp;<a href=\"https:\/\/darazsgarazs.hu\/index.php\/termek\/hasznalati-utmutato-taskak-dobozok.1157.html\">https:\/\/darazsgarazs.hu\/index.php\/termek\/hasznalati-utmutato-taskak-dobozok.1157.html<\/a><\/strong><\/p>\n<p><span style=\"font-size:16px;\"><span style=\"color: rgb(255, 0, 0);\"><strong>Figyelem! &Uuml;zlet&uuml;nk munkat&aacute;rsai is haszn&aacute;lj&aacute;k a term&eacute;ket!&nbsp;<\/strong><\/span><\/span><\/p>\n<p><span style=\"font-size:16px;\"><span style=\"color: rgb(255, 0, 0);\"><strong>A saj&aacute;t tesztel&eacute;s\u0171 term&eacute;kek men&uuml;pontban olvashatod el szem&eacute;lyes&nbsp;v&eacute;lem&eacute;ny&uuml;ket!&nbsp;<\/strong><\/span><\/span><\/p>\n<p><span style=\"font-size:16px;\"><span style=\"color: rgb(255, 0, 0);\"><strong>Kattints ide:&nbsp;<a href=\"http:\/\/darazsgarazs.hu\/tk\/42\/sajat-tesztelesu-termekek\">http:\/\/darazsgarazs.hu\/tk\/42\/sajat-tesztelesu-termekek<\/a><\/strong><\/span><\/span><\/p>\n<\/p>\n<p><span style=\"font-size:16px;\"><strong>N&eacute;zd meg a term&eacute;k\u0151l kisfilm&uuml;nket:&nbsp;<\/strong><\/span><\/p>\n<div style=\"position:relative;padding-bottom:56.25%;padding-top:30px;height:0;overflow:hidden;\"><iframe loading=\"lazy\" allowfullscreen=\"\" frameborder=\"0\" height=\"360\" src=\"\/\/www.youtube.com\/embed\/q3QHDMpgfHU?rel=0\" style=\"position: absolute;top: 0;left: 0;width: 100%;height: 100%;\" width=\"640\"><\/iframe><\/div><\/p>\n","protected":false},"excerpt":{"rendered":"<p>R&eacute;szletek: Motorradfahrer nemzetk&ouml;zi motoros magazin tesztj&eacute;n kiv&aacute;l&oacute;an szerepl\u0151 term&eacute;k!&nbsp; A magazin 10 combt&aacute;sk&aacute;t tesztelt, &eacute;s a MODEKA combt&aacute;sk&aacute;n&aacute;l kiemelte a [&hellip;]<\/p>\n","protected":false},"featured_media":108338,"template":"","meta":{"site-sidebar-layout":"default","site-content-layout":"","ast-site-content-layout":"default","site-content-style":"default","site-sidebar-style":"default","ast-global-header-display":"","ast-banner-title-visibility":"","ast-main-header-display":"","ast-hfb-above-header-display":"","ast-hfb-below-header-display":"","ast-hfb-mobile-header-display":"","site-post-title":"","ast-breadcrumbs-content":"","ast-featured-img":"","footer-sml-layout":"","ast-disable-related-posts":"","theme-transparent-header-meta":"","adv-header-id-meta":"","stick-header-meta":"","header-above-stick-meta":"","header-main-stick-meta":"","header-below-stick-meta":"","astra-migrate-meta-layouts":"default","ast-page-background-enabled":"default","ast-page-background-meta":{"desktop":{"background-color":"var(--ast-global-color-5)","background-image":"","background-repeat":"repeat","background-position":"center center","background-size":"auto","background-attachment":"scroll","background-type":"","background-media":"","overlay-type":"","overlay-color":"","overlay-opacity":"","overlay-gradient":""},"tablet":{"background-color":"","background-image":"","background-repeat":"repeat","background-position":"center center","background-size":"auto","background-attachment":"scroll","background-type":"","background-media":"","overlay-type":"","overlay-color":"","overlay-opacity":"","overlay-gradient":""},"mobile":{"background-color":"","background-image":"","background-repeat":"repeat","background-position":"center center","background-size":"auto","background-attachment":"scroll","background-type":"","background-media":"","overlay-type":"","overlay-color":"","overlay-opacity":"","overlay-gradient":""}},"ast-content-background-meta":{"desktop":{"background-color":"var(--ast-global-color-4)","background-image":"","background-repeat":"repeat","background-position":"center center","background-size":"auto","background-attachment":"scroll","background-type":"","background-media":"","overlay-type":"","overlay-color":"","overlay-opacity":"","overlay-gradient":""},"tablet":{"background-color":"var(--ast-global-color-4)","background-image":"","background-repeat":"repeat","background-position":"center center","background-size":"auto","background-attachment":"scroll","background-type":"","background-media":"","overlay-type":"","overlay-color":"","overlay-opacity":"","overlay-gradient":""},"mobile":{"background-color":"var(--ast-global-color-4)","background-image":"","background-repeat":"repeat","background-position":"center center","background-size":"auto","background-attachment":"scroll","background-type":"","background-media":"","overlay-type":"","overlay-color":"","overlay-opacity":"","overlay-gradient":""}}},"product_brand":[],"product_cat":[134],"product_tag":[],"class_list":{"0":"post-109660","1":"product","2":"type-product","3":"status-publish","4":"has-post-thumbnail","6":"product_cat-taskak-dobozok","7":"desktop-align-left","8":"tablet-align-left","9":"mobile-align-left","11":"first","12":"instock","13":"shipping-taxable","14":"purchasable","15":"product-type-simple"},"jetpack_sharing_enabled":true,"_links":{"self":[{"href":"https:\/\/zatureczkimarcell.ddns.net\/wordpress\/wp-json\/wp\/v2\/product\/109660","targetHints":{"allow":["GET"]}}],"collection":[{"href":"https:\/\/zatureczkimarcell.ddns.net\/wordpress\/wp-json\/wp\/v2\/product"}],"about":[{"href":"https:\/\/zatureczkimarcell.ddns.net\/wordpress\/wp-json\/wp\/v2\/types\/product"}],"wp:featuredmedia":[{"embeddable":true,"href":"https:\/\/zatureczkimarcell.ddns.net\/wordpress\/wp-json\/wp\/v2\/media\/108338"}],"wp:attachment":[{"href":"https:\/\/zatureczkimarcell.ddns.net\/wordpress\/wp-json\/wp\/v2\/media?parent=109660"}],"wp:term":[{"taxonomy":"product_brand","embeddable":true,"href":"https:\/\/zatureczkimarcell.ddns.net\/wordpress\/wp-json\/wp\/v2\/product_brand?post=109660"},{"taxonomy":"product_cat","embeddable":true,"href":"https:\/\/zatureczkimarcell.ddns.net\/wordpress\/wp-json\/wp\/v2\/product_cat?post=109660"},{"taxonomy":"product_tag","embeddable":true,"href":"https:\/\/zatureczkimarcell.ddns.net\/wordpress\/wp-json\/wp\/v2\/product_tag?post=109660"}],"curies":[{"name":"wp","href":"https:\/\/api.w.org\/{rel}","templated":true}]}}