{"id":109658,"date":"2026-04-01T10:34:30","date_gmt":"2026-04-01T08:34:30","guid":{"rendered":"https:\/\/zatureczkimarcell.ddns.net\/wordpress\/?post_type=product&#038;p=109658"},"modified":"2026-04-01T10:34:50","modified_gmt":"2026-04-01T08:34:50","slug":"modeka-tesztgyoztes-gerinc-protektor-level-2-tesztvideoval","status":"publish","type":"product","link":"https:\/\/zatureczkimarcell.ddns.net\/wordpress\/termek\/modeka-tesztgyoztes-gerinc-protektor-level-2-tesztvideoval\/","title":{"rendered":"MODEKA Tesztgy\u0151ztes GERINC PROTEKTOR LEVEL 2! &#8211; Tesztvide\u00f3val !"},"content":{"rendered":"<p style=\"line-height:15.6pt\"><strong><span style=\"font-size: 10pt; font-family: Arial;\">R&eacute;szletek:<\/span><\/strong><span style=\"font-size: 10pt; font-family: Arial;\"><o:p><\/o:p><\/span><\/p>\n<p style=\"line-height:15.6pt\"><span style=\"color:#FF0000;\"><strong>A nemzetk&ouml;zi 2R&auml;der magazin tesztgy\u0151ztes term&eacute;ke!<\/strong><\/span><\/p>\n<p style=\"line-height:15.6pt\"><span style=\"color:#FF0000;\"><strong>A term&eacute;kben tal&aacute;lhat&oacute; kivehet\u0151 protektorr&eacute;sz a Motorrad magazinn&aacute;l &quot;Sehr Gut &quot; min\u0151s&iacute;t&eacute;st kapott.<\/strong><\/span><\/p>\n<div><strong><span style=\"font-size: 13px;\">SAS-TEC&reg; felvehet\u0151 gerincprotektor<\/span><\/strong><\/div>\n<div><span style=\"color:#FF0000;\"><strong><span style=\"font-size: 13px;\">K&ouml;nnyed&eacute;n felvehet\u0151, motoros ruh&aacute;zat alatt &eacute;szrev&eacute;tlen&uuml;l viselhet\u0151.&nbsp; <\/span><\/strong><\/span><\/div>\n<div><span style=\"color:#FF0000;\"><strong><span style=\"font-size: 13px;\">Maxim&aacute;lis k&eacute;nyelemmel tudjuk viselni, mert val&oacute;di 3 dimenzi&oacute;s mozg&aacute;st tesz lehet\u0151v&eacute;, k&ouml;veti a test mozg&aacute;s&aacute;t.&nbsp;&nbsp;<\/span><\/strong><\/span><\/div>\n<div><span style=\"color:#FF0000;\"><strong><span style=\"font-size: 13px;\">Megfelel a legmagasabb Level 2-es v&eacute;delmi szintnek!<\/span><\/strong><\/span><\/div>\n<div><span style=\"color:#FF0000;\"><strong><span style=\"font-size: 13px;\">A LEVEL 2 jelenleg a legmagasabb v&eacute;delmi szint a protektorok ter&uuml;let&eacute;n.&nbsp;&nbsp;<\/span><\/strong><\/span><\/div>\n<div><strong><span style=\"font-size: 13px;\">Elasztikus l&eacute;g&aacute;tereszt\u0151 kialak&iacute;t&aacute;s<\/span><\/strong><\/div>\n<div><strong><span style=\"font-size: 13px;\">&Aacute;ll&iacute;that&oacute; &#8211; testre szabhat&oacute;<\/span><\/strong><\/div>\n<div><strong><span style=\"font-size: 13px;\">Sz&iacute;nek: fekete<\/span><\/strong><\/div>\n<p style=\"line-height:15.6pt\"><b><span style=\"font-size: 10pt; font-family: Arial;\"><strong>M&eacute;retek: S, M, L, XL, 2XL<\/strong><br \/>\n<strong>Sz&iacute;nek: fekete<\/strong><\/span><\/b><\/p>\n<p style=\"line-height:15.6pt\"><strong style=\"font-family: Roboto, sans-serif; font-size: 16px; box-sizing: border-box; max-width: 100%;\">Haszn&aacute;lati &eacute;s kezel&eacute;si &uacute;tmutat&oacute; a term&eacute;khez&nbsp;el&eacute;rhet\u0151 ide kattintva:&nbsp;<a href=\"https:\/\/darazsgarazs.hu\/index.php\/termek\/hasznalati-utmutato-protektorokhoz.1411.html\">https:\/\/darazsgarazs.hu\/index.php\/termek\/hasznalati-utmutato-protektorokhoz.1411.html<\/a><\/strong><\/p>\n<p style=\"line-height:15.6pt\"><b><span style=\"font-size: 10pt; font-family: Arial;\"><strong>A term&eacute;ket mi magunk is letesztelt&uuml;k &eacute;s t&ouml;k&eacute;letesen megv&eacute;dte koll&eacute;g&aacute;nkat!&nbsp;<\/strong><\/span><\/b><\/p>\n<p style=\"line-height:15.6pt\"><b><span style=\"font-size: 10pt; font-family: Arial;\"><strong>A vide&oacute; megtekinthet\u0151 itt:&nbsp;<\/strong><\/span><\/b><\/p>\n<div style=\"position:relative;padding-bottom:56.25%;padding-top:30px;height:0;overflow:hidden;\"><iframe loading=\"lazy\" allowfullscreen=\"\" frameborder=\"0\" height=\"360\" src=\"\/\/www.youtube.com\/embed\/Rh-O5psgj_o?rel=0\" style=\"position: absolute;top: 0;left: 0;width: 100%;height: 100%;\" width=\"640\"><\/iframe><\/div>\n<p style=\"line-height:15.6pt\"><span style=\"font-size: 10pt; font-family: Arial;\"><o:p><\/o:p><\/span><\/p>\n","protected":false},"excerpt":{"rendered":"<p>R&eacute;szletek: A nemzetk&ouml;zi 2R&auml;der magazin tesztgy\u0151ztes term&eacute;ke! A term&eacute;kben tal&aacute;lhat&oacute; kivehet\u0151 protektorr&eacute;sz a Motorrad magazinn&aacute;l &quot;Sehr Gut &quot; min\u0151s&iacute;t&eacute;st kapott. [&hellip;]<\/p>\n","protected":false},"featured_media":108292,"template":"","meta":{"site-sidebar-layout":"default","site-content-layout":"","ast-site-content-layout":"default","site-content-style":"default","site-sidebar-style":"default","ast-global-header-display":"","ast-banner-title-visibility":"","ast-main-header-display":"","ast-hfb-above-header-display":"","ast-hfb-below-header-display":"","ast-hfb-mobile-header-display":"","site-post-title":"","ast-breadcrumbs-content":"","ast-featured-img":"","footer-sml-layout":"","ast-disable-related-posts":"","theme-transparent-header-meta":"","adv-header-id-meta":"","stick-header-meta":"","header-above-stick-meta":"","header-main-stick-meta":"","header-below-stick-meta":"","astra-migrate-meta-layouts":"default","ast-page-background-enabled":"default","ast-page-background-meta":{"desktop":{"background-color":"var(--ast-global-color-5)","background-image":"","background-repeat":"repeat","background-position":"center center","background-size":"auto","background-attachment":"scroll","background-type":"","background-media":"","overlay-type":"","overlay-color":"","overlay-opacity":"","overlay-gradient":""},"tablet":{"background-color":"","background-image":"","background-repeat":"repeat","background-position":"center center","background-size":"auto","background-attachment":"scroll","background-type":"","background-media":"","overlay-type":"","overlay-color":"","overlay-opacity":"","overlay-gradient":""},"mobile":{"background-color":"","background-image":"","background-repeat":"repeat","background-position":"center center","background-size":"auto","background-attachment":"scroll","background-type":"","background-media":"","overlay-type":"","overlay-color":"","overlay-opacity":"","overlay-gradient":""}},"ast-content-background-meta":{"desktop":{"background-color":"var(--ast-global-color-4)","background-image":"","background-repeat":"repeat","background-position":"center center","background-size":"auto","background-attachment":"scroll","background-type":"","background-media":"","overlay-type":"","overlay-color":"","overlay-opacity":"","overlay-gradient":""},"tablet":{"background-color":"var(--ast-global-color-4)","background-image":"","background-repeat":"repeat","background-position":"center center","background-size":"auto","background-attachment":"scroll","background-type":"","background-media":"","overlay-type":"","overlay-color":"","overlay-opacity":"","overlay-gradient":""},"mobile":{"background-color":"var(--ast-global-color-4)","background-image":"","background-repeat":"repeat","background-position":"center center","background-size":"auto","background-attachment":"scroll","background-type":"","background-media":"","overlay-type":"","overlay-color":"","overlay-opacity":"","overlay-gradient":""}}},"product_brand":[],"product_cat":[130],"product_tag":[],"class_list":{"0":"post-109658","1":"product","2":"type-product","3":"status-publish","4":"has-post-thumbnail","6":"product_cat-protektorok","7":"desktop-align-left","8":"tablet-align-left","9":"mobile-align-left","11":"first","12":"instock","13":"shipping-taxable","14":"purchasable","15":"product-type-simple"},"jetpack_sharing_enabled":true,"_links":{"self":[{"href":"https:\/\/zatureczkimarcell.ddns.net\/wordpress\/wp-json\/wp\/v2\/product\/109658","targetHints":{"allow":["GET"]}}],"collection":[{"href":"https:\/\/zatureczkimarcell.ddns.net\/wordpress\/wp-json\/wp\/v2\/product"}],"about":[{"href":"https:\/\/zatureczkimarcell.ddns.net\/wordpress\/wp-json\/wp\/v2\/types\/product"}],"wp:featuredmedia":[{"embeddable":true,"href":"https:\/\/zatureczkimarcell.ddns.net\/wordpress\/wp-json\/wp\/v2\/media\/108292"}],"wp:attachment":[{"href":"https:\/\/zatureczkimarcell.ddns.net\/wordpress\/wp-json\/wp\/v2\/media?parent=109658"}],"wp:term":[{"taxonomy":"product_brand","embeddable":true,"href":"https:\/\/zatureczkimarcell.ddns.net\/wordpress\/wp-json\/wp\/v2\/product_brand?post=109658"},{"taxonomy":"product_cat","embeddable":true,"href":"https:\/\/zatureczkimarcell.ddns.net\/wordpress\/wp-json\/wp\/v2\/product_cat?post=109658"},{"taxonomy":"product_tag","embeddable":true,"href":"https:\/\/zatureczkimarcell.ddns.net\/wordpress\/wp-json\/wp\/v2\/product_tag?post=109658"}],"curies":[{"name":"wp","href":"https:\/\/api.w.org\/{rel}","templated":true}]}}