{"id":109655,"date":"2026-04-01T10:34:27","date_gmt":"2026-04-01T08:34:27","guid":{"rendered":"https:\/\/zatureczkimarcell.ddns.net\/wordpress\/?post_type=product&#038;p=109655"},"modified":"2026-04-01T10:34:48","modified_gmt":"2026-04-01T08:34:48","slug":"kabatba-rakhato-gerincprotektor-level-2-legmagasabb-vedelmi-szint-1-14","status":"publish","type":"product","link":"https:\/\/zatureczkimarcell.ddns.net\/wordpress\/termek\/kabatba-rakhato-gerincprotektor-level-2-legmagasabb-vedelmi-szint-1-14\/","title":{"rendered":"Kab\u00e1tba rakhat\u00f3 gerincprotektor LEVEL 2! Legmagasabb v\u00e9delmi szint! 1\/14"},"content":{"rendered":"<p><strong>SAS Tech kab&aacute;tba rakhat&oacute; gerincv&eacute;d\u0151 &nbsp;<\/strong><\/p>\n<p><strong>Elasztikus protektor kiv&aacute;l&oacute; rezg&eacute;scsillap&iacute;t&oacute; &eacute;rt&eacute;kekkel!<\/strong><\/p>\n<p><strong><span style=\"color:#FF0000;\">LEVEL2-es (Legmagasabb) v&eacute;delmi fokozat!<\/span><br \/>\nAnat&oacute;miailag t&ouml;k&eacute;letesen alkalmazkod&oacute;,visel&eacute;s k&ouml;zben alig &eacute;szrevehet\u0151.<br \/>\nHigh-end technol&oacute;gia a m&eacute;g biztons&aacute;gosabb motoroz&aacute;s&eacute;rt<br \/>\n&nbsp;<br \/>\nJellemz\u0151k:<\/p>\n<p>S&uacute;ly: kb 260 g<br \/>\nM&eacute;retek (Hossz \/Sz&eacute;less&eacute;g \/Vastags&aacute;g): kb 350\/270\/19 mm<br \/>\nA protektor v&eacute;delme &nbsp;nem sz\u0171nik meg egy esetleges behat&aacute;s ut&aacute;n sem, &iacute;gy az tov&aacute;bbra is haszn&aacute;lhat&oacute;.<\/strong><\/p>\n<\/p>\n<p><strong>Koll&eacute;g&aacute;ink is a SAS-TEC protektorokat haszn&aacute;lj&aacute;k! V&eacute;lem&eacute;ny&uuml;ket a saj&aacute;t tesztel&eacute;s\u0171 term&eacute;kek men\u0171pont alatt olvashatod az al&aacute;bbi linkre kattintva :&nbsp;<a href=\"http:\/\/darazsgarazs.hu\/termek\/sas-tec-protektor.825.html\">http:\/\/darazsgarazs.hu\/termek\/sas-tec-protektor.825.html<\/a><\/strong><\/p>\n<\/p>\n<p><strong style=\"font-family: Roboto, sans-serif; font-size: 16px; box-sizing: border-box; max-width: 100%;\">Haszn&aacute;lati &eacute;s kezel&eacute;si &uacute;tmutat&oacute; a term&eacute;khez&nbsp;el&eacute;rhet\u0151 ide kattintva:&nbsp;<a href=\"https:\/\/darazsgarazs.hu\/index.php\/termek\/hasznalati-utmutato-protektorokhoz.1411.html\">https:\/\/darazsgarazs.hu\/index.php\/termek\/hasznalati-utmutato-protektorokhoz.1411.html<\/a><\/strong><\/p>\n","protected":false},"excerpt":{"rendered":"<p>SAS Tech kab&aacute;tba rakhat&oacute; gerincv&eacute;d\u0151 &nbsp; Elasztikus protektor kiv&aacute;l&oacute; rezg&eacute;scsillap&iacute;t&oacute; &eacute;rt&eacute;kekkel! LEVEL2-es (Legmagasabb) v&eacute;delmi fokozat! Anat&oacute;miailag t&ouml;k&eacute;letesen alkalmazkod&oacute;,visel&eacute;s k&ouml;zben alig [&hellip;]<\/p>\n","protected":false},"featured_media":106661,"template":"","meta":{"site-sidebar-layout":"default","site-content-layout":"","ast-site-content-layout":"default","site-content-style":"default","site-sidebar-style":"default","ast-global-header-display":"","ast-banner-title-visibility":"","ast-main-header-display":"","ast-hfb-above-header-display":"","ast-hfb-below-header-display":"","ast-hfb-mobile-header-display":"","site-post-title":"","ast-breadcrumbs-content":"","ast-featured-img":"","footer-sml-layout":"","ast-disable-related-posts":"","theme-transparent-header-meta":"","adv-header-id-meta":"","stick-header-meta":"","header-above-stick-meta":"","header-main-stick-meta":"","header-below-stick-meta":"","astra-migrate-meta-layouts":"default","ast-page-background-enabled":"default","ast-page-background-meta":{"desktop":{"background-color":"var(--ast-global-color-5)","background-image":"","background-repeat":"repeat","background-position":"center center","background-size":"auto","background-attachment":"scroll","background-type":"","background-media":"","overlay-type":"","overlay-color":"","overlay-opacity":"","overlay-gradient":""},"tablet":{"background-color":"","background-image":"","background-repeat":"repeat","background-position":"center center","background-size":"auto","background-attachment":"scroll","background-type":"","background-media":"","overlay-type":"","overlay-color":"","overlay-opacity":"","overlay-gradient":""},"mobile":{"background-color":"","background-image":"","background-repeat":"repeat","background-position":"center center","background-size":"auto","background-attachment":"scroll","background-type":"","background-media":"","overlay-type":"","overlay-color":"","overlay-opacity":"","overlay-gradient":""}},"ast-content-background-meta":{"desktop":{"background-color":"var(--ast-global-color-4)","background-image":"","background-repeat":"repeat","background-position":"center center","background-size":"auto","background-attachment":"scroll","background-type":"","background-media":"","overlay-type":"","overlay-color":"","overlay-opacity":"","overlay-gradient":""},"tablet":{"background-color":"var(--ast-global-color-4)","background-image":"","background-repeat":"repeat","background-position":"center center","background-size":"auto","background-attachment":"scroll","background-type":"","background-media":"","overlay-type":"","overlay-color":"","overlay-opacity":"","overlay-gradient":""},"mobile":{"background-color":"var(--ast-global-color-4)","background-image":"","background-repeat":"repeat","background-position":"center center","background-size":"auto","background-attachment":"scroll","background-type":"","background-media":"","overlay-type":"","overlay-color":"","overlay-opacity":"","overlay-gradient":""}}},"product_brand":[],"product_cat":[130],"product_tag":[],"class_list":{"0":"post-109655","1":"product","2":"type-product","3":"status-publish","4":"has-post-thumbnail","6":"product_cat-protektorok","7":"desktop-align-left","8":"tablet-align-left","9":"mobile-align-left","11":"first","12":"instock","13":"shipping-taxable","14":"purchasable","15":"product-type-simple"},"jetpack_sharing_enabled":true,"_links":{"self":[{"href":"https:\/\/zatureczkimarcell.ddns.net\/wordpress\/wp-json\/wp\/v2\/product\/109655","targetHints":{"allow":["GET"]}}],"collection":[{"href":"https:\/\/zatureczkimarcell.ddns.net\/wordpress\/wp-json\/wp\/v2\/product"}],"about":[{"href":"https:\/\/zatureczkimarcell.ddns.net\/wordpress\/wp-json\/wp\/v2\/types\/product"}],"wp:featuredmedia":[{"embeddable":true,"href":"https:\/\/zatureczkimarcell.ddns.net\/wordpress\/wp-json\/wp\/v2\/media\/106661"}],"wp:attachment":[{"href":"https:\/\/zatureczkimarcell.ddns.net\/wordpress\/wp-json\/wp\/v2\/media?parent=109655"}],"wp:term":[{"taxonomy":"product_brand","embeddable":true,"href":"https:\/\/zatureczkimarcell.ddns.net\/wordpress\/wp-json\/wp\/v2\/product_brand?post=109655"},{"taxonomy":"product_cat","embeddable":true,"href":"https:\/\/zatureczkimarcell.ddns.net\/wordpress\/wp-json\/wp\/v2\/product_cat?post=109655"},{"taxonomy":"product_tag","embeddable":true,"href":"https:\/\/zatureczkimarcell.ddns.net\/wordpress\/wp-json\/wp\/v2\/product_tag?post=109655"}],"curies":[{"name":"wp","href":"https:\/\/api.w.org\/{rel}","templated":true}]}}