{"id":109654,"date":"2026-04-01T10:34:26","date_gmt":"2026-04-01T08:34:26","guid":{"rendered":"https:\/\/zatureczkimarcell.ddns.net\/wordpress\/?post_type=product&#038;p=109654"},"modified":"2026-04-01T10:34:48","modified_gmt":"2026-04-01T08:34:48","slug":"modeka-fuego-motoros-kesztyu-altalunk-is-tesztelt-videoval","status":"publish","type":"product","link":"https:\/\/zatureczkimarcell.ddns.net\/wordpress\/termek\/modeka-fuego-motoros-kesztyu-altalunk-is-tesztelt-videoval\/","title":{"rendered":"Modeka Fuego motoros keszty\u0171-\u00c1ltalunk is tesztelt!-Vide\u00f3val!"},"content":{"rendered":"<p><span style=\"color:#FF0000;\"><strong style=\"color: rgb(0, 0, 0);\"><span style=\"font-family: Roboto, sans-serif; font-size: 16px; line-height: 22.8571px;\">A Felhaszn&aacute;lt magas min\u0151s&eacute;g\u0171 Tactel sz&ouml;vet miatt, az &aacute;tlagn&aacute;l sokkal k&eacute;nyelmesebb motoros keszty\u0171.&nbsp;<\/span><\/strong><\/span><\/p>\n<p><strong>R&eacute;szletek:<br \/>\n<span style=\"color:#FF0000;\">A keszty\u0171 anyaga Tactel&reg; sz&ouml;vet amely p&aacute;ratlan<br \/>\nk&eacute;nyelmet biztos&iacute;t <\/span>&#8211;<br \/>\nA tactel anyag r&eacute;szletesebb le&iacute;r&aacute;sa az anyaglexikon&nbsp;<br \/>\nmen\u0171pont alatt olvashat&oacute;!<br \/>\nAmara er\u0151s&iacute;t&eacute;sek a teny&eacute;r r&eacute;szen csukl&oacute;v&eacute;delem<br \/>\nSchoeller&reg; Keprotec&reg; er\u0151s&iacute;t&eacute;sek<br \/>\nStretch panelek hogy a mozg&aacute;s val&oacute;ban nagyon<br \/>\nk&ouml;nnyed legyen a keszty\u0171ben<br \/>\nF&eacute;nyvisszaver\u0151 panelek<\/strong><\/p>\n<p><strong>M&eacute;retek: 6, 7, 8, 9, 10, 11, 12,13,14<\/strong><\/p>\n<p style=\"font-family: Roboto, sans-serif; font-size: 16px; box-sizing: border-box; margin: 0px 0px 10px;\"><strong>N\u0151i fazonban is : N\u0151i XS, S, M, &eacute;s L m&eacute;retekben&nbsp;<\/strong><\/p>\n<p style=\"font-size: 16px; border: 0px none; margin: 0px 0px 5px; outline: none 0px; padding: 0px; vertical-align: baseline; color: rgb(0, 0, 0); font-family: Arial, Helvetica, sans-serif; line-height: 20px;\"><strong>El&eacute;rhet\u0151 sz&iacute;nek: Fekete, vagy Fekete-vil&aacute;gossz&uuml;rke&nbsp;<\/strong><\/p>\n<p style=\"font-size: 16px; border: 0px none; margin: 0px 0px 5px; outline: none 0px; padding: 0px; vertical-align: baseline; color: rgb(0, 0, 0); font-family: Arial, Helvetica, sans-serif; line-height: 20px;\">\n<p style=\"font-size: 16px; border: 0px none; margin: 0px 0px 5px; outline: none 0px; padding: 0px; vertical-align: baseline; color: rgb(0, 0, 0); font-family: Arial, Helvetica, sans-serif; line-height: 20px;\"><strong>FIGYELEM! Koll&eacute;g&aacute;nk is haszn&aacute;lja a Modeka Fuego keszty\u0171t. V&eacute;lem&eacute;nye honlapunkon a saj&aacute;t tesztel&eacute;s\u0171 term&eacute;kek men&uuml;pontban ide kattintva olvashat&oacute;:&nbsp;<a href=\"https:\/\/darazsgarazs.hu\/index.php\/termek\/modeka-fuego-kesztyu-teszt.1146.html\">https:\/\/darazsgarazs.hu\/index.php\/termek\/modeka-fuego-kesztyu-teszt.1146.html<\/a><\/strong><\/p>\n<p>Tov&aacute;bbi term&eacute;ktulajdons&aacute;gok&eacute;rt l&aacute;togasd<br \/>\nmeg az anyaglexikon men&uuml;pontunkat !<\/p>\n<p><strong style=\"box-sizing: border-box; max-width: 100%; font-family: Roboto, sans-serif; font-size: 16px;\">Haszn&aacute;lati &eacute;s kezel&eacute;si &uacute;tmutat&oacute; a term&eacute;khez&nbsp;el&eacute;rhet\u0151 ide kattintva:&nbsp;<a href=\"https:\/\/darazsgarazs.hu\/index.php\/termek\/hasznalati-utmutato.1155.html\">https:\/\/darazsgarazs.hu\/index.php\/termek\/hasznalati-utmutato.1155.html<\/a><\/strong><\/p>\n<p><strong>A term&eacute;kr\u0151l vide&oacute; megtekinthet\u0151 ide kattintva:&nbsp;<\/strong><\/p>\n<div style=\"position:relative;padding-bottom:56.25%;padding-top:30px;height:0;overflow:hidden;\"><iframe loading=\"lazy\" allowfullscreen=\"\" frameborder=\"0\" height=\"360\" src=\"\/\/www.youtube.com\/embed\/WixS20EY1TY?rel=0\" style=\"position: absolute;top: 0;left: 0;width: 100%;height: 100%;\" width=\"640\"><\/iframe>&nbsp; &nbsp; &nbsp; &nbsp; &nbsp; &nbsp; &nbsp; &nbsp; &nbsp; &nbsp; &nbsp; &nbsp; &nbsp; &nbsp; &nbsp; &nbsp; &nbsp; &nbsp; &nbsp; &nbsp; &nbsp; &nbsp; &nbsp; &nbsp; &nbsp; &nbsp; &nbsp; &nbsp; &nbsp; &nbsp; &nbsp; &nbsp; &nbsp; &nbsp; &nbsp; &nbsp; &nbsp; &nbsp; &nbsp; &nbsp; &nbsp; &nbsp; &nbsp; &nbsp; &nbsp; &nbsp; &nbsp; &nbsp; &nbsp; &nbsp; &nbsp; &nbsp; &nbsp; &nbsp; &nbsp; &nbsp; &nbsp; &nbsp; &nbsp; &nbsp; &nbsp; &nbsp;&nbsp;<\/p>\n<div style=\"position:relative;padding-bottom:56.25%;padding-top:30px;height:0;overflow:hidden;\"><iframe loading=\"lazy\" allowfullscreen=\"\" frameborder=\"0\" height=\"360\" src=\"\/\/www.youtube.com\/embed\/kR-GD15Cb7A?rel=0\" style=\"position: absolute;top: 0;left: 0;width: 100%;height: 100%;\" width=\"640\"><\/iframe><\/div>\n<\/p>\n<\/div>\n","protected":false},"excerpt":{"rendered":"<p>A Felhaszn&aacute;lt magas min\u0151s&eacute;g\u0171 Tactel sz&ouml;vet miatt, az &aacute;tlagn&aacute;l sokkal k&eacute;nyelmesebb motoros keszty\u0171.&nbsp; R&eacute;szletek: A keszty\u0171 anyaga Tactel&reg; sz&ouml;vet amely [&hellip;]<\/p>\n","protected":false},"featured_media":102855,"template":"","meta":{"site-sidebar-layout":"default","site-content-layout":"","ast-site-content-layout":"default","site-content-style":"default","site-sidebar-style":"default","ast-global-header-display":"","ast-banner-title-visibility":"","ast-main-header-display":"","ast-hfb-above-header-display":"","ast-hfb-below-header-display":"","ast-hfb-mobile-header-display":"","site-post-title":"","ast-breadcrumbs-content":"","ast-featured-img":"","footer-sml-layout":"","ast-disable-related-posts":"","theme-transparent-header-meta":"","adv-header-id-meta":"","stick-header-meta":"","header-above-stick-meta":"","header-main-stick-meta":"","header-below-stick-meta":"","astra-migrate-meta-layouts":"default","ast-page-background-enabled":"default","ast-page-background-meta":{"desktop":{"background-color":"var(--ast-global-color-5)","background-image":"","background-repeat":"repeat","background-position":"center center","background-size":"auto","background-attachment":"scroll","background-type":"","background-media":"","overlay-type":"","overlay-color":"","overlay-opacity":"","overlay-gradient":""},"tablet":{"background-color":"","background-image":"","background-repeat":"repeat","background-position":"center center","background-size":"auto","background-attachment":"scroll","background-type":"","background-media":"","overlay-type":"","overlay-color":"","overlay-opacity":"","overlay-gradient":""},"mobile":{"background-color":"","background-image":"","background-repeat":"repeat","background-position":"center center","background-size":"auto","background-attachment":"scroll","background-type":"","background-media":"","overlay-type":"","overlay-color":"","overlay-opacity":"","overlay-gradient":""}},"ast-content-background-meta":{"desktop":{"background-color":"var(--ast-global-color-4)","background-image":"","background-repeat":"repeat","background-position":"center center","background-size":"auto","background-attachment":"scroll","background-type":"","background-media":"","overlay-type":"","overlay-color":"","overlay-opacity":"","overlay-gradient":""},"tablet":{"background-color":"var(--ast-global-color-4)","background-image":"","background-repeat":"repeat","background-position":"center center","background-size":"auto","background-attachment":"scroll","background-type":"","background-media":"","overlay-type":"","overlay-color":"","overlay-opacity":"","overlay-gradient":""},"mobile":{"background-color":"var(--ast-global-color-4)","background-image":"","background-repeat":"repeat","background-position":"center center","background-size":"auto","background-attachment":"scroll","background-type":"","background-media":"","overlay-type":"","overlay-color":"","overlay-opacity":"","overlay-gradient":""}}},"product_brand":[],"product_cat":[143,139,146],"product_tag":[],"class_list":{"0":"post-109654","1":"product","2":"type-product","3":"status-publish","4":"has-post-thumbnail","6":"product_cat-kesztyuk","7":"product_cat-motoros-ruhazat","8":"product_cat-orias-meretu-motoros-ruhazat","9":"desktop-align-left","10":"tablet-align-left","11":"mobile-align-left","13":"first","14":"instock","15":"shipping-taxable","16":"purchasable","17":"product-type-simple"},"jetpack_sharing_enabled":true,"_links":{"self":[{"href":"https:\/\/zatureczkimarcell.ddns.net\/wordpress\/wp-json\/wp\/v2\/product\/109654","targetHints":{"allow":["GET"]}}],"collection":[{"href":"https:\/\/zatureczkimarcell.ddns.net\/wordpress\/wp-json\/wp\/v2\/product"}],"about":[{"href":"https:\/\/zatureczkimarcell.ddns.net\/wordpress\/wp-json\/wp\/v2\/types\/product"}],"wp:featuredmedia":[{"embeddable":true,"href":"https:\/\/zatureczkimarcell.ddns.net\/wordpress\/wp-json\/wp\/v2\/media\/102855"}],"wp:attachment":[{"href":"https:\/\/zatureczkimarcell.ddns.net\/wordpress\/wp-json\/wp\/v2\/media?parent=109654"}],"wp:term":[{"taxonomy":"product_brand","embeddable":true,"href":"https:\/\/zatureczkimarcell.ddns.net\/wordpress\/wp-json\/wp\/v2\/product_brand?post=109654"},{"taxonomy":"product_cat","embeddable":true,"href":"https:\/\/zatureczkimarcell.ddns.net\/wordpress\/wp-json\/wp\/v2\/product_cat?post=109654"},{"taxonomy":"product_tag","embeddable":true,"href":"https:\/\/zatureczkimarcell.ddns.net\/wordpress\/wp-json\/wp\/v2\/product_tag?post=109654"}],"curies":[{"name":"wp","href":"https:\/\/api.w.org\/{rel}","templated":true}]}}