{"id":109651,"date":"2026-04-01T10:34:24","date_gmt":"2026-04-01T08:34:24","guid":{"rendered":"https:\/\/zatureczkimarcell.ddns.net\/wordpress\/?post_type=product&#038;p=109651"},"modified":"2026-04-01T10:34:45","modified_gmt":"2026-04-01T08:34:45","slug":"black-rider-tesztgyoztes-sot-altalunk-is-tesztelt","status":"publish","type":"product","link":"https:\/\/zatureczkimarcell.ddns.net\/wordpress\/termek\/black-rider-tesztgyoztes-sot-altalunk-is-tesztelt\/","title":{"rendered":"Black Rider- Tesztgy\u0151ztes ! S\u0151t! \u00c1ltalunk is tesztelt!"},"content":{"rendered":"<p><span style=\"color:#FF0000;\"><em><strong>*A N&eacute;met Dream Machines magazin aj&aacute;nlott term&eacute;ke!<\/strong><\/em><\/span><\/p>\n<p><span style=\"color:#FF0000;\"><em><strong>A magazin munkat&aacute;rsai a kiv&aacute;l&oacute; megjelen&eacute;sen t&uacute;l, a motoros cip\u0151k k&ouml;z&ouml;tt kimagasl&oacute; v&eacute;delmet emelt&eacute;k ki.&nbsp;<\/strong><\/em><\/span><\/p>\n<p><strong>R&eacute;szletek:<\/strong><\/p>\n<p><strong>Anyaga<span style=\"color:#FF0000;\"> kiv&aacute;l&oacute; min\u0151s&eacute;g\u0171 marhab\u0151r<\/span> speci&aacute;lis bevonattal.<\/strong><\/p>\n<p><strong style=\"font-family: Roboto, sans-serif; font-size: 16px; box-sizing: border-box;\">Mivel a term&eacute;k alapanyaga magas min\u0151s&eacute;g\u0171 eredeti marhab\u0151r, &iacute;gy <span style=\"color:#FF0000;\">sokkal tart&oacute;sabb mint azok a motoros cip\u0151k amelyek sz&ouml;vetb\u0151l k&eacute;sz&uuml;lnek<\/span>!&nbsp;<\/strong><\/p>\n<p><strong>Perfor&aacute;lt b\u0151r panelek a t&ouml;k&eacute;letes szell\u0151z&eacute;s&eacute;rt.<span style=\"color:#FF0000;\"> A legnagyobb k&aacute;nikul&aacute;ban is nagyon&nbsp;j&oacute;l szell\u0151z\u0151 k&eacute;nyelmes motoros l&aacute;bbeli.&nbsp;<\/span><\/strong><\/p>\n<p><strong>Bokav&eacute;delemmel ell&aacute;tva<\/strong><\/p>\n<p><strong>V&aacute;lt&oacute;n&aacute;l &eacute;s a cip\u0151 orr&eacute;sz&eacute;n&nbsp;meger\u0151s&iacute;tve<\/strong><\/p>\n<p><strong>Olaj- &eacute;s &uuml;zemanyag-&aacute;ll&oacute; talp<\/strong><\/p>\n<p><strong>M&eacute;retek: 37-t\u0151l, 47-ig<\/strong><\/p>\n<p>Tov&aacute;bbi term&eacute;ktulajdons&aacute;gok&eacute;rt l&aacute;togasd meg az anyaglexikon men&uuml;pontunkat !<\/p>\n<p>A term&eacute;k haszn&aacute;lat&aacute;hoz aj&aacute;nljuk a MODEKA M&eacute;hviaszos b\u0151r &aacute;pol&oacute; term&eacute;k&eacute;t! A speci&aacute;lis k&eacute;sz&iacute;tm&eacute;ny haszn&aacute;lat&aacute;val a motoros term&eacute;kek megv&eacute;dhet\u0151ek az id\u0151 el\u0151tti elhaszn&aacute;l&oacute;d&aacute;st&oacute;l, es\u0151 ut&aacute;ni sz&aacute;rad&aacute;sn&aacute;l a kirepedez&eacute;st\u0151l!<\/p>\n<p>A Modeka m&eacute;hviaszos term&eacute;k el&eacute;rhet\u0151 az al&aacute;bbi linkre kattintva :<\/p>\n<p><a href=\"http:\/\/darazsgarazs.hu\/termek\/modeka-borapolo-50ml-motoros-ruhazat-apolas-bortisztitas-borruha.378.html\">http:\/\/darazsgarazs.hu\/termek\/modeka-borapolo-50ml-motoros-ruhazat-apolas-bortisztitas-borruha.378.html<\/a><\/p>\n<p><span style=\"color: rgb(255, 0, 0);\"><strong>Figyelem! &Uuml;zlet&uuml;nk munkat&aacute;rsai is haszn&aacute;lj&aacute;k a term&eacute;ket!&nbsp;<\/strong><\/span><\/p>\n<p><span style=\"color: rgb(255, 0, 0);\"><strong>A saj&aacute;t tesztel&eacute;s\u0171 term&eacute;kek men&uuml;pontban olvashatod el szem&eacute;lyes&nbsp;v&eacute;lem&eacute;ny&uuml;ket!&nbsp;<\/strong><\/span><\/p>\n<p><span style=\"color: rgb(255, 0, 0);\"><strong>Kattints ide:&nbsp;<a href=\"http:\/\/darazsgarazs.hu\/tk\/42\/sajat-tesztelesu-termekek\">http:\/\/darazsgarazs.hu\/tk\/42\/sajat-tesztelesu-termekek<\/a><\/strong><\/span><\/p>\n<\/p>\n<p><strong style=\"box-sizing: border-box; max-width: 100%; font-family: Roboto, sans-serif; font-size: 16px;\">Haszn&aacute;lati &eacute;s kezel&eacute;si &uacute;tmutat&oacute; a term&eacute;khez&nbsp;el&eacute;rhet\u0151 ide kattintva:&nbsp;<a href=\"https:\/\/darazsgarazs.hu\/index.php\/termek\/hasznalati-utmutato.1155.html\">https:\/\/darazsgarazs.hu\/index.php\/termek\/hasznalati-utmutato.1155.html<\/a><\/strong><\/p><\/p>\n","protected":false},"excerpt":{"rendered":"<p>*A N&eacute;met Dream Machines magazin aj&aacute;nlott term&eacute;ke! A magazin munkat&aacute;rsai a kiv&aacute;l&oacute; megjelen&eacute;sen t&uacute;l, a motoros cip\u0151k k&ouml;z&ouml;tt kimagasl&oacute; v&eacute;delmet [&hellip;]<\/p>\n","protected":false},"featured_media":107098,"template":"","meta":{"site-sidebar-layout":"default","site-content-layout":"","ast-site-content-layout":"default","site-content-style":"default","site-sidebar-style":"default","ast-global-header-display":"","ast-banner-title-visibility":"","ast-main-header-display":"","ast-hfb-above-header-display":"","ast-hfb-below-header-display":"","ast-hfb-mobile-header-display":"","site-post-title":"","ast-breadcrumbs-content":"","ast-featured-img":"","footer-sml-layout":"","ast-disable-related-posts":"","theme-transparent-header-meta":"","adv-header-id-meta":"","stick-header-meta":"","header-above-stick-meta":"","header-main-stick-meta":"","header-below-stick-meta":"","astra-migrate-meta-layouts":"default","ast-page-background-enabled":"default","ast-page-background-meta":{"desktop":{"background-color":"var(--ast-global-color-5)","background-image":"","background-repeat":"repeat","background-position":"center center","background-size":"auto","background-attachment":"scroll","background-type":"","background-media":"","overlay-type":"","overlay-color":"","overlay-opacity":"","overlay-gradient":""},"tablet":{"background-color":"","background-image":"","background-repeat":"repeat","background-position":"center center","background-size":"auto","background-attachment":"scroll","background-type":"","background-media":"","overlay-type":"","overlay-color":"","overlay-opacity":"","overlay-gradient":""},"mobile":{"background-color":"","background-image":"","background-repeat":"repeat","background-position":"center center","background-size":"auto","background-attachment":"scroll","background-type":"","background-media":"","overlay-type":"","overlay-color":"","overlay-opacity":"","overlay-gradient":""}},"ast-content-background-meta":{"desktop":{"background-color":"var(--ast-global-color-4)","background-image":"","background-repeat":"repeat","background-position":"center center","background-size":"auto","background-attachment":"scroll","background-type":"","background-media":"","overlay-type":"","overlay-color":"","overlay-opacity":"","overlay-gradient":""},"tablet":{"background-color":"var(--ast-global-color-4)","background-image":"","background-repeat":"repeat","background-position":"center center","background-size":"auto","background-attachment":"scroll","background-type":"","background-media":"","overlay-type":"","overlay-color":"","overlay-opacity":"","overlay-gradient":""},"mobile":{"background-color":"var(--ast-global-color-4)","background-image":"","background-repeat":"repeat","background-position":"center center","background-size":"auto","background-attachment":"scroll","background-type":"","background-media":"","overlay-type":"","overlay-color":"","overlay-opacity":"","overlay-gradient":""}}},"product_brand":[],"product_cat":[148,139,146,145],"product_tag":[],"class_list":{"0":"post-109651","1":"product","2":"type-product","3":"status-publish","4":"has-post-thumbnail","6":"product_cat-cipok-csizmak","7":"product_cat-motoros-ruhazat","8":"product_cat-orias-meretu-motoros-ruhazat","9":"product_cat-varosi-stilusu-motoros-ruhazat","10":"desktop-align-left","11":"tablet-align-left","12":"mobile-align-left","14":"first","15":"instock","16":"shipping-taxable","17":"purchasable","18":"product-type-simple"},"jetpack_sharing_enabled":true,"_links":{"self":[{"href":"https:\/\/zatureczkimarcell.ddns.net\/wordpress\/wp-json\/wp\/v2\/product\/109651","targetHints":{"allow":["GET"]}}],"collection":[{"href":"https:\/\/zatureczkimarcell.ddns.net\/wordpress\/wp-json\/wp\/v2\/product"}],"about":[{"href":"https:\/\/zatureczkimarcell.ddns.net\/wordpress\/wp-json\/wp\/v2\/types\/product"}],"wp:featuredmedia":[{"embeddable":true,"href":"https:\/\/zatureczkimarcell.ddns.net\/wordpress\/wp-json\/wp\/v2\/media\/107098"}],"wp:attachment":[{"href":"https:\/\/zatureczkimarcell.ddns.net\/wordpress\/wp-json\/wp\/v2\/media?parent=109651"}],"wp:term":[{"taxonomy":"product_brand","embeddable":true,"href":"https:\/\/zatureczkimarcell.ddns.net\/wordpress\/wp-json\/wp\/v2\/product_brand?post=109651"},{"taxonomy":"product_cat","embeddable":true,"href":"https:\/\/zatureczkimarcell.ddns.net\/wordpress\/wp-json\/wp\/v2\/product_cat?post=109651"},{"taxonomy":"product_tag","embeddable":true,"href":"https:\/\/zatureczkimarcell.ddns.net\/wordpress\/wp-json\/wp\/v2\/product_tag?post=109651"}],"curies":[{"name":"wp","href":"https:\/\/api.w.org\/{rel}","templated":true}]}}