{"id":109648,"date":"2026-04-01T10:34:21","date_gmt":"2026-04-01T08:34:21","guid":{"rendered":"https:\/\/zatureczkimarcell.ddns.net\/wordpress\/?post_type=product&#038;p=109648"},"modified":"2026-04-01T10:34:43","modified_gmt":"2026-04-01T08:34:43","slug":"modeka-gobi-traveller-kesztyu-tesztgyoztes-termek","status":"publish","type":"product","link":"https:\/\/zatureczkimarcell.ddns.net\/wordpress\/termek\/modeka-gobi-traveller-kesztyu-tesztgyoztes-termek\/","title":{"rendered":"Modeka Gobi traveller keszty\u0171-Tesztgy\u0151ztes term\u00e9k!"},"content":{"rendered":"<p><span style=\"color:#FF0000;\"><strong>Figyelem ! A Dream Machine nemzetk&ouml;zi motoros magazin tesztj&eacute;n kiv&aacute;l&oacute;an szerepl\u0151 term&eacute;k!&nbsp;<\/strong><\/span><\/p>\n<p><strong style=\"box-sizing: border-box;\">R&eacute;szletek:<\/strong><\/p>\n<p style=\"font-family: Roboto, sans-serif; font-size: 16px; box-sizing: border-box; margin: 0px 0px 10px;\"><br style=\"box-sizing: border-box;\" \/><br \/>\n<strong style=\"box-sizing: border-box;\">Min\u0151s&eacute;gi marhab\u0151r anilin&nbsp;meger\u0151s&iacute;t&eacute;sekkel&nbsp;a teny&eacute;ren<br style=\"box-sizing: border-box;\" \/><br \/>\nKiv&aacute;l&oacute;&nbsp;szell\u0151z&eacute;s a sz&ouml;vet r&eacute;szeknek &eacute;s az &uacute;jjakon tal&aacute;lhat&oacute; szell\u0151z\u0151knek k&ouml;sz&ouml;nhet\u0151en.&nbsp;<br style=\"box-sizing: border-box;\" \/><br \/>\nCsukl&oacute; v&eacute;delem &eacute;s kem&eacute;ny protektorok a k&eacute;zfejen, meger\u0151s&iacute;t&eacute;sek &eacute;s dupla biztons&aacute;gi varr&aacute;s az ig&eacute;nybevett r&eacute;szeken.&nbsp;<br style=\"box-sizing: border-box;\" \/><br \/>\nT&eacute;p\u0151z&aacute;ras &aacute;ll&iacute;t&aacute;s a csukl&oacute;n&aacute;l, &eacute;s mandzsetta r&eacute;szen.<\/strong><\/p>\n<p style=\"font-family: Roboto, sans-serif; font-size: 16px; box-sizing: border-box; margin: 0px 0px 10px;\"><strong>M&eacute;retek: 6, 7, 8, 9, 10, 11, 12. 13<\/strong><\/p>\n<p style=\"font-family: Roboto, sans-serif; font-size: 16px; box-sizing: border-box; margin: 0px 0px 10px;\">\n<p>Tov&aacute;bbi term&eacute;ktulajdons&aacute;gok&eacute;rt l&aacute;togasd meg az anyaglexikon men&uuml;pontunkat !<\/p>\n<p>A term&eacute;k haszn&aacute;lat&aacute;hoz aj&aacute;nljuk a MODEKA M&eacute;hviaszos b\u0151r &aacute;pol&oacute; term&eacute;k&eacute;t! A speci&aacute;lis k&eacute;sz&iacute;tm&eacute;ny haszn&aacute;lat&aacute;val a motoros term&eacute;kek megv&eacute;dhet\u0151ek az id\u0151 el\u0151tti elhaszn&aacute;l&oacute;d&aacute;st&oacute;l, es\u0151 ut&aacute;ni sz&aacute;rad&aacute;sn&aacute;l a kirepedez&eacute;st\u0151l!<\/p>\n<p>A Modeka m&eacute;hviaszos term&eacute;k el&eacute;rhet\u0151 az al&aacute;bbi linkre kattintva :<\/p>\n<p><a href=\"http:\/\/darazsgarazs.hu\/termek\/modeka-borapolo-50ml-motoros-ruhazat-apolas-bortisztitas-borruha.378.html\">http:\/\/darazsgarazs.hu\/termek\/modeka-borapolo-50ml-motoros-ruhazat-apolas-bortisztitas-borruha.378.html<\/a><\/p>\n<\/p>\n<p><strong style=\"box-sizing: border-box; max-width: 100%; font-family: Roboto, sans-serif; font-size: 16px;\">Haszn&aacute;lati &eacute;s kezel&eacute;si &uacute;tmutat&oacute; a term&eacute;khez&nbsp;el&eacute;rhet\u0151 ide kattintva:&nbsp;<a href=\"https:\/\/darazsgarazs.hu\/index.php\/termek\/hasznalati-utmutato.1155.html\">https:\/\/darazsgarazs.hu\/index.php\/termek\/hasznalati-utmutato.1155.html<\/a><\/strong><\/p>\n","protected":false},"excerpt":{"rendered":"<p>Figyelem ! A Dream Machine nemzetk&ouml;zi motoros magazin tesztj&eacute;n kiv&aacute;l&oacute;an szerepl\u0151 term&eacute;k!&nbsp; R&eacute;szletek: Min\u0151s&eacute;gi marhab\u0151r anilin&nbsp;meger\u0151s&iacute;t&eacute;sekkel&nbsp;a teny&eacute;ren Kiv&aacute;l&oacute;&nbsp;szell\u0151z&eacute;s a sz&ouml;vet [&hellip;]<\/p>\n","protected":false},"featured_media":106397,"template":"","meta":{"site-sidebar-layout":"default","site-content-layout":"","ast-site-content-layout":"default","site-content-style":"default","site-sidebar-style":"default","ast-global-header-display":"","ast-banner-title-visibility":"","ast-main-header-display":"","ast-hfb-above-header-display":"","ast-hfb-below-header-display":"","ast-hfb-mobile-header-display":"","site-post-title":"","ast-breadcrumbs-content":"","ast-featured-img":"","footer-sml-layout":"","ast-disable-related-posts":"","theme-transparent-header-meta":"","adv-header-id-meta":"","stick-header-meta":"","header-above-stick-meta":"","header-main-stick-meta":"","header-below-stick-meta":"","astra-migrate-meta-layouts":"default","ast-page-background-enabled":"default","ast-page-background-meta":{"desktop":{"background-color":"var(--ast-global-color-5)","background-image":"","background-repeat":"repeat","background-position":"center center","background-size":"auto","background-attachment":"scroll","background-type":"","background-media":"","overlay-type":"","overlay-color":"","overlay-opacity":"","overlay-gradient":""},"tablet":{"background-color":"","background-image":"","background-repeat":"repeat","background-position":"center center","background-size":"auto","background-attachment":"scroll","background-type":"","background-media":"","overlay-type":"","overlay-color":"","overlay-opacity":"","overlay-gradient":""},"mobile":{"background-color":"","background-image":"","background-repeat":"repeat","background-position":"center center","background-size":"auto","background-attachment":"scroll","background-type":"","background-media":"","overlay-type":"","overlay-color":"","overlay-opacity":"","overlay-gradient":""}},"ast-content-background-meta":{"desktop":{"background-color":"var(--ast-global-color-4)","background-image":"","background-repeat":"repeat","background-position":"center center","background-size":"auto","background-attachment":"scroll","background-type":"","background-media":"","overlay-type":"","overlay-color":"","overlay-opacity":"","overlay-gradient":""},"tablet":{"background-color":"var(--ast-global-color-4)","background-image":"","background-repeat":"repeat","background-position":"center center","background-size":"auto","background-attachment":"scroll","background-type":"","background-media":"","overlay-type":"","overlay-color":"","overlay-opacity":"","overlay-gradient":""},"mobile":{"background-color":"var(--ast-global-color-4)","background-image":"","background-repeat":"repeat","background-position":"center center","background-size":"auto","background-attachment":"scroll","background-type":"","background-media":"","overlay-type":"","overlay-color":"","overlay-opacity":"","overlay-gradient":""}}},"product_brand":[],"product_cat":[143,139,146],"product_tag":[],"class_list":{"0":"post-109648","1":"product","2":"type-product","3":"status-publish","4":"has-post-thumbnail","6":"product_cat-kesztyuk","7":"product_cat-motoros-ruhazat","8":"product_cat-orias-meretu-motoros-ruhazat","9":"desktop-align-left","10":"tablet-align-left","11":"mobile-align-left","13":"first","14":"instock","15":"shipping-taxable","16":"purchasable","17":"product-type-simple"},"jetpack_sharing_enabled":true,"_links":{"self":[{"href":"https:\/\/zatureczkimarcell.ddns.net\/wordpress\/wp-json\/wp\/v2\/product\/109648","targetHints":{"allow":["GET"]}}],"collection":[{"href":"https:\/\/zatureczkimarcell.ddns.net\/wordpress\/wp-json\/wp\/v2\/product"}],"about":[{"href":"https:\/\/zatureczkimarcell.ddns.net\/wordpress\/wp-json\/wp\/v2\/types\/product"}],"wp:featuredmedia":[{"embeddable":true,"href":"https:\/\/zatureczkimarcell.ddns.net\/wordpress\/wp-json\/wp\/v2\/media\/106397"}],"wp:attachment":[{"href":"https:\/\/zatureczkimarcell.ddns.net\/wordpress\/wp-json\/wp\/v2\/media?parent=109648"}],"wp:term":[{"taxonomy":"product_brand","embeddable":true,"href":"https:\/\/zatureczkimarcell.ddns.net\/wordpress\/wp-json\/wp\/v2\/product_brand?post=109648"},{"taxonomy":"product_cat","embeddable":true,"href":"https:\/\/zatureczkimarcell.ddns.net\/wordpress\/wp-json\/wp\/v2\/product_cat?post=109648"},{"taxonomy":"product_tag","embeddable":true,"href":"https:\/\/zatureczkimarcell.ddns.net\/wordpress\/wp-json\/wp\/v2\/product_tag?post=109648"}],"curies":[{"name":"wp","href":"https:\/\/api.w.org\/{rel}","templated":true}]}}