{"id":109644,"date":"2026-04-01T10:34:19","date_gmt":"2026-04-01T08:34:19","guid":{"rendered":"https:\/\/zatureczkimarcell.ddns.net\/wordpress\/?post_type=product&#038;p=109644"},"modified":"2026-04-01T10:34:41","modified_gmt":"2026-04-01T08:34:41","slug":"modeka-sahara-traveller","status":"publish","type":"product","link":"https:\/\/zatureczkimarcell.ddns.net\/wordpress\/termek\/modeka-sahara-traveller\/","title":{"rendered":"Modeka Sahara traveller"},"content":{"rendered":"<p><strong style=\"font-size: 16px;\">R&eacute;szletek:<br \/>\nMagas min\u0151s&eacute;g\u0171 Anilin b\u0151r *<em>(Ennek a b\u0151rt&iacute;pusnak a jellemz\u0151it az &quot;Anyaglexikon&quot; men\u0171pontban olvashatja!)&nbsp;<\/em><br \/>\nEr\u0151s&iacute;t&eacute;s &eacute;s dupla biztons&aacute;gi varr&aacute;s az ig&eacute;nybevett r&eacute;szeken<br \/>\nJ&oacute; szell\u0151z&eacute;s a be&eacute;p&iacute;tett sz&ouml;vet r&eacute;szeknek &eacute;s az &uacute;jjakon tal&aacute;lhat&oacute; szell\u0151z\u0151knek k&ouml;sz&ouml;nhet\u0151en<br \/>\nCsukl&oacute; v&eacute;delem<br \/>\nT&eacute;p\u0151z&aacute;ras a csukl&oacute;n&aacute;l, &eacute;s mandzsetta r&eacute;szen<\/strong><\/p>\n<p><strong>M&eacute;retek: 6, 7, 8, 9, 10, 11, 12<\/strong><\/p>\n<p><span style=\"color:#FF0000;\"><strong>Figyelem! R&ouml;vid&iacute;tett ujjakkal rendelkez\u0151 &quot;K&quot;-s m&eacute;retekben is el&eacute;rhet\u0151! Ez azoknak kiv&aacute;l&oacute; megold&aacute;s, akiknek sz&eacute;les a k&eacute;zfeje, de az ujjaik r&ouml;videk.&nbsp;<\/strong><\/span><\/p>\n<p><span style=\"color:#FF0000;\"><strong>K8, K9, K10, K11,<\/strong><\/span><\/p>\n<p><strong style=\"box-sizing: border-box; font-family: Roboto, sans-serif; font-size: 16px; line-height: 22.8571px;\">El&eacute;rhet\u0151 sz&iacute;nek : Fekete&nbsp;<\/strong><\/p>\n<p>Tov&aacute;bbi term&eacute;ktulajdons&aacute;gok&eacute;rt l&aacute;togasd meg az anyaglexikon men&uuml;pontunkat !<\/p>\n<\/p>\n<p><span style=\"font-size:16px;\">A term&eacute;k haszn&aacute;lat&aacute;hoz aj&aacute;nljuk a MODEKA M&eacute;hviaszos b\u0151r &aacute;pol&oacute; term&eacute;k&eacute;t! A speci&aacute;lis k&eacute;sz&iacute;tm&eacute;ny haszn&aacute;lat&aacute;val a motoros term&eacute;kek megv&eacute;dhet\u0151ek az id\u0151 el\u0151tti elhaszn&aacute;l&oacute;d&aacute;st&oacute;l, es\u0151 ut&aacute;ni sz&aacute;rad&aacute;sn&aacute;l a kirepedez&eacute;st\u0151l!<\/span><\/p>\n<p><span style=\"font-size:16px;\">A Modeka m&eacute;hviaszos term&eacute;k el&eacute;rhet\u0151 az al&aacute;bbi linkre kattintva :<\/span><\/p>\n<p><span style=\"font-size:16px;\"><a href=\"http:\/\/darazsgarazs.hu\/termek\/modeka-borapolo-50ml-motoros-ruhazat-apolas-bortisztitas-borruha.378.html\">http:\/\/darazsgarazs.hu\/termek\/modeka-borapolo-50ml-motoros-ruhazat-apolas-bortisztitas-borruha.378.html<\/a><\/span><\/p>\n<\/p>\n<p><strong style=\"box-sizing: border-box; max-width: 100%; font-family: Roboto, sans-serif; font-size: 16px;\">Haszn&aacute;lati &eacute;s kezel&eacute;si &uacute;tmutat&oacute; a term&eacute;khez&nbsp;el&eacute;rhet\u0151 ide kattintva:&nbsp;<a href=\"https:\/\/darazsgarazs.hu\/index.php\/termek\/hasznalati-utmutato.1155.html\">https:\/\/darazsgarazs.hu\/index.php\/termek\/hasznalati-utmutato.1155.html<\/a><\/strong><\/p><\/p>\n","protected":false},"excerpt":{"rendered":"<p>R&eacute;szletek: Magas min\u0151s&eacute;g\u0171 Anilin b\u0151r *(Ennek a b\u0151rt&iacute;pusnak a jellemz\u0151it az &quot;Anyaglexikon&quot; men\u0171pontban olvashatja!)&nbsp; Er\u0151s&iacute;t&eacute;s &eacute;s dupla biztons&aacute;gi varr&aacute;s az [&hellip;]<\/p>\n","protected":false},"featured_media":104853,"template":"","meta":{"site-sidebar-layout":"default","site-content-layout":"","ast-site-content-layout":"default","site-content-style":"default","site-sidebar-style":"default","ast-global-header-display":"","ast-banner-title-visibility":"","ast-main-header-display":"","ast-hfb-above-header-display":"","ast-hfb-below-header-display":"","ast-hfb-mobile-header-display":"","site-post-title":"","ast-breadcrumbs-content":"","ast-featured-img":"","footer-sml-layout":"","ast-disable-related-posts":"","theme-transparent-header-meta":"","adv-header-id-meta":"","stick-header-meta":"","header-above-stick-meta":"","header-main-stick-meta":"","header-below-stick-meta":"","astra-migrate-meta-layouts":"default","ast-page-background-enabled":"default","ast-page-background-meta":{"desktop":{"background-color":"var(--ast-global-color-5)","background-image":"","background-repeat":"repeat","background-position":"center center","background-size":"auto","background-attachment":"scroll","background-type":"","background-media":"","overlay-type":"","overlay-color":"","overlay-opacity":"","overlay-gradient":""},"tablet":{"background-color":"","background-image":"","background-repeat":"repeat","background-position":"center center","background-size":"auto","background-attachment":"scroll","background-type":"","background-media":"","overlay-type":"","overlay-color":"","overlay-opacity":"","overlay-gradient":""},"mobile":{"background-color":"","background-image":"","background-repeat":"repeat","background-position":"center center","background-size":"auto","background-attachment":"scroll","background-type":"","background-media":"","overlay-type":"","overlay-color":"","overlay-opacity":"","overlay-gradient":""}},"ast-content-background-meta":{"desktop":{"background-color":"var(--ast-global-color-4)","background-image":"","background-repeat":"repeat","background-position":"center center","background-size":"auto","background-attachment":"scroll","background-type":"","background-media":"","overlay-type":"","overlay-color":"","overlay-opacity":"","overlay-gradient":""},"tablet":{"background-color":"var(--ast-global-color-4)","background-image":"","background-repeat":"repeat","background-position":"center center","background-size":"auto","background-attachment":"scroll","background-type":"","background-media":"","overlay-type":"","overlay-color":"","overlay-opacity":"","overlay-gradient":""},"mobile":{"background-color":"var(--ast-global-color-4)","background-image":"","background-repeat":"repeat","background-position":"center center","background-size":"auto","background-attachment":"scroll","background-type":"","background-media":"","overlay-type":"","overlay-color":"","overlay-opacity":"","overlay-gradient":""}}},"product_brand":[],"product_cat":[143,139],"product_tag":[],"class_list":{"0":"post-109644","1":"product","2":"type-product","3":"status-publish","4":"has-post-thumbnail","6":"product_cat-kesztyuk","7":"product_cat-motoros-ruhazat","8":"desktop-align-left","9":"tablet-align-left","10":"mobile-align-left","12":"first","13":"instock","14":"shipping-taxable","15":"purchasable","16":"product-type-simple"},"jetpack_sharing_enabled":true,"_links":{"self":[{"href":"https:\/\/zatureczkimarcell.ddns.net\/wordpress\/wp-json\/wp\/v2\/product\/109644","targetHints":{"allow":["GET"]}}],"collection":[{"href":"https:\/\/zatureczkimarcell.ddns.net\/wordpress\/wp-json\/wp\/v2\/product"}],"about":[{"href":"https:\/\/zatureczkimarcell.ddns.net\/wordpress\/wp-json\/wp\/v2\/types\/product"}],"wp:featuredmedia":[{"embeddable":true,"href":"https:\/\/zatureczkimarcell.ddns.net\/wordpress\/wp-json\/wp\/v2\/media\/104853"}],"wp:attachment":[{"href":"https:\/\/zatureczkimarcell.ddns.net\/wordpress\/wp-json\/wp\/v2\/media?parent=109644"}],"wp:term":[{"taxonomy":"product_brand","embeddable":true,"href":"https:\/\/zatureczkimarcell.ddns.net\/wordpress\/wp-json\/wp\/v2\/product_brand?post=109644"},{"taxonomy":"product_cat","embeddable":true,"href":"https:\/\/zatureczkimarcell.ddns.net\/wordpress\/wp-json\/wp\/v2\/product_cat?post=109644"},{"taxonomy":"product_tag","embeddable":true,"href":"https:\/\/zatureczkimarcell.ddns.net\/wordpress\/wp-json\/wp\/v2\/product_tag?post=109644"}],"curies":[{"name":"wp","href":"https:\/\/api.w.org\/{rel}","templated":true}]}}