{"id":109638,"date":"2026-04-01T10:34:13","date_gmt":"2026-04-01T08:34:13","guid":{"rendered":"https:\/\/zatureczkimarcell.ddns.net\/wordpress\/?post_type=product&#038;p=109638"},"modified":"2026-04-01T10:34:38","modified_gmt":"2026-04-01T08:34:38","slug":"torhetetlen-napszemuveg-attetszo-uv-vedelemmel-videoval-altalunk-is-tesztelt-termek","status":"publish","type":"product","link":"https:\/\/zatureczkimarcell.ddns.net\/wordpress\/termek\/torhetetlen-napszemuveg-attetszo-uv-vedelemmel-videoval-altalunk-is-tesztelt-termek\/","title":{"rendered":"T\u00f6rhetetlen napszem\u00fcveg \u00e1ttetsz\u0151 UV v\u00e9delemmel-Vide\u00f3val-\u00c1ltalunk is tesztelt term\u00e9k !"},"content":{"rendered":"<p><span style=\"font-size:16px;\"><strong>T&ouml;bb sz&iacute;nben el&eacute;rhet\u0151 ez a nagysiker\u0171 term&eacute;k, amely mind az &aacute;r&aacute;val, mind pedig a tud&aacute;s&aacute;val a v&aacute;s&aacute;rl&oacute;k sz&iacute;v&eacute;be lopta mag&aacute;t! <\/strong><\/span><\/p>\n<p><span style=\"font-size:16px;\">Bevizsg&aacute;ltan UV v&eacute;dett term&eacute;k. A s&aacute;rga a sz&uuml;rk&uuml;letkor kihegyezi a kont&uacute;rokat, a s&ouml;t&eacute;t meg&oacute;v a napt&oacute;l , az &aacute;ttetsz\u0151t pedig a nyitott sisakban sz&aacute;guld&oacute;k fogj&aacute;k szeretni, amikor megv&eacute;di a szem&uuml;ket a bogarakt&oacute;l &#8211; port&oacute;l. <\/span><\/p>\n<p><span style=\"font-size:16px;\"><strong>A term&eacute;kr\u0151l a saj&aacute;t tesztel&eacute;s\u0171 term&eacute;kek men\u0171pont alatt is olvashatsz a linkre kattintva:<\/strong> <a href=\"http:\/\/darazsgarazs.hu\/termek\/torhetetlen-napszemuveg-teszt.716.html\">http:\/\/darazsgarazs.hu\/termek\/torhetetlen-napszemuveg-teszt.716.html<\/a><\/span><\/p>\n<div style=\"position:relative;padding-bottom:56.25%;padding-top:30px;height:0;overflow:hidden;\"><iframe loading=\"lazy\" allowfullscreen=\"\" frameborder=\"0\" height=\"360\" src=\"\/\/www.youtube.com\/embed\/EzTZzPPwD8g?rel=0\" style=\"position: absolute;top: 0;left: 0;width: 100%;height: 100%;\" width=\"640\"><\/iframe><\/div><\/p>\n","protected":false},"excerpt":{"rendered":"<p>T&ouml;bb sz&iacute;nben el&eacute;rhet\u0151 ez a nagysiker\u0171 term&eacute;k, amely mind az &aacute;r&aacute;val, mind pedig a tud&aacute;s&aacute;val a v&aacute;s&aacute;rl&oacute;k sz&iacute;v&eacute;be lopta mag&aacute;t! [&hellip;]<\/p>\n","protected":false},"featured_media":104497,"template":"","meta":{"site-sidebar-layout":"default","site-content-layout":"","ast-site-content-layout":"default","site-content-style":"default","site-sidebar-style":"default","ast-global-header-display":"","ast-banner-title-visibility":"","ast-main-header-display":"","ast-hfb-above-header-display":"","ast-hfb-below-header-display":"","ast-hfb-mobile-header-display":"","site-post-title":"","ast-breadcrumbs-content":"","ast-featured-img":"","footer-sml-layout":"","ast-disable-related-posts":"","theme-transparent-header-meta":"","adv-header-id-meta":"","stick-header-meta":"","header-above-stick-meta":"","header-main-stick-meta":"","header-below-stick-meta":"","astra-migrate-meta-layouts":"default","ast-page-background-enabled":"default","ast-page-background-meta":{"desktop":{"background-color":"var(--ast-global-color-5)","background-image":"","background-repeat":"repeat","background-position":"center center","background-size":"auto","background-attachment":"scroll","background-type":"","background-media":"","overlay-type":"","overlay-color":"","overlay-opacity":"","overlay-gradient":""},"tablet":{"background-color":"","background-image":"","background-repeat":"repeat","background-position":"center center","background-size":"auto","background-attachment":"scroll","background-type":"","background-media":"","overlay-type":"","overlay-color":"","overlay-opacity":"","overlay-gradient":""},"mobile":{"background-color":"","background-image":"","background-repeat":"repeat","background-position":"center center","background-size":"auto","background-attachment":"scroll","background-type":"","background-media":"","overlay-type":"","overlay-color":"","overlay-opacity":"","overlay-gradient":""}},"ast-content-background-meta":{"desktop":{"background-color":"var(--ast-global-color-4)","background-image":"","background-repeat":"repeat","background-position":"center center","background-size":"auto","background-attachment":"scroll","background-type":"","background-media":"","overlay-type":"","overlay-color":"","overlay-opacity":"","overlay-gradient":""},"tablet":{"background-color":"var(--ast-global-color-4)","background-image":"","background-repeat":"repeat","background-position":"center center","background-size":"auto","background-attachment":"scroll","background-type":"","background-media":"","overlay-type":"","overlay-color":"","overlay-opacity":"","overlay-gradient":""},"mobile":{"background-color":"var(--ast-global-color-4)","background-image":"","background-repeat":"repeat","background-position":"center center","background-size":"auto","background-attachment":"scroll","background-type":"","background-media":"","overlay-type":"","overlay-color":"","overlay-opacity":"","overlay-gradient":""}}},"product_brand":[],"product_cat":[141,140,123,122,145],"product_tag":[],"class_list":{"0":"post-109638","1":"product","2":"type-product","3":"status-publish","4":"has-post-thumbnail","6":"product_cat-bukosisak-kiegeszitok-alkatreszek","7":"product_cat-kiegeszitok","8":"product_cat-nyithato-bukosisakok","9":"product_cat-nyitott","10":"product_cat-varosi-stilusu-motoros-ruhazat","11":"desktop-align-left","12":"tablet-align-left","13":"mobile-align-left","15":"first","16":"instock","17":"shipping-taxable","18":"purchasable","19":"product-type-simple"},"jetpack_sharing_enabled":true,"_links":{"self":[{"href":"https:\/\/zatureczkimarcell.ddns.net\/wordpress\/wp-json\/wp\/v2\/product\/109638","targetHints":{"allow":["GET"]}}],"collection":[{"href":"https:\/\/zatureczkimarcell.ddns.net\/wordpress\/wp-json\/wp\/v2\/product"}],"about":[{"href":"https:\/\/zatureczkimarcell.ddns.net\/wordpress\/wp-json\/wp\/v2\/types\/product"}],"wp:featuredmedia":[{"embeddable":true,"href":"https:\/\/zatureczkimarcell.ddns.net\/wordpress\/wp-json\/wp\/v2\/media\/104497"}],"wp:attachment":[{"href":"https:\/\/zatureczkimarcell.ddns.net\/wordpress\/wp-json\/wp\/v2\/media?parent=109638"}],"wp:term":[{"taxonomy":"product_brand","embeddable":true,"href":"https:\/\/zatureczkimarcell.ddns.net\/wordpress\/wp-json\/wp\/v2\/product_brand?post=109638"},{"taxonomy":"product_cat","embeddable":true,"href":"https:\/\/zatureczkimarcell.ddns.net\/wordpress\/wp-json\/wp\/v2\/product_cat?post=109638"},{"taxonomy":"product_tag","embeddable":true,"href":"https:\/\/zatureczkimarcell.ddns.net\/wordpress\/wp-json\/wp\/v2\/product_tag?post=109638"}],"curies":[{"name":"wp","href":"https:\/\/api.w.org\/{rel}","templated":true}]}}