{"id":109634,"date":"2026-04-01T10:33:49","date_gmt":"2026-04-01T08:33:49","guid":{"rendered":"https:\/\/zatureczkimarcell.ddns.net\/wordpress\/?post_type=product&#038;p=109634"},"modified":"2026-04-01T10:34:10","modified_gmt":"2026-04-01T08:34:10","slug":"bukosisak-tarolozsak","status":"publish","type":"product","link":"https:\/\/zatureczkimarcell.ddns.net\/wordpress\/termek\/bukosisak-tarolozsak\/","title":{"rendered":"Buk\u00f3sisak t\u00e1rol\u00f3zs\u00e1k"},"content":{"rendered":"<div style=\"margin: 0px; padding: 0px; border: 0px; font-weight: inherit; font-stretch: inherit; font-size: inherit; line-height: inherit; vertical-align: baseline;\"><\/div>\n<div style=\"margin: 0px; padding: 0px; border: 0px; font-weight: inherit; font-stretch: inherit; font-size: inherit; line-height: inherit; font-family: inherit; vertical-align: baseline;\"><span style=\"margin: 0px; padding: 0px; border: 0px; font-weight: 700; font-stretch: inherit; font-size: medium; line-height: 16px; font-family: Arial, sans-serif; vertical-align: baseline; color: rgb(0, 0, 0);\"><font style=\"font-size: small;\"><span style=\"margin: 0px; padding: 0px; border: 0px; font-style: inherit; font-variant: inherit; font-weight: inherit; font-stretch: inherit; font-size: inherit; line-height: 24px; font-family: inherit; vertical-align: baseline;\">Meg&oacute;vja a sisakot a mechanikai s&eacute;r&uuml;l&eacute;sekt\u0151l &eacute;s&nbsp;<\/span><\/font><\/span><span style=\"margin: 0px; padding: 0px; border: 0px; font-weight: 700; font-stretch: inherit; font-size: medium; line-height: 16px; font-family: Arial, sans-serif; vertical-align: baseline; color: rgb(0, 0, 0);\"><font style=\"font-size: small;\"><span style=\"margin: 0px; padding: 0px; border: 0px; font-style: inherit; font-variant: inherit; font-weight: inherit; font-stretch: inherit; font-size: inherit; line-height: 24px; font-family: inherit; vertical-align: baseline;\">a koszol&oacute;d&aacute;st&oacute;l&nbsp;<\/span><\/font><span style=\"margin: 0px; padding: 0px; border: 0px; font-style: inherit; font-variant: inherit; font-stretch: inherit; font-size: inherit; line-height: inherit; font-family: inherit; vertical-align: baseline;\">&nbsp;<\/span><\/span><\/p>\n<div style=\"font-family: inherit; font-size: inherit; font-weight: inherit; margin: 0px; padding: 0px; border: 0px; font-stretch: inherit; line-height: inherit; vertical-align: baseline; display: inline !important;\"><span style=\"margin: 0px; padding: 0px; border: 0px; font-weight: 700; font-stretch: inherit; font-size: medium; line-height: 16px; font-family: Arial, sans-serif; vertical-align: baseline; color: rgb(0, 0, 0);\"><span style=\"margin: 0px; padding: 0px; border: 0px; font-style: inherit; font-variant: inherit; font-stretch: inherit; font-size: inherit; line-height: inherit; font-family: inherit; vertical-align: baseline;\"><font style=\"font-size: small;\"><span style=\"margin: 0px; padding: 0px; border: 0px; font-style: inherit; font-variant: inherit; font-weight: inherit; font-stretch: inherit; font-size: inherit; line-height: 24px; font-family: inherit; vertical-align: baseline;\">t&aacute;rol&aacute;s k&ouml;zben.<\/span><\/font><\/span><\/span><span style=\"margin: 0px; padding: 0px; border: 0px; font-weight: 700; font-stretch: inherit; font-size: medium; line-height: 16px; font-family: Arial, sans-serif; vertical-align: baseline; color: rgb(0, 0, 0);\"><span style=\"margin: 0px; padding: 0px; border: 0px; font-style: inherit; font-variant: inherit; font-stretch: inherit; font-size: inherit; line-height: inherit; font-family: inherit; vertical-align: baseline;\"><font style=\"font-size: small;\"><span style=\"margin: 0px; padding: 0px; border: 0px; font-style: inherit; font-variant: inherit; font-weight: inherit; font-stretch: inherit; font-size: inherit; line-height: 24px; font-family: inherit; vertical-align: baseline;\"> <\/span><\/font><\/span><\/span><\/div>\n<div style=\"font-family: inherit; font-size: inherit; font-weight: inherit; margin: 0px; padding: 0px; border: 0px; font-stretch: inherit; line-height: inherit; vertical-align: baseline; display: inline !important;\"><span style=\"margin: 0px; padding: 0px; border: 0px; font-weight: 700; font-stretch: inherit; font-size: medium; line-height: 16px; font-family: Arial, sans-serif; vertical-align: baseline; color: rgb(0, 0, 0);\"><span style=\"margin: 0px; padding: 0px; border: 0px; font-style: inherit; font-variant: inherit; font-stretch: inherit; font-size: inherit; line-height: inherit; font-family: inherit; vertical-align: baseline;\"><font style=\"font-size: small;\"><span style=\"margin: 0px; padding: 0px; border: 0px; font-style: inherit; font-variant: inherit; font-weight: inherit; font-stretch: inherit; font-size: inherit; line-height: 24px; font-family: inherit; vertical-align: baseline;\">Seg&iacute;ts&eacute;g&eacute;vel mindig&nbsp;<\/span><\/font><\/span><\/span><span style=\"margin: 0px; padding: 0px; border: 0px; font-weight: 700; font-stretch: inherit; font-size: medium; line-height: 16px; font-family: Arial, sans-serif; vertical-align: baseline; color: rgb(0, 0, 0);\"><span style=\"margin: 0px; padding: 0px; border: 0px; font-style: inherit; font-variant: inherit; font-stretch: inherit; font-size: inherit; line-height: inherit; font-family: inherit; vertical-align: baseline;\"><font style=\"font-size: small;\"><span style=\"margin: 0px; padding: 0px; border: 0px; font-style: inherit; font-variant: inherit; font-weight: inherit; font-stretch: inherit; font-size: inherit; line-height: 24px; font-family: inherit; vertical-align: baseline;\">tiszta &eacute;s s&eacute;r&uuml;l&eacute;smentes lehet a buk&oacute;sisak.&nbsp;<\/span><\/font><\/span><\/span><\/div>\n<\/div>\n","protected":false},"excerpt":{"rendered":"<p>Meg&oacute;vja a sisakot a mechanikai s&eacute;r&uuml;l&eacute;sekt\u0151l &eacute;s&nbsp;a koszol&oacute;d&aacute;st&oacute;l&nbsp;&nbsp; t&aacute;rol&aacute;s k&ouml;zben. Seg&iacute;ts&eacute;g&eacute;vel mindig&nbsp;tiszta &eacute;s s&eacute;r&uuml;l&eacute;smentes lehet a buk&oacute;sisak.&nbsp;<\/p>\n","protected":false},"featured_media":106335,"template":"","meta":{"site-sidebar-layout":"default","site-content-layout":"","ast-site-content-layout":"default","site-content-style":"default","site-sidebar-style":"default","ast-global-header-display":"","ast-banner-title-visibility":"","ast-main-header-display":"","ast-hfb-above-header-display":"","ast-hfb-below-header-display":"","ast-hfb-mobile-header-display":"","site-post-title":"","ast-breadcrumbs-content":"","ast-featured-img":"","footer-sml-layout":"","ast-disable-related-posts":"","theme-transparent-header-meta":"","adv-header-id-meta":"","stick-header-meta":"","header-above-stick-meta":"","header-main-stick-meta":"","header-below-stick-meta":"","astra-migrate-meta-layouts":"default","ast-page-background-enabled":"default","ast-page-background-meta":{"desktop":{"background-color":"var(--ast-global-color-5)","background-image":"","background-repeat":"repeat","background-position":"center center","background-size":"auto","background-attachment":"scroll","background-type":"","background-media":"","overlay-type":"","overlay-color":"","overlay-opacity":"","overlay-gradient":""},"tablet":{"background-color":"","background-image":"","background-repeat":"repeat","background-position":"center center","background-size":"auto","background-attachment":"scroll","background-type":"","background-media":"","overlay-type":"","overlay-color":"","overlay-opacity":"","overlay-gradient":""},"mobile":{"background-color":"","background-image":"","background-repeat":"repeat","background-position":"center center","background-size":"auto","background-attachment":"scroll","background-type":"","background-media":"","overlay-type":"","overlay-color":"","overlay-opacity":"","overlay-gradient":""}},"ast-content-background-meta":{"desktop":{"background-color":"var(--ast-global-color-4)","background-image":"","background-repeat":"repeat","background-position":"center center","background-size":"auto","background-attachment":"scroll","background-type":"","background-media":"","overlay-type":"","overlay-color":"","overlay-opacity":"","overlay-gradient":""},"tablet":{"background-color":"var(--ast-global-color-4)","background-image":"","background-repeat":"repeat","background-position":"center center","background-size":"auto","background-attachment":"scroll","background-type":"","background-media":"","overlay-type":"","overlay-color":"","overlay-opacity":"","overlay-gradient":""},"mobile":{"background-color":"var(--ast-global-color-4)","background-image":"","background-repeat":"repeat","background-position":"center center","background-size":"auto","background-attachment":"scroll","background-type":"","background-media":"","overlay-type":"","overlay-color":"","overlay-opacity":"","overlay-gradient":""}}},"product_brand":[],"product_cat":[141],"product_tag":[],"class_list":{"0":"post-109634","1":"product","2":"type-product","3":"status-publish","4":"has-post-thumbnail","6":"product_cat-bukosisak-kiegeszitok-alkatreszek","7":"desktop-align-left","8":"tablet-align-left","9":"mobile-align-left","11":"first","12":"instock","13":"shipping-taxable","14":"purchasable","15":"product-type-simple"},"jetpack_sharing_enabled":true,"_links":{"self":[{"href":"https:\/\/zatureczkimarcell.ddns.net\/wordpress\/wp-json\/wp\/v2\/product\/109634","targetHints":{"allow":["GET"]}}],"collection":[{"href":"https:\/\/zatureczkimarcell.ddns.net\/wordpress\/wp-json\/wp\/v2\/product"}],"about":[{"href":"https:\/\/zatureczkimarcell.ddns.net\/wordpress\/wp-json\/wp\/v2\/types\/product"}],"wp:featuredmedia":[{"embeddable":true,"href":"https:\/\/zatureczkimarcell.ddns.net\/wordpress\/wp-json\/wp\/v2\/media\/106335"}],"wp:attachment":[{"href":"https:\/\/zatureczkimarcell.ddns.net\/wordpress\/wp-json\/wp\/v2\/media?parent=109634"}],"wp:term":[{"taxonomy":"product_brand","embeddable":true,"href":"https:\/\/zatureczkimarcell.ddns.net\/wordpress\/wp-json\/wp\/v2\/product_brand?post=109634"},{"taxonomy":"product_cat","embeddable":true,"href":"https:\/\/zatureczkimarcell.ddns.net\/wordpress\/wp-json\/wp\/v2\/product_cat?post=109634"},{"taxonomy":"product_tag","embeddable":true,"href":"https:\/\/zatureczkimarcell.ddns.net\/wordpress\/wp-json\/wp\/v2\/product_tag?post=109634"}],"curies":[{"name":"wp","href":"https:\/\/api.w.org\/{rel}","templated":true}]}}