{"id":109626,"date":"2026-04-01T10:33:43","date_gmt":"2026-04-01T08:33:43","guid":{"rendered":"https:\/\/zatureczkimarcell.ddns.net\/wordpress\/?post_type=product&#038;p=109626"},"modified":"2026-04-01T10:34:04","modified_gmt":"2026-04-01T08:34:04","slug":"forcefield-tornado-alaoltozo-felso-altalunk-is-tesztelt-termek","status":"publish","type":"product","link":"https:\/\/zatureczkimarcell.ddns.net\/wordpress\/termek\/forcefield-tornado-alaoltozo-felso-altalunk-is-tesztelt-termek\/","title":{"rendered":"FORCEFIELD TORNAD\u00d3 Al\u00e1\u00f6lt\u00f6z\u0151 fels\u0151-\u00c1ltalunk is tesztelt term\u00e9k !"},"content":{"rendered":"<ul style=\"margin: 0px 0px 20px; padding-right: 0px; padding-left: 0px; border: 0px; font-stretch: inherit; font-size: medium; line-height: 16px; font-family: Arial, sans-serif; vertical-align: baseline; list-style: none outside; color: rgb(0, 0, 0);\">\n<li style=\"margin: 0px 0px 12px; padding: 0px; border: 0px; font-style: inherit; font-variant: inherit; font-weight: inherit; font-stretch: inherit; font-size: inherit; line-height: 18px; font-family: inherit; vertical-align: baseline;\"><span style=\"margin: 0px; padding: 0px; border: 0px; font-style: inherit; font-variant: inherit; font-weight: 700; font-stretch: inherit; font-size: inherit; line-height: inherit; font-family: inherit; vertical-align: baseline;\">Sz&eacute;l&aacute;ll&oacute; &eacute;s v&iacute;zleperget\u0151 Defender anyag. <\/span><\/li>\n<li style=\"margin: 0px 0px 12px; padding: 0px; border: 0px; font-style: inherit; font-variant: inherit; font-weight: inherit; font-stretch: inherit; font-size: inherit; line-height: 18px; font-family: inherit; vertical-align: baseline;\"><span style=\"margin: 0px; padding: 0px; border: 0px; font-style: inherit; font-variant: inherit; font-weight: 700; font-stretch: inherit; font-size: inherit; line-height: inherit; font-family: inherit; vertical-align: baseline;\">A menetsz&eacute;l ellen a strat&eacute;giai pontokon&nbsp;a ruha alapj&aacute;t a kiv&aacute;l&oacute; h\u0151szigetel\u0151 k&eacute;pess&eacute;g\u0171, m&eacute;gis k&ouml;nny\u0171 Thermolite pol&aacute;r anyag adja.&nbsp;H&aacute;tul k&ouml;nny\u0171, l&eacute;legz\u0151 h&aacute;l&oacute;s anyag a hat&eacute;konyabb izzadts&aacute;gelvezet&eacute;s&eacute;rt. &iacute;gy teljesen hat&aacute;stalan&iacute;tja a menetszelet, egy&aacute;ltal&aacute;n nem &eacute;rzed, de nem is izzadsz bele!&nbsp;<\/span><\/li>\n<li style=\"margin: 0px 0px 12px; padding: 0px; border: 0px; font-style: inherit; font-variant: inherit; font-weight: inherit; font-stretch: inherit; font-size: inherit; line-height: 18px; font-family: inherit; vertical-align: baseline;\"><span style=\"margin: 0px; padding: 0px; border: 0px; font-style: inherit; font-variant: inherit; font-weight: 700; font-stretch: inherit; font-size: inherit; line-height: inherit; font-family: inherit; vertical-align: baseline;\">Ruha alatt &eacute;szrev&eacute;tlen, k&eacute;nyelmes viselet.&nbsp;&nbsp;Optimaliz&aacute;lt szab&aacute;smagas&iacute;tott nyakr&eacute;sz &eacute;s zippz&aacute;rgar&aacute;zs a k&eacute;nyelem &eacute;rdek&eacute;ben. <\/span><\/li>\n<li style=\"margin: 0px 0px 12px; padding: 0px; border: 0px; font-style: inherit; font-variant: inherit; font-weight: inherit; font-stretch: inherit; font-size: inherit; line-height: 18px; font-family: inherit; vertical-align: baseline;\"><span style=\"margin: 0px; padding: 0px; border: 0px; font-style: inherit; font-variant: inherit; font-weight: 700; font-stretch: inherit; font-size: inherit; line-height: inherit; font-family: inherit; vertical-align: baseline;\">Antibakteri&aacute;lis, nem sz&iacute;vja mag&aacute;ba a kellemetlen szagokat.<\/span><\/li>\n<li style=\"margin: 0px 0px 12px; padding: 0px; border: 0px; font-style: inherit; font-variant: inherit; font-weight: inherit; font-stretch: inherit; font-size: inherit; line-height: 18px; font-family: inherit; vertical-align: baseline;\"><span style=\"margin: 0px; padding: 0px; border: 0px; font-style: inherit; font-variant: inherit; font-weight: 700; font-stretch: inherit; font-size: inherit; line-height: inherit; font-family: inherit; vertical-align: baseline;\">Antiallerg&eacute;n &eacute;s ellen&aacute;ll az UV sug&aacute;rz&aacute;snak. Mos&oacute;g&eacute;pben kim&eacute;l\u0151 programban moshat&oacute;, gyorsan sz&aacute;rad&oacute; anyag.&nbsp;<\/span><\/li>\n<li style=\"margin: 0px 0px 12px; padding: 0px; border: 0px; font-style: inherit; font-variant: inherit; font-weight: inherit; font-stretch: inherit; font-size: inherit; line-height: 18px; font-family: inherit; vertical-align: baseline;\"><strong style=\"box-sizing: border-box; max-width: 100%; font-family: Roboto, sans-serif; font-size: 16px;\">Haszn&aacute;lati &eacute;s kezel&eacute;si &uacute;tmutat&oacute; a term&eacute;khez&nbsp;el&eacute;rhet\u0151 ide kattintva:&nbsp;<a href=\"https:\/\/darazsgarazs.hu\/index.php\/termek\/hasznalati-utmutato.1155.html\">https:\/\/darazsgarazs.hu\/index.php\/termek\/hasznalati-utmutato.1155.html<\/a><\/strong><\/li>\n<\/ul>\n<p style=\"margin: 0px 0px 12px; padding: 0px; border: 0px; font-style: inherit; font-variant: inherit; font-weight: inherit; font-stretch: inherit; font-size: inherit; line-height: 18px; font-family: inherit; vertical-align: baseline;\"><span style=\"margin: 0px; padding: 0px; border: 0px; font-style: inherit; font-variant: inherit; font-weight: 700; font-stretch: inherit; font-size: inherit; line-height: inherit; font-family: inherit; vertical-align: baseline;\">Figyelem!&nbsp;<\/span><\/p>\n<p style=\"margin: 0px 0px 12px; padding: 0px; border: 0px; font-style: inherit; font-variant: inherit; font-weight: inherit; font-stretch: inherit; font-size: inherit; line-height: 18px; font-family: inherit; vertical-align: baseline;\"><span style=\"color:#FF0000;\"><span style=\"font-size:18px;\"><span style=\"margin: 0px; padding: 0px; border: 0px; font-style: inherit; font-variant: inherit; font-weight: 700; font-stretch: inherit; line-height: inherit; font-family: inherit; vertical-align: baseline;\">A term&eacute;ket &uuml;zlet&uuml;nk munkat&aacute;rsa t&ouml;bb &eacute;ve haszn&aacute;lja! A tart&oacute;steszt ide kattintva olvashat&oacute; :&nbsp;<\/span><\/span><\/span><\/p>\n<p style=\"margin: 0px 0px 12px; padding: 0px; border: 0px; font-style: inherit; font-variant: inherit; font-weight: inherit; font-stretch: inherit; font-size: inherit; line-height: 18px; font-family: inherit; vertical-align: baseline;\"><a href=\"https:\/\/darazsgarazs.hu\/index.php\/termek\/forcefield-tornado-alaoltozo-teszt.692.html\"><span style=\"color:#0000FF;\"><span style=\"font-size:18px;\"><span style=\"margin: 0px; padding: 0px; border: 0px; font-style: inherit; font-variant: inherit; font-weight: 700; font-stretch: inherit; line-height: inherit; font-family: inherit; vertical-align: baseline;\">https:\/\/darazsgarazs.hu\/index.php\/termek\/forcefield-tornado-alaoltozo-teszt.692.html<\/span><\/span><\/span><\/a><\/p>\n","protected":false},"excerpt":{"rendered":"<p>Sz&eacute;l&aacute;ll&oacute; &eacute;s v&iacute;zleperget\u0151 Defender anyag. A menetsz&eacute;l ellen a strat&eacute;giai pontokon&nbsp;a ruha alapj&aacute;t a kiv&aacute;l&oacute; h\u0151szigetel\u0151 k&eacute;pess&eacute;g\u0171, m&eacute;gis k&ouml;nny\u0171 Thermolite [&hellip;]<\/p>\n","protected":false},"featured_media":106854,"template":"","meta":{"site-sidebar-layout":"default","site-content-layout":"","ast-site-content-layout":"default","site-content-style":"default","site-sidebar-style":"default","ast-global-header-display":"","ast-banner-title-visibility":"","ast-main-header-display":"","ast-hfb-above-header-display":"","ast-hfb-below-header-display":"","ast-hfb-mobile-header-display":"","site-post-title":"","ast-breadcrumbs-content":"","ast-featured-img":"","footer-sml-layout":"","ast-disable-related-posts":"","theme-transparent-header-meta":"","adv-header-id-meta":"","stick-header-meta":"","header-above-stick-meta":"","header-main-stick-meta":"","header-below-stick-meta":"","astra-migrate-meta-layouts":"default","ast-page-background-enabled":"default","ast-page-background-meta":{"desktop":{"background-color":"var(--ast-global-color-5)","background-image":"","background-repeat":"repeat","background-position":"center center","background-size":"auto","background-attachment":"scroll","background-type":"","background-media":"","overlay-type":"","overlay-color":"","overlay-opacity":"","overlay-gradient":""},"tablet":{"background-color":"","background-image":"","background-repeat":"repeat","background-position":"center center","background-size":"auto","background-attachment":"scroll","background-type":"","background-media":"","overlay-type":"","overlay-color":"","overlay-opacity":"","overlay-gradient":""},"mobile":{"background-color":"","background-image":"","background-repeat":"repeat","background-position":"center center","background-size":"auto","background-attachment":"scroll","background-type":"","background-media":"","overlay-type":"","overlay-color":"","overlay-opacity":"","overlay-gradient":""}},"ast-content-background-meta":{"desktop":{"background-color":"var(--ast-global-color-4)","background-image":"","background-repeat":"repeat","background-position":"center center","background-size":"auto","background-attachment":"scroll","background-type":"","background-media":"","overlay-type":"","overlay-color":"","overlay-opacity":"","overlay-gradient":""},"tablet":{"background-color":"var(--ast-global-color-4)","background-image":"","background-repeat":"repeat","background-position":"center center","background-size":"auto","background-attachment":"scroll","background-type":"","background-media":"","overlay-type":"","overlay-color":"","overlay-opacity":"","overlay-gradient":""},"mobile":{"background-color":"var(--ast-global-color-4)","background-image":"","background-repeat":"repeat","background-position":"center center","background-size":"auto","background-attachment":"scroll","background-type":"","background-media":"","overlay-type":"","overlay-color":"","overlay-opacity":"","overlay-gradient":""}}},"product_brand":[],"product_cat":[142,140,139],"product_tag":[],"class_list":{"0":"post-109626","1":"product","2":"type-product","3":"status-publish","4":"has-post-thumbnail","6":"product_cat-hideg-elleni-termekek","7":"product_cat-kiegeszitok","8":"product_cat-motoros-ruhazat","9":"desktop-align-left","10":"tablet-align-left","11":"mobile-align-left","13":"first","14":"instock","15":"sale","16":"shipping-taxable","17":"purchasable","18":"product-type-simple"},"jetpack_sharing_enabled":true,"_links":{"self":[{"href":"https:\/\/zatureczkimarcell.ddns.net\/wordpress\/wp-json\/wp\/v2\/product\/109626","targetHints":{"allow":["GET"]}}],"collection":[{"href":"https:\/\/zatureczkimarcell.ddns.net\/wordpress\/wp-json\/wp\/v2\/product"}],"about":[{"href":"https:\/\/zatureczkimarcell.ddns.net\/wordpress\/wp-json\/wp\/v2\/types\/product"}],"wp:featuredmedia":[{"embeddable":true,"href":"https:\/\/zatureczkimarcell.ddns.net\/wordpress\/wp-json\/wp\/v2\/media\/106854"}],"wp:attachment":[{"href":"https:\/\/zatureczkimarcell.ddns.net\/wordpress\/wp-json\/wp\/v2\/media?parent=109626"}],"wp:term":[{"taxonomy":"product_brand","embeddable":true,"href":"https:\/\/zatureczkimarcell.ddns.net\/wordpress\/wp-json\/wp\/v2\/product_brand?post=109626"},{"taxonomy":"product_cat","embeddable":true,"href":"https:\/\/zatureczkimarcell.ddns.net\/wordpress\/wp-json\/wp\/v2\/product_cat?post=109626"},{"taxonomy":"product_tag","embeddable":true,"href":"https:\/\/zatureczkimarcell.ddns.net\/wordpress\/wp-json\/wp\/v2\/product_tag?post=109626"}],"curies":[{"name":"wp","href":"https:\/\/api.w.org\/{rel}","templated":true}]}}