{"id":109625,"date":"2026-04-01T10:33:42","date_gmt":"2026-04-01T08:33:42","guid":{"rendered":"https:\/\/zatureczkimarcell.ddns.net\/wordpress\/?post_type=product&#038;p=109625"},"modified":"2026-04-01T10:34:03","modified_gmt":"2026-04-01T08:34:03","slug":"forcefield-thermo-maszk-altalunk-is-tesztelt-termek","status":"publish","type":"product","link":"https:\/\/zatureczkimarcell.ddns.net\/wordpress\/termek\/forcefield-thermo-maszk-altalunk-is-tesztelt-termek\/","title":{"rendered":"FORCEFIELD Thermo maszk-\u00c1ltalunk is tesztelt term\u00e9k !"},"content":{"rendered":"<ul style=\"margin: 0px 0px 20px; padding-right: 0px; padding-left: 0px; border: 0px; font-stretch: inherit; font-size: 16px; line-height: normal; font-family: Arial, sans-serif; vertical-align: baseline; list-style: none outside; color: rgb(255, 255, 255);\">\n<li style=\"margin: 0px 0px 12px; padding: 0px; border: 0px; font-style: inherit; font-variant: inherit; font-weight: inherit; font-stretch: inherit; font-size: inherit; line-height: 18px; font-family: inherit; vertical-align: baseline;\"><span style=\"margin: 0px; padding: 0px; border: 0px; font-style: inherit; font-variant: inherit; font-weight: 700; font-stretch: inherit; font-size: inherit; line-height: inherit; font-family: inherit; vertical-align: baseline;\"><font style=\"font-size: small;\"><font color=\"#000000\">Sz&eacute;l&aacute;ll&oacute; &eacute;s v&iacute;zleperget\u0151 Defender anyag. A menetsz&eacute;l ellen a strat&eacute;giai pontokon&nbsp;<\/font><span style=\"margin: 0px; padding: 0px; border: 0px; font-style: inherit; font-variant: inherit; font-weight: inherit; font-stretch: inherit; font-size: inherit; font-family: inherit; vertical-align: baseline; color: rgb(0, 0, 0);\">a term&eacute;k alapj&aacute;t a kiv&aacute;l&oacute; h\u0151szigetel\u0151 k&eacute;pess&eacute;g\u0171, m&eacute;gis k&ouml;nny\u0171 Thermolite pol&aacute;r anyag adja.&nbsp;<\/span><span style=\"margin: 0px; padding: 0px; border: 0px; font-style: inherit; font-variant: inherit; font-weight: inherit; font-stretch: inherit; font-size: inherit; font-family: inherit; vertical-align: baseline; color: rgb(0, 0, 0);\">A fejtet\u0151n v&eacute;kony, l&eacute;legz\u0151 h&aacute;l&oacute;s anyag (a buk&oacute;sisak b&eacute;l&eacute;s&eacute;t nem t&aacute;g&iacute;tja ki) a hat&eacute;konyabb izzadts&aacute;gelvezet&eacute;s&eacute;rt.&nbsp;<\/span><span style=\"margin: 0px; padding: 0px; border: 0px; font-style: inherit; font-variant: inherit; font-weight: inherit; font-stretch: inherit; font-size: inherit; font-family: inherit; vertical-align: baseline; color: rgb(0, 0, 0);\">K&eacute;nyelmes viselet. Sosem f&aacute;zik t&ouml;bb&eacute; a nyakad!&nbsp;<\/span><\/font><\/span><\/li>\n<li style=\"margin: 0px 0px 12px; padding: 0px; border: 0px; font-style: inherit; font-variant: inherit; font-weight: inherit; font-stretch: inherit; font-size: inherit; line-height: 18px; font-family: inherit; vertical-align: baseline;\"><strong><font style=\"font-size: small;\"><span style=\"margin: 0px; padding: 0px; border: 0px; font-style: inherit; font-variant: inherit; font-weight: inherit; font-stretch: inherit; font-size: inherit; font-family: inherit; vertical-align: baseline; color: rgb(0, 0, 0);\">A term&eacute;ket &uuml;zlet&uuml;nk munkat&aacute;rsa is haszn&aacute;lja!<\/span><\/font><\/strong><\/li>\n<li style=\"margin: 0px 0px 12px; padding: 0px; border: 0px; font-style: inherit; font-variant: inherit; font-weight: inherit; font-stretch: inherit; font-size: inherit; line-height: 18px; font-family: inherit; vertical-align: baseline;\"><strong><font style=\"font-size: small;\"><span style=\"margin: 0px; padding: 0px; border: 0px; font-style: inherit; font-variant: inherit; font-weight: inherit; font-stretch: inherit; font-size: inherit; font-family: inherit; vertical-align: baseline; color: rgb(0, 0, 0);\">Saj&aacute;t tesztel&eacute;s\u0171 term&eacute;kek men\u0171pontban az al&aacute;bbi linkre kattintva olvashatod el a tapasztalatait:&nbsp;<a href=\"http:\/\/darazsgarazs.hu\/termek\/forcefield-thermo-maszk-tartosteszt.823.html\">http:\/\/darazsgarazs.hu\/termek\/forcefield-thermo-maszk-tartosteszt.823.html<\/a><\/span><\/font><\/strong><\/li>\n<\/ul>\n<p style=\"margin: 0px 0px 12px; padding: 0px; border: 0px; font-style: inherit; font-variant: inherit; font-weight: inherit; font-stretch: inherit; font-size: inherit; line-height: 18px; font-family: inherit; vertical-align: baseline;\"><strong style=\"box-sizing: border-box; max-width: 100%; font-family: Roboto, sans-serif; font-size: 16px;\">Haszn&aacute;lati &eacute;s kezel&eacute;si &uacute;tmutat&oacute; a term&eacute;khez&nbsp;el&eacute;rhet\u0151 ide kattintva:&nbsp;<a href=\"https:\/\/darazsgarazs.hu\/index.php\/termek\/hasznalati-utmutato.1155.html\">https:\/\/darazsgarazs.hu\/index.php\/termek\/hasznalati-utmutato.1155.html<\/a><\/strong><\/p>\n","protected":false},"excerpt":{"rendered":"<p>Sz&eacute;l&aacute;ll&oacute; &eacute;s v&iacute;zleperget\u0151 Defender anyag. A menetsz&eacute;l ellen a strat&eacute;giai pontokon&nbsp;a term&eacute;k alapj&aacute;t a kiv&aacute;l&oacute; h\u0151szigetel\u0151 k&eacute;pess&eacute;g\u0171, m&eacute;gis k&ouml;nny\u0171 Thermolite [&hellip;]<\/p>\n","protected":false},"featured_media":103200,"template":"","meta":{"site-sidebar-layout":"default","site-content-layout":"","ast-site-content-layout":"default","site-content-style":"default","site-sidebar-style":"default","ast-global-header-display":"","ast-banner-title-visibility":"","ast-main-header-display":"","ast-hfb-above-header-display":"","ast-hfb-below-header-display":"","ast-hfb-mobile-header-display":"","site-post-title":"","ast-breadcrumbs-content":"","ast-featured-img":"","footer-sml-layout":"","ast-disable-related-posts":"","theme-transparent-header-meta":"","adv-header-id-meta":"","stick-header-meta":"","header-above-stick-meta":"","header-main-stick-meta":"","header-below-stick-meta":"","astra-migrate-meta-layouts":"default","ast-page-background-enabled":"default","ast-page-background-meta":{"desktop":{"background-color":"var(--ast-global-color-5)","background-image":"","background-repeat":"repeat","background-position":"center center","background-size":"auto","background-attachment":"scroll","background-type":"","background-media":"","overlay-type":"","overlay-color":"","overlay-opacity":"","overlay-gradient":""},"tablet":{"background-color":"","background-image":"","background-repeat":"repeat","background-position":"center center","background-size":"auto","background-attachment":"scroll","background-type":"","background-media":"","overlay-type":"","overlay-color":"","overlay-opacity":"","overlay-gradient":""},"mobile":{"background-color":"","background-image":"","background-repeat":"repeat","background-position":"center center","background-size":"auto","background-attachment":"scroll","background-type":"","background-media":"","overlay-type":"","overlay-color":"","overlay-opacity":"","overlay-gradient":""}},"ast-content-background-meta":{"desktop":{"background-color":"var(--ast-global-color-4)","background-image":"","background-repeat":"repeat","background-position":"center center","background-size":"auto","background-attachment":"scroll","background-type":"","background-media":"","overlay-type":"","overlay-color":"","overlay-opacity":"","overlay-gradient":""},"tablet":{"background-color":"var(--ast-global-color-4)","background-image":"","background-repeat":"repeat","background-position":"center center","background-size":"auto","background-attachment":"scroll","background-type":"","background-media":"","overlay-type":"","overlay-color":"","overlay-opacity":"","overlay-gradient":""},"mobile":{"background-color":"var(--ast-global-color-4)","background-image":"","background-repeat":"repeat","background-position":"center center","background-size":"auto","background-attachment":"scroll","background-type":"","background-media":"","overlay-type":"","overlay-color":"","overlay-opacity":"","overlay-gradient":""}}},"product_brand":[],"product_cat":[142,140,139],"product_tag":[],"class_list":{"0":"post-109625","1":"product","2":"type-product","3":"status-publish","4":"has-post-thumbnail","6":"product_cat-hideg-elleni-termekek","7":"product_cat-kiegeszitok","8":"product_cat-motoros-ruhazat","9":"desktop-align-left","10":"tablet-align-left","11":"mobile-align-left","13":"first","14":"instock","15":"shipping-taxable","16":"purchasable","17":"product-type-simple"},"jetpack_sharing_enabled":true,"_links":{"self":[{"href":"https:\/\/zatureczkimarcell.ddns.net\/wordpress\/wp-json\/wp\/v2\/product\/109625","targetHints":{"allow":["GET"]}}],"collection":[{"href":"https:\/\/zatureczkimarcell.ddns.net\/wordpress\/wp-json\/wp\/v2\/product"}],"about":[{"href":"https:\/\/zatureczkimarcell.ddns.net\/wordpress\/wp-json\/wp\/v2\/types\/product"}],"wp:featuredmedia":[{"embeddable":true,"href":"https:\/\/zatureczkimarcell.ddns.net\/wordpress\/wp-json\/wp\/v2\/media\/103200"}],"wp:attachment":[{"href":"https:\/\/zatureczkimarcell.ddns.net\/wordpress\/wp-json\/wp\/v2\/media?parent=109625"}],"wp:term":[{"taxonomy":"product_brand","embeddable":true,"href":"https:\/\/zatureczkimarcell.ddns.net\/wordpress\/wp-json\/wp\/v2\/product_brand?post=109625"},{"taxonomy":"product_cat","embeddable":true,"href":"https:\/\/zatureczkimarcell.ddns.net\/wordpress\/wp-json\/wp\/v2\/product_cat?post=109625"},{"taxonomy":"product_tag","embeddable":true,"href":"https:\/\/zatureczkimarcell.ddns.net\/wordpress\/wp-json\/wp\/v2\/product_tag?post=109625"}],"curies":[{"name":"wp","href":"https:\/\/api.w.org\/{rel}","templated":true}]}}