{"id":109619,"date":"2026-04-01T10:33:37","date_gmt":"2026-04-01T08:33:37","guid":{"rendered":"https:\/\/zatureczkimarcell.ddns.net\/wordpress\/?post_type=product&#038;p=109619"},"modified":"2026-04-01T10:33:59","modified_gmt":"2026-04-01T08:33:59","slug":"szinezett-tukros-feluletu-sotet-plexi-marushin-sisakhoz","status":"publish","type":"product","link":"https:\/\/zatureczkimarcell.ddns.net\/wordpress\/termek\/szinezett-tukros-feluletu-sotet-plexi-marushin-sisakhoz\/","title":{"rendered":"Sz\u00ednezett t\u00fckr\u00f6s fel\u00fclet\u0171 s\u00f6t\u00e9t plexi Marushin sisakhoz"},"content":{"rendered":"<p style=\"margin: 0px; padding: 0px; border: 0px; font-stretch: inherit; font-size: medium; line-height: 16px; font-family: Arial, sans-serif; vertical-align: baseline; word-wrap: break-word; color: rgb(0, 0, 0);\"><b>Sz&iacute;nezett, enyh&eacute;n t&uuml;kr&ouml;s fel&uuml;let\u0171 ,s&ouml;t&eacute;t&iacute;tett plexi Marushin sisakokhoz .&nbsp;<\/b><\/p>\n<p style=\"margin: 0px; padding: 0px; border: 0px; font-stretch: inherit; font-size: medium; line-height: 16px; font-family: Arial, sans-serif; vertical-align: baseline; word-wrap: break-word; color: rgb(0, 0, 0);\"><span style=\"color:#FF0000;\"><strong><span style=\"font-size:20px;\">Figyelem!&nbsp;El\u0151nye a teljesen s&ouml;t&eacute;t plexikhez k&eacute;pest, hogy m&eacute;g sz&uuml;rk&uuml;letben, a kora esti &oacute;r&aacute;kban is haszn&aacute;lhat&oacute;.&nbsp;<\/span><\/strong><\/span><\/p>\n<p style=\"margin: 0px; padding: 0px; border: 0px; font-stretch: inherit; font-size: medium; line-height: 16px; font-family: Arial, sans-serif; vertical-align: baseline; word-wrap: break-word; color: rgb(0, 0, 0);\">\n<p style=\"margin: 0px; padding: 0px; border: 0px; font-stretch: inherit; font-size: medium; line-height: 16px; font-family: Arial, sans-serif; vertical-align: baseline; word-wrap: break-word; color: rgb(0, 0, 0);\">\n<p style=\"margin: 0px; padding: 0px; border: 0px; font-stretch: inherit; font-size: medium; line-height: 16px; font-family: Arial, sans-serif; vertical-align: baseline; word-wrap: break-word; color: rgb(0, 0, 0);\">\n<p style=\"margin: 0px; padding: 0px; border: 0px; font-stretch: inherit; font-size: medium; line-height: 16px; font-family: Arial, sans-serif; vertical-align: baseline; word-wrap: break-word; color: rgb(0, 0, 0);\"><strong>Haszn&aacute;lati &eacute;s kezel&eacute;si &uacute;tmutat&oacute; a term&eacute;khez el&eacute;rhet\u0151 ide kattintva:&nbsp;<a href=\"https:\/\/darazsgarazs.hu\/index.php\/termek\/bukosisak-hasznalati-kezelesi-utmutato.1408.html\">https:\/\/darazsgarazs.hu\/index.php\/termek\/bukosisak-hasznalati-kezelesi-utmutato.1408.html<\/a><\/strong><\/p>\n","protected":false},"excerpt":{"rendered":"<p>Sz&iacute;nezett, enyh&eacute;n t&uuml;kr&ouml;s fel&uuml;let\u0171 ,s&ouml;t&eacute;t&iacute;tett plexi Marushin sisakokhoz .&nbsp; Figyelem!&nbsp;El\u0151nye a teljesen s&ouml;t&eacute;t plexikhez k&eacute;pest, hogy m&eacute;g sz&uuml;rk&uuml;letben, a kora [&hellip;]<\/p>\n","protected":false},"featured_media":108037,"template":"","meta":{"site-sidebar-layout":"default","site-content-layout":"","ast-site-content-layout":"default","site-content-style":"default","site-sidebar-style":"default","ast-global-header-display":"","ast-banner-title-visibility":"","ast-main-header-display":"","ast-hfb-above-header-display":"","ast-hfb-below-header-display":"","ast-hfb-mobile-header-display":"","site-post-title":"","ast-breadcrumbs-content":"","ast-featured-img":"","footer-sml-layout":"","ast-disable-related-posts":"","theme-transparent-header-meta":"","adv-header-id-meta":"","stick-header-meta":"","header-above-stick-meta":"","header-main-stick-meta":"","header-below-stick-meta":"","astra-migrate-meta-layouts":"default","ast-page-background-enabled":"default","ast-page-background-meta":{"desktop":{"background-color":"var(--ast-global-color-5)","background-image":"","background-repeat":"repeat","background-position":"center center","background-size":"auto","background-attachment":"scroll","background-type":"","background-media":"","overlay-type":"","overlay-color":"","overlay-opacity":"","overlay-gradient":""},"tablet":{"background-color":"","background-image":"","background-repeat":"repeat","background-position":"center center","background-size":"auto","background-attachment":"scroll","background-type":"","background-media":"","overlay-type":"","overlay-color":"","overlay-opacity":"","overlay-gradient":""},"mobile":{"background-color":"","background-image":"","background-repeat":"repeat","background-position":"center center","background-size":"auto","background-attachment":"scroll","background-type":"","background-media":"","overlay-type":"","overlay-color":"","overlay-opacity":"","overlay-gradient":""}},"ast-content-background-meta":{"desktop":{"background-color":"var(--ast-global-color-4)","background-image":"","background-repeat":"repeat","background-position":"center center","background-size":"auto","background-attachment":"scroll","background-type":"","background-media":"","overlay-type":"","overlay-color":"","overlay-opacity":"","overlay-gradient":""},"tablet":{"background-color":"var(--ast-global-color-4)","background-image":"","background-repeat":"repeat","background-position":"center center","background-size":"auto","background-attachment":"scroll","background-type":"","background-media":"","overlay-type":"","overlay-color":"","overlay-opacity":"","overlay-gradient":""},"mobile":{"background-color":"var(--ast-global-color-4)","background-image":"","background-repeat":"repeat","background-position":"center center","background-size":"auto","background-attachment":"scroll","background-type":"","background-media":"","overlay-type":"","overlay-color":"","overlay-opacity":"","overlay-gradient":""}}},"product_brand":[],"product_cat":[141,140],"product_tag":[],"class_list":{"0":"post-109619","1":"product","2":"type-product","3":"status-publish","4":"has-post-thumbnail","6":"product_cat-bukosisak-kiegeszitok-alkatreszek","7":"product_cat-kiegeszitok","8":"desktop-align-left","9":"tablet-align-left","10":"mobile-align-left","12":"first","13":"instock","14":"sale","15":"shipping-taxable","16":"purchasable","17":"product-type-simple"},"jetpack_sharing_enabled":true,"_links":{"self":[{"href":"https:\/\/zatureczkimarcell.ddns.net\/wordpress\/wp-json\/wp\/v2\/product\/109619","targetHints":{"allow":["GET"]}}],"collection":[{"href":"https:\/\/zatureczkimarcell.ddns.net\/wordpress\/wp-json\/wp\/v2\/product"}],"about":[{"href":"https:\/\/zatureczkimarcell.ddns.net\/wordpress\/wp-json\/wp\/v2\/types\/product"}],"wp:featuredmedia":[{"embeddable":true,"href":"https:\/\/zatureczkimarcell.ddns.net\/wordpress\/wp-json\/wp\/v2\/media\/108037"}],"wp:attachment":[{"href":"https:\/\/zatureczkimarcell.ddns.net\/wordpress\/wp-json\/wp\/v2\/media?parent=109619"}],"wp:term":[{"taxonomy":"product_brand","embeddable":true,"href":"https:\/\/zatureczkimarcell.ddns.net\/wordpress\/wp-json\/wp\/v2\/product_brand?post=109619"},{"taxonomy":"product_cat","embeddable":true,"href":"https:\/\/zatureczkimarcell.ddns.net\/wordpress\/wp-json\/wp\/v2\/product_cat?post=109619"},{"taxonomy":"product_tag","embeddable":true,"href":"https:\/\/zatureczkimarcell.ddns.net\/wordpress\/wp-json\/wp\/v2\/product_tag?post=109619"}],"curies":[{"name":"wp","href":"https:\/\/api.w.org\/{rel}","templated":true}]}}