{"id":109617,"date":"2026-04-01T10:33:31","date_gmt":"2026-04-01T08:33:31","guid":{"rendered":"https:\/\/zatureczkimarcell.ddns.net\/wordpress\/?post_type=product&#038;p=109617"},"modified":"2026-04-01T10:33:57","modified_gmt":"2026-04-01T08:33:57","slug":"marushin-orr-paraterelo-betet","status":"publish","type":"product","link":"https:\/\/zatureczkimarcell.ddns.net\/wordpress\/termek\/marushin-orr-paraterelo-betet\/","title":{"rendered":"Marushin Orr p\u00e1raterel\u0151 bet\u00e9t"},"content":{"rendered":"<p style=\"margin: 0px; padding: 0px; border: 0px; font-stretch: inherit; font-size: medium; line-height: 16px; font-family: Arial, sans-serif; vertical-align: baseline; word-wrap: break-word; color: rgb(0, 0, 0);\"><strong><span style=\"font-size:14px;\"><span style=\"margin: 0px; padding: 0px; border: 0px; font-style: inherit; font-variant: inherit; font-weight: 700; font-stretch: inherit; line-height: inherit; font-family: inherit; vertical-align: baseline;\"><font style=\"font-size: small;\">-Elvezeti a plexir\u0151l a &nbsp; &nbsp;kil&eacute;legzett p&aacute;r&aacute;t.<\/font><\/span><\/span><\/strong><\/p>\n<p style=\"margin: 0px; padding: 0px; border: 0px; font-stretch: inherit; font-size: medium; line-height: 16px; font-family: Arial, sans-serif; vertical-align: baseline; word-wrap: break-word; color: rgb(0, 0, 0);\"><span style=\"font-size:14px;\"><span style=\"margin: 0px; padding: 0px; border: 0px; font-style: inherit; font-variant: inherit; font-weight: 700; font-stretch: inherit; line-height: inherit; font-family: inherit; vertical-align: baseline;\">-K&ouml;nnyen beszerelhet\u0151 kivitel<\/span><\/span><\/p>\n<p style=\"margin: 0px; padding: 0px; border: 0px; font-stretch: inherit; font-size: medium; line-height: 16px; font-family: Arial, sans-serif; vertical-align: baseline; word-wrap: break-word; color: rgb(0, 0, 0);\"><span style=\"font-size:14px;\"><span style=\"margin: 0px; padding: 0px; border: 0px; font-style: inherit; font-variant: inherit; font-weight: 700; font-stretch: inherit; line-height: inherit; font-family: inherit; vertical-align: baseline;\">A legt&ouml;bb buk&oacute;sisakba k&ouml;nnyed&eacute;n beilleszthet\u0151 .&nbsp;<\/span><\/span><\/p>\n<p style=\"margin: 0px; padding: 0px; border: 0px; font-stretch: inherit; font-size: medium; line-height: 16px; font-family: Arial, sans-serif; vertical-align: baseline; word-wrap: break-word; color: rgb(0, 0, 0);\">\n","protected":false},"excerpt":{"rendered":"<p>-Elvezeti a plexir\u0151l a &nbsp; &nbsp;kil&eacute;legzett p&aacute;r&aacute;t. -K&ouml;nnyen beszerelhet\u0151 kivitel A legt&ouml;bb buk&oacute;sisakba k&ouml;nnyed&eacute;n beilleszthet\u0151 .&nbsp;<\/p>\n","protected":false},"featured_media":108424,"template":"","meta":{"site-sidebar-layout":"default","site-content-layout":"","ast-site-content-layout":"default","site-content-style":"default","site-sidebar-style":"default","ast-global-header-display":"","ast-banner-title-visibility":"","ast-main-header-display":"","ast-hfb-above-header-display":"","ast-hfb-below-header-display":"","ast-hfb-mobile-header-display":"","site-post-title":"","ast-breadcrumbs-content":"","ast-featured-img":"","footer-sml-layout":"","ast-disable-related-posts":"","theme-transparent-header-meta":"","adv-header-id-meta":"","stick-header-meta":"","header-above-stick-meta":"","header-main-stick-meta":"","header-below-stick-meta":"","astra-migrate-meta-layouts":"default","ast-page-background-enabled":"default","ast-page-background-meta":{"desktop":{"background-color":"var(--ast-global-color-5)","background-image":"","background-repeat":"repeat","background-position":"center center","background-size":"auto","background-attachment":"scroll","background-type":"","background-media":"","overlay-type":"","overlay-color":"","overlay-opacity":"","overlay-gradient":""},"tablet":{"background-color":"","background-image":"","background-repeat":"repeat","background-position":"center center","background-size":"auto","background-attachment":"scroll","background-type":"","background-media":"","overlay-type":"","overlay-color":"","overlay-opacity":"","overlay-gradient":""},"mobile":{"background-color":"","background-image":"","background-repeat":"repeat","background-position":"center center","background-size":"auto","background-attachment":"scroll","background-type":"","background-media":"","overlay-type":"","overlay-color":"","overlay-opacity":"","overlay-gradient":""}},"ast-content-background-meta":{"desktop":{"background-color":"var(--ast-global-color-4)","background-image":"","background-repeat":"repeat","background-position":"center center","background-size":"auto","background-attachment":"scroll","background-type":"","background-media":"","overlay-type":"","overlay-color":"","overlay-opacity":"","overlay-gradient":""},"tablet":{"background-color":"var(--ast-global-color-4)","background-image":"","background-repeat":"repeat","background-position":"center center","background-size":"auto","background-attachment":"scroll","background-type":"","background-media":"","overlay-type":"","overlay-color":"","overlay-opacity":"","overlay-gradient":""},"mobile":{"background-color":"var(--ast-global-color-4)","background-image":"","background-repeat":"repeat","background-position":"center center","background-size":"auto","background-attachment":"scroll","background-type":"","background-media":"","overlay-type":"","overlay-color":"","overlay-opacity":"","overlay-gradient":""}}},"product_brand":[],"product_cat":[141,140],"product_tag":[],"class_list":{"0":"post-109617","1":"product","2":"type-product","3":"status-publish","4":"has-post-thumbnail","6":"product_cat-bukosisak-kiegeszitok-alkatreszek","7":"product_cat-kiegeszitok","8":"desktop-align-left","9":"tablet-align-left","10":"mobile-align-left","12":"first","13":"instock","14":"shipping-taxable","15":"purchasable","16":"product-type-simple"},"jetpack_sharing_enabled":true,"_links":{"self":[{"href":"https:\/\/zatureczkimarcell.ddns.net\/wordpress\/wp-json\/wp\/v2\/product\/109617","targetHints":{"allow":["GET"]}}],"collection":[{"href":"https:\/\/zatureczkimarcell.ddns.net\/wordpress\/wp-json\/wp\/v2\/product"}],"about":[{"href":"https:\/\/zatureczkimarcell.ddns.net\/wordpress\/wp-json\/wp\/v2\/types\/product"}],"wp:featuredmedia":[{"embeddable":true,"href":"https:\/\/zatureczkimarcell.ddns.net\/wordpress\/wp-json\/wp\/v2\/media\/108424"}],"wp:attachment":[{"href":"https:\/\/zatureczkimarcell.ddns.net\/wordpress\/wp-json\/wp\/v2\/media?parent=109617"}],"wp:term":[{"taxonomy":"product_brand","embeddable":true,"href":"https:\/\/zatureczkimarcell.ddns.net\/wordpress\/wp-json\/wp\/v2\/product_brand?post=109617"},{"taxonomy":"product_cat","embeddable":true,"href":"https:\/\/zatureczkimarcell.ddns.net\/wordpress\/wp-json\/wp\/v2\/product_cat?post=109617"},{"taxonomy":"product_tag","embeddable":true,"href":"https:\/\/zatureczkimarcell.ddns.net\/wordpress\/wp-json\/wp\/v2\/product_tag?post=109617"}],"curies":[{"name":"wp","href":"https:\/\/api.w.org\/{rel}","templated":true}]}}