{"id":109616,"date":"2026-04-01T10:33:30","date_gmt":"2026-04-01T08:33:30","guid":{"rendered":"https:\/\/zatureczkimarcell.ddns.net\/wordpress\/?post_type=product&#038;p=109616"},"modified":"2026-04-01T10:33:57","modified_gmt":"2026-04-01T08:33:57","slug":"dainese-yamaha-noi-bornadrag-bemutato-videoval","status":"publish","type":"product","link":"https:\/\/zatureczkimarcell.ddns.net\/wordpress\/termek\/dainese-yamaha-noi-bornadrag-bemutato-videoval\/","title":{"rendered":"Dainese &#8211; Yamaha n\u0151i b\u0151rnadr\u00e1g &#8211; Bemutat\u00f3 vide\u00f3val!"},"content":{"rendered":"<p><strong>Magas min\u0151s&eacute;g\u0171&nbsp;<span style=\"color:#FF0000;\">Dainese<\/span> vajsz&iacute;n\u0171 n\u0151i b\u0151r motoros nadr&aacute;g.<\/strong><\/p>\n<p><strong><span style=\"color:#FF0000;\">A Yamaha c&eacute;g hivatalos ruh&aacute;zati term&eacute;ke!<\/span><\/strong><\/p>\n<p><strong>A nadr&aacute;gban nagym&eacute;ret\u0171 t&eacute;rdprotektor helyezhet\u0151 el ami a s&iacute;pcsontot is v&eacute;di.<\/strong><\/p>\n<p><strong>Kab&aacute;ttal &ouml;ssze cipz&aacute;razhat&oacute;<br \/>\nA hajl&aacute;si pontokon k&eacute;nyelmi bet&eacute;ttel gy&aacute;rtott,&nbsp;a maxim&aacute;lis komfort&eacute;rzetet el\u0151seg&iacute;tve.<br \/>\nA nadr&aacute;g alj&aacute;n hossz&uacute; cippz&aacute;r hogy a felv&eacute;tel a lehet\u0151 legk&ouml;nnyebb legyen.&nbsp;<\/strong><\/p>\n<p><strong>Minden r&eacute;szlet&eacute;ben ig&eacute;nyes kidolgoz&aacute;s&uacute; magas min\u0151s&eacute;g\u0171 term&eacute;k. M&eacute;g a patentokban is felt&uuml;ntett&eacute;k a Yamaha c&iacute;mer&eacute;t (L&aacute;sd a&nbsp;fot&oacute;kon )&nbsp;<br \/>\n*Korl&aacute;tozott m&eacute;ret &eacute;s darabsz&aacute;mban!<\/strong><\/p>\n<p><strong>N\u0151i XS, N\u0151i S &eacute;s N\u0151i M m&eacute;retekben.&nbsp;<\/strong><\/p>\n<p><strong><span style=\"color:#FF0000;\">Bemutat&oacute; vide&oacute; a term&eacute;kr\u0151l itt tekinthet\u0151 meg:<\/span>&nbsp;<a href=\"https:\/\/youtube.com\/shorts\/sNwcN-odiIw?feature=share\">https:\/\/youtube.com\/shorts\/sNwcN-odiIw?feature=share<\/a><\/strong><\/p>\n<\/p>\n<p>Tov&aacute;bbi term&eacute;ktulajdons&aacute;gok&eacute;rt l&aacute;togasd meg az anyaglexikon men&uuml;pontunkat !<\/p>\n<\/p>\n<p><strong style=\"box-sizing: border-box; max-width: 100%; font-family: Roboto, sans-serif; font-size: 16px;\">Haszn&aacute;lati &eacute;s kezel&eacute;si &uacute;tmutat&oacute; a term&eacute;khez&nbsp;el&eacute;rhet\u0151 ide kattintva:&nbsp;<a href=\"https:\/\/darazsgarazs.hu\/index.php\/termek\/hasznalati-utmutato.1155.html\">https:\/\/darazsgarazs.hu\/index.php\/termek\/hasznalati-utmutato.1155.html<\/a><\/strong><\/p><\/p>\n","protected":false},"excerpt":{"rendered":"<p>Magas min\u0151s&eacute;g\u0171&nbsp;Dainese vajsz&iacute;n\u0171 n\u0151i b\u0151r motoros nadr&aacute;g. A Yamaha c&eacute;g hivatalos ruh&aacute;zati term&eacute;ke! A nadr&aacute;gban nagym&eacute;ret\u0171 t&eacute;rdprotektor helyezhet\u0151 el ami [&hellip;]<\/p>\n","protected":false},"featured_media":108604,"template":"","meta":{"site-sidebar-layout":"default","site-content-layout":"","ast-site-content-layout":"default","site-content-style":"default","site-sidebar-style":"default","ast-global-header-display":"","ast-banner-title-visibility":"","ast-main-header-display":"","ast-hfb-above-header-display":"","ast-hfb-below-header-display":"","ast-hfb-mobile-header-display":"","site-post-title":"","ast-breadcrumbs-content":"","ast-featured-img":"","footer-sml-layout":"","ast-disable-related-posts":"","theme-transparent-header-meta":"","adv-header-id-meta":"","stick-header-meta":"","header-above-stick-meta":"","header-main-stick-meta":"","header-below-stick-meta":"","astra-migrate-meta-layouts":"default","ast-page-background-enabled":"default","ast-page-background-meta":{"desktop":{"background-color":"var(--ast-global-color-5)","background-image":"","background-repeat":"repeat","background-position":"center center","background-size":"auto","background-attachment":"scroll","background-type":"","background-media":"","overlay-type":"","overlay-color":"","overlay-opacity":"","overlay-gradient":""},"tablet":{"background-color":"","background-image":"","background-repeat":"repeat","background-position":"center center","background-size":"auto","background-attachment":"scroll","background-type":"","background-media":"","overlay-type":"","overlay-color":"","overlay-opacity":"","overlay-gradient":""},"mobile":{"background-color":"","background-image":"","background-repeat":"repeat","background-position":"center center","background-size":"auto","background-attachment":"scroll","background-type":"","background-media":"","overlay-type":"","overlay-color":"","overlay-opacity":"","overlay-gradient":""}},"ast-content-background-meta":{"desktop":{"background-color":"var(--ast-global-color-4)","background-image":"","background-repeat":"repeat","background-position":"center center","background-size":"auto","background-attachment":"scroll","background-type":"","background-media":"","overlay-type":"","overlay-color":"","overlay-opacity":"","overlay-gradient":""},"tablet":{"background-color":"var(--ast-global-color-4)","background-image":"","background-repeat":"repeat","background-position":"center center","background-size":"auto","background-attachment":"scroll","background-type":"","background-media":"","overlay-type":"","overlay-color":"","overlay-opacity":"","overlay-gradient":""},"mobile":{"background-color":"var(--ast-global-color-4)","background-image":"","background-repeat":"repeat","background-position":"center center","background-size":"auto","background-attachment":"scroll","background-type":"","background-media":"","overlay-type":"","overlay-color":"","overlay-opacity":"","overlay-gradient":""}}},"product_brand":[],"product_cat":[139,138],"product_tag":[],"class_list":{"0":"post-109616","1":"product","2":"type-product","3":"status-publish","4":"has-post-thumbnail","6":"product_cat-motoros-ruhazat","7":"product_cat-nadragok","8":"desktop-align-left","9":"tablet-align-left","10":"mobile-align-left","12":"first","13":"instock","14":"sale","15":"shipping-taxable","16":"purchasable","17":"product-type-simple"},"jetpack_sharing_enabled":true,"_links":{"self":[{"href":"https:\/\/zatureczkimarcell.ddns.net\/wordpress\/wp-json\/wp\/v2\/product\/109616","targetHints":{"allow":["GET"]}}],"collection":[{"href":"https:\/\/zatureczkimarcell.ddns.net\/wordpress\/wp-json\/wp\/v2\/product"}],"about":[{"href":"https:\/\/zatureczkimarcell.ddns.net\/wordpress\/wp-json\/wp\/v2\/types\/product"}],"wp:featuredmedia":[{"embeddable":true,"href":"https:\/\/zatureczkimarcell.ddns.net\/wordpress\/wp-json\/wp\/v2\/media\/108604"}],"wp:attachment":[{"href":"https:\/\/zatureczkimarcell.ddns.net\/wordpress\/wp-json\/wp\/v2\/media?parent=109616"}],"wp:term":[{"taxonomy":"product_brand","embeddable":true,"href":"https:\/\/zatureczkimarcell.ddns.net\/wordpress\/wp-json\/wp\/v2\/product_brand?post=109616"},{"taxonomy":"product_cat","embeddable":true,"href":"https:\/\/zatureczkimarcell.ddns.net\/wordpress\/wp-json\/wp\/v2\/product_cat?post=109616"},{"taxonomy":"product_tag","embeddable":true,"href":"https:\/\/zatureczkimarcell.ddns.net\/wordpress\/wp-json\/wp\/v2\/product_tag?post=109616"}],"curies":[{"name":"wp","href":"https:\/\/api.w.org\/{rel}","templated":true}]}}