{"id":109596,"date":"2026-04-01T10:32:55","date_gmt":"2026-04-01T08:32:55","guid":{"rendered":"https:\/\/zatureczkimarcell.ddns.net\/wordpress\/?post_type=product&#038;p=109596"},"modified":"2026-04-01T10:33:13","modified_gmt":"2026-04-01T08:33:13","slug":"repsol-scooter-4t-5w-40","status":"publish","type":"product","link":"https:\/\/zatureczkimarcell.ddns.net\/wordpress\/termek\/repsol-scooter-4t-5w-40\/","title":{"rendered":"Repsol Scooter 4T 5W-40"},"content":{"rendered":"<h3 class=\"likeh2\" style=\"box-sizing: border-box; font-family: 'PT Sans'; line-height: 24px; color: rgb(115, 115, 115); margin: 5px 0px 15px; font-size: 19px; height: 48px; overflow: hidden; outline: none !important;\"><span style=\"color:#000000;\">REPSOL Moto SCOOTER 4T 5w-40 Teljesen szintetikus motorolaj n&eacute;gy&uuml;tem\u0171 motorker&eacute;kp&aacute;rokhoz. <\/span><\/h3>\n<p style=\"box-sizing: border-box; margin: 0px; padding: 0px; color: rgb(143, 146, 144); font-family: 'Lucida Grande', 'Lucida Sans Unicode', Arial, Verdana, sans-serif; font-size: 15px; line-height: 21.4285px; outline: none !important;\"><span style=\"color:#000000;\">Haszn&aacute;lata k&uuml;l&ouml;n&ouml;sen aj&aacute;nlott n&eacute;gy&uuml;tem\u0171 robog&oacute;khoz. T&ouml;k&eacute;letes v&eacute;delmet &eacute;s ez&aacute;ltal hossz&uacute; &eacute;lettartamot biztos&iacute;t a nagy ig&eacute;nybev&eacute;telnek (magas fordulatsz&aacute;m, nagy terhel&eacute;s) kitett n&eacute;gy&uuml;tem\u0171 motoroknak. <\/span><\/p>\n<p style=\"box-sizing: border-box; margin: 0px; padding: 0px; color: rgb(143, 146, 144); font-family: 'Lucida Grande', 'Lucida Sans Unicode', Arial, Verdana, sans-serif; font-size: 15px; line-height: 21.4285px; outline: none !important;\"><span style=\"color:#000000;\">Kimagasl&oacute; tulajdons&aacute;gai els\u0151sorban a legkem&eacute;nyebb ig&eacute;nybev&eacute;telt jelent\u0151 v&aacute;rosi haszn&aacute;latban mutatkoznak meg. Tulajdons&aacute;gok: T&eacute;len &eacute;s ny&aacute;ron egyar&aacute;nt haszn&aacute;lhat&oacute;. Alacsony hidegoldali viszkozit&aacute;si fokozat&aacute;nak k&ouml;sz&ouml;nhet\u0151en megk&ouml;nny&iacute;ti a hidegindt&aacute;st. Kiemelked\u0151 termikus stabilit&aacute;ssal &eacute;s jelent\u0151s oxid&aacute;ci&oacute;s tartal&eacute;kkal rendelkezik. Egyed&uuml;l&aacute;ll&oacute; kop&aacute;s elleni v&eacute;delmet biztos&iacute;t a motor &eacute;s a sebess&eacute;gv&aacute;lt&oacute; alkatr&eacute;szeinek. Prec&iacute;z &eacute;s komfortos sebess&eacute;gv&aacute;lt&aacute;st biztos&iacute;t. Haszn&aacute;lat&aacute;val elker&uuml;lhet\u0151 a tengelykapcsol&oacute; megcs&uacute;sz&aacute;sa. J&oacute;v&aacute;hagy&aacute;sok: API SJ JASO T 903:2006 MA<\/span><\/p>\n<p style=\"box-sizing: border-box; margin: 0px; padding: 0px; color: rgb(143, 146, 144); font-family: 'Lucida Grande', 'Lucida Sans Unicode', Arial, Verdana, sans-serif; font-size: 15px; line-height: 21.4285px; outline: none !important;\">\n<p style=\"box-sizing: border-box; margin: 0px; padding: 0px; color: rgb(143, 146, 144); font-family: 'Lucida Grande', 'Lucida Sans Unicode', Arial, Verdana, sans-serif; font-size: 15px; line-height: 21.4285px; outline: none !important;\"><strong style=\"box-sizing: border-box; max-width: 100%; font-family: Roboto, sans-serif; font-size: 16px;\">Haszn&aacute;lati &eacute;s kezel&eacute;si &uacute;tmutat&oacute; a term&eacute;khez el&eacute;rhet\u0151 ide kattintva:&nbsp;<a href=\"https:\/\/darazsgarazs.hu\/index.php\/termek\/hasznalati-utmutato-alkatreszek.1158.html\">https:\/\/darazsgarazs.hu\/index.php\/termek\/hasznalati-utmutato-alkatreszek.1158.html<\/a><\/strong><\/p>\n","protected":false},"excerpt":{"rendered":"<p>REPSOL Moto SCOOTER 4T 5w-40 Teljesen szintetikus motorolaj n&eacute;gy&uuml;tem\u0171 motorker&eacute;kp&aacute;rokhoz. Haszn&aacute;lata k&uuml;l&ouml;n&ouml;sen aj&aacute;nlott n&eacute;gy&uuml;tem\u0171 robog&oacute;khoz. T&ouml;k&eacute;letes v&eacute;delmet &eacute;s ez&aacute;ltal hossz&uacute; [&hellip;]<\/p>\n","protected":false},"featured_media":107454,"template":"","meta":{"site-sidebar-layout":"default","site-content-layout":"","ast-site-content-layout":"default","site-content-style":"default","site-sidebar-style":"default","ast-global-header-display":"","ast-banner-title-visibility":"","ast-main-header-display":"","ast-hfb-above-header-display":"","ast-hfb-below-header-display":"","ast-hfb-mobile-header-display":"","site-post-title":"","ast-breadcrumbs-content":"","ast-featured-img":"","footer-sml-layout":"","ast-disable-related-posts":"","theme-transparent-header-meta":"","adv-header-id-meta":"","stick-header-meta":"","header-above-stick-meta":"","header-main-stick-meta":"","header-below-stick-meta":"","astra-migrate-meta-layouts":"default","ast-page-background-enabled":"default","ast-page-background-meta":{"desktop":{"background-color":"var(--ast-global-color-5)","background-image":"","background-repeat":"repeat","background-position":"center center","background-size":"auto","background-attachment":"scroll","background-type":"","background-media":"","overlay-type":"","overlay-color":"","overlay-opacity":"","overlay-gradient":""},"tablet":{"background-color":"","background-image":"","background-repeat":"repeat","background-position":"center center","background-size":"auto","background-attachment":"scroll","background-type":"","background-media":"","overlay-type":"","overlay-color":"","overlay-opacity":"","overlay-gradient":""},"mobile":{"background-color":"","background-image":"","background-repeat":"repeat","background-position":"center center","background-size":"auto","background-attachment":"scroll","background-type":"","background-media":"","overlay-type":"","overlay-color":"","overlay-opacity":"","overlay-gradient":""}},"ast-content-background-meta":{"desktop":{"background-color":"var(--ast-global-color-4)","background-image":"","background-repeat":"repeat","background-position":"center center","background-size":"auto","background-attachment":"scroll","background-type":"","background-media":"","overlay-type":"","overlay-color":"","overlay-opacity":"","overlay-gradient":""},"tablet":{"background-color":"var(--ast-global-color-4)","background-image":"","background-repeat":"repeat","background-position":"center center","background-size":"auto","background-attachment":"scroll","background-type":"","background-media":"","overlay-type":"","overlay-color":"","overlay-opacity":"","overlay-gradient":""},"mobile":{"background-color":"var(--ast-global-color-4)","background-image":"","background-repeat":"repeat","background-position":"center center","background-size":"auto","background-attachment":"scroll","background-type":"","background-media":"","overlay-type":"","overlay-color":"","overlay-opacity":"","overlay-gradient":""}}},"product_brand":[],"product_cat":[129],"product_tag":[],"class_list":{"0":"post-109596","1":"product","2":"type-product","3":"status-publish","4":"has-post-thumbnail","6":"product_cat-akcios-kenoanyagok-es-apolasi-termekek","7":"desktop-align-left","8":"tablet-align-left","9":"mobile-align-left","11":"first","12":"instock","13":"shipping-taxable","14":"purchasable","15":"product-type-simple"},"jetpack_sharing_enabled":true,"_links":{"self":[{"href":"https:\/\/zatureczkimarcell.ddns.net\/wordpress\/wp-json\/wp\/v2\/product\/109596","targetHints":{"allow":["GET"]}}],"collection":[{"href":"https:\/\/zatureczkimarcell.ddns.net\/wordpress\/wp-json\/wp\/v2\/product"}],"about":[{"href":"https:\/\/zatureczkimarcell.ddns.net\/wordpress\/wp-json\/wp\/v2\/types\/product"}],"wp:featuredmedia":[{"embeddable":true,"href":"https:\/\/zatureczkimarcell.ddns.net\/wordpress\/wp-json\/wp\/v2\/media\/107454"}],"wp:attachment":[{"href":"https:\/\/zatureczkimarcell.ddns.net\/wordpress\/wp-json\/wp\/v2\/media?parent=109596"}],"wp:term":[{"taxonomy":"product_brand","embeddable":true,"href":"https:\/\/zatureczkimarcell.ddns.net\/wordpress\/wp-json\/wp\/v2\/product_brand?post=109596"},{"taxonomy":"product_cat","embeddable":true,"href":"https:\/\/zatureczkimarcell.ddns.net\/wordpress\/wp-json\/wp\/v2\/product_cat?post=109596"},{"taxonomy":"product_tag","embeddable":true,"href":"https:\/\/zatureczkimarcell.ddns.net\/wordpress\/wp-json\/wp\/v2\/product_tag?post=109596"}],"curies":[{"name":"wp","href":"https:\/\/api.w.org\/{rel}","templated":true}]}}