{"id":109590,"date":"2026-04-01T10:32:51","date_gmt":"2026-04-01T08:32:51","guid":{"rendered":"https:\/\/zatureczkimarcell.ddns.net\/wordpress\/?post_type=product&#038;p=109590"},"modified":"2026-04-01T10:33:10","modified_gmt":"2026-04-01T08:33:10","slug":"defektjavito-szett-profi-altalunk-is-tesztelt-termek","status":"publish","type":"product","link":"https:\/\/zatureczkimarcell.ddns.net\/wordpress\/termek\/defektjavito-szett-profi-altalunk-is-tesztelt-termek\/","title":{"rendered":"Defektjav\u00edt\u00f3 szett profi-\u00c1ltalunk is tesztelt term\u00e9k!"},"content":{"rendered":"<p><span style=\"color:#FF0000;\"><strong>T&ouml;k&eacute;letes megold&aacute;s hogy ne maradhasson<br \/>\nf&eacute;lbe a motoros t&uacute;ra. Ezzel a term&eacute;kkel nem csak&nbsp;<br \/>\nmegjav&iacute;thatod a defektes kereket, de a helysz&iacute;nen&nbsp;<br \/>\nfel is tudod f&uacute;jni a gumit! Ez kimondhatatlanul nagy&nbsp;<br \/>\nel\u0151ny , b&aacute;rhol is kelljen gumit jav&iacute;tani!&nbsp;<\/strong><\/span><\/p>\n<p><strong>A term&eacute;k haszn&aacute;lata:&nbsp;<\/strong><\/p>\n<p><strong>1. H&uacute;zd ki a t&uuml;sk&eacute;t, vagy a s&eacute;r&uuml;l&eacute;st okoz&oacute; egy&eacute;b t&aacute;rgyat.<\/strong><\/p>\n<p><strong>2. A rec&eacute;s szersz&aacute;mmal dolgozd meg a lyukat, am&iacute;g k&ouml;nnyen nem mozog a d&ouml;rzs&aacute;r<\/strong><\/p>\n<p><strong>3. F\u0171zd be a gumijav&iacute;t&oacute; kukacot a t\u0171be .<\/strong><\/p>\n<p><strong>4. Told be a t\u0171vel a gumijav&iacute;t&oacute; kukacot, am&iacute;g csak a fele l&oacute;g ki, majd csavard el a t\u0171t egy negyed fordulattal &eacute;s h&uacute;zd ki<\/strong><\/p>\n<p><strong>&nbsp;5. V&aacute;gd le a kil&oacute;g&oacute; cafatokat a mell&eacute;kelt szik&eacute;vel (csomag tartalmazza)<\/strong><\/p>\n<p><strong>6. A patronok seg&iacute;ts&eacute;g&eacute;vel f&uacute;jd fel a kereket! Vigy&aacute;zat! A patronokra minden esetben haszn&aacute;ld a k&uuml;ls\u0151 fekete bor&iacute;t&aacute;st mert hideg lesz a patron. Lehet\u0151s&eacute;g szerint viselj keszty\u0171t! <\/strong><\/p>\n<p><strong>7. Az els\u0151 benzink&uacute;ton, vagy szervizben &aacute;ll&iacute;tsd be a megfelel\u0151 guminyom&aacute;st.<\/strong><\/p>\n<p><strong>A term&eacute;kr\u0151l &uuml;zlet&uuml;nk munkat&aacute;rsainak a v&eacute;lem&eacute;ny&eacute;t a saj&aacute;t tesztel&eacute;s\u0171 term&eacute;kek men\u0171pont alatt olvashatod .<\/strong><\/p>\n<p><strong>Kattints ide &eacute;s olvasd el a v&eacute;lem&eacute;nyt:&nbsp;<a href=\"http:\/\/darazsgarazs.hu\/termek\/defektjavito-szett.824.html\">http:\/\/darazsgarazs.hu\/termek\/defektjavito-szett.824.html<\/a><\/strong><\/p>\n","protected":false},"excerpt":{"rendered":"<p>T&ouml;k&eacute;letes megold&aacute;s hogy ne maradhasson f&eacute;lbe a motoros t&uacute;ra. Ezzel a term&eacute;kkel nem csak&nbsp; megjav&iacute;thatod a defektes kereket, de a [&hellip;]<\/p>\n","protected":false},"featured_media":103063,"template":"","meta":{"site-sidebar-layout":"default","site-content-layout":"","ast-site-content-layout":"default","site-content-style":"default","site-sidebar-style":"default","ast-global-header-display":"","ast-banner-title-visibility":"","ast-main-header-display":"","ast-hfb-above-header-display":"","ast-hfb-below-header-display":"","ast-hfb-mobile-header-display":"","site-post-title":"","ast-breadcrumbs-content":"","ast-featured-img":"","footer-sml-layout":"","ast-disable-related-posts":"","theme-transparent-header-meta":"","adv-header-id-meta":"","stick-header-meta":"","header-above-stick-meta":"","header-main-stick-meta":"","header-below-stick-meta":"","astra-migrate-meta-layouts":"default","ast-page-background-enabled":"default","ast-page-background-meta":{"desktop":{"background-color":"var(--ast-global-color-5)","background-image":"","background-repeat":"repeat","background-position":"center center","background-size":"auto","background-attachment":"scroll","background-type":"","background-media":"","overlay-type":"","overlay-color":"","overlay-opacity":"","overlay-gradient":""},"tablet":{"background-color":"","background-image":"","background-repeat":"repeat","background-position":"center center","background-size":"auto","background-attachment":"scroll","background-type":"","background-media":"","overlay-type":"","overlay-color":"","overlay-opacity":"","overlay-gradient":""},"mobile":{"background-color":"","background-image":"","background-repeat":"repeat","background-position":"center center","background-size":"auto","background-attachment":"scroll","background-type":"","background-media":"","overlay-type":"","overlay-color":"","overlay-opacity":"","overlay-gradient":""}},"ast-content-background-meta":{"desktop":{"background-color":"var(--ast-global-color-4)","background-image":"","background-repeat":"repeat","background-position":"center center","background-size":"auto","background-attachment":"scroll","background-type":"","background-media":"","overlay-type":"","overlay-color":"","overlay-opacity":"","overlay-gradient":""},"tablet":{"background-color":"var(--ast-global-color-4)","background-image":"","background-repeat":"repeat","background-position":"center center","background-size":"auto","background-attachment":"scroll","background-type":"","background-media":"","overlay-type":"","overlay-color":"","overlay-opacity":"","overlay-gradient":""},"mobile":{"background-color":"var(--ast-global-color-4)","background-image":"","background-repeat":"repeat","background-position":"center center","background-size":"auto","background-attachment":"scroll","background-type":"","background-media":"","overlay-type":"","overlay-color":"","overlay-opacity":"","overlay-gradient":""}}},"product_brand":[],"product_cat":[126,127,133],"product_tag":[],"class_list":{"0":"post-109590","1":"product","2":"type-product","3":"status-publish","4":"has-post-thumbnail","6":"product_cat-alkatreszek","7":"product_cat-apolas","8":"product_cat-turafelszereles","9":"desktop-align-left","10":"tablet-align-left","11":"mobile-align-left","13":"first","14":"instock","15":"shipping-taxable","16":"purchasable","17":"product-type-simple"},"jetpack_sharing_enabled":true,"_links":{"self":[{"href":"https:\/\/zatureczkimarcell.ddns.net\/wordpress\/wp-json\/wp\/v2\/product\/109590","targetHints":{"allow":["GET"]}}],"collection":[{"href":"https:\/\/zatureczkimarcell.ddns.net\/wordpress\/wp-json\/wp\/v2\/product"}],"about":[{"href":"https:\/\/zatureczkimarcell.ddns.net\/wordpress\/wp-json\/wp\/v2\/types\/product"}],"wp:featuredmedia":[{"embeddable":true,"href":"https:\/\/zatureczkimarcell.ddns.net\/wordpress\/wp-json\/wp\/v2\/media\/103063"}],"wp:attachment":[{"href":"https:\/\/zatureczkimarcell.ddns.net\/wordpress\/wp-json\/wp\/v2\/media?parent=109590"}],"wp:term":[{"taxonomy":"product_brand","embeddable":true,"href":"https:\/\/zatureczkimarcell.ddns.net\/wordpress\/wp-json\/wp\/v2\/product_brand?post=109590"},{"taxonomy":"product_cat","embeddable":true,"href":"https:\/\/zatureczkimarcell.ddns.net\/wordpress\/wp-json\/wp\/v2\/product_cat?post=109590"},{"taxonomy":"product_tag","embeddable":true,"href":"https:\/\/zatureczkimarcell.ddns.net\/wordpress\/wp-json\/wp\/v2\/product_tag?post=109590"}],"curies":[{"name":"wp","href":"https:\/\/api.w.org\/{rel}","templated":true}]}}