{"id":109586,"date":"2026-04-01T10:32:48","date_gmt":"2026-04-01T08:32:48","guid":{"rendered":"https:\/\/zatureczkimarcell.ddns.net\/wordpress\/?post_type=product&#038;p=109586"},"modified":"2026-04-01T10:33:08","modified_gmt":"2026-04-01T08:33:08","slug":"forcefield-gerincprotektor-kabatba","status":"publish","type":"product","link":"https:\/\/zatureczkimarcell.ddns.net\/wordpress\/termek\/forcefield-gerincprotektor-kabatba\/","title":{"rendered":"Forcefield gerincprotektor kab\u00e1tba"},"content":{"rendered":"<p><strong>A Forcefield Pro Lite K Back Insert k&uuml;l&ouml;nleges, cs&uacute;cstechnol&oacute;gi&aacute;s, kis h&aacute;romsz&ouml;geket form&aacute;z&oacute; energiaelnyel\u0151 anyagb&oacute;l (Nitrex Evo&reg;, 4 r&eacute;teg) k&eacute;sz&uuml;lt. Biztons&aacute;g szempontj&aacute;b&oacute;l jelent\u0151sen t&uacute;lsz&aacute;rnyalja a CE szabv&aacute;nyban foglalt &eacute;rt&eacute;keket. A Forcefield Pro ut&oacute;lag beilleszthet\u0151 h&aacute;tprotektor hasonl&oacute;an a t&ouml;bbi h&aacute;tprotektorunkhoz puha, hajl&eacute;kony &eacute;s k&eacute;nyelmes. Amennyiben arra gyanakszik, hogy a motoros kab&aacute;tj&aacute;ban l&eacute;v\u0151 gy&aacute;ri h&aacute;tv&eacute;d\u0151 nem ny&uacute;jt megfelel\u0151 biztons&aacute;got, de nem szeretne felvehet\u0151 h&aacute;tprotektort, v&aacute;lassza ezt a term&eacute;ket!<\/strong><\/p>\n<p><strong>Az orsz&aacute;gban jelenleg a legjobb &aacute;rban!<\/strong><\/p>\n<p><strong>T&ouml;bbf&eacute;le m&eacute;retben:&nbsp;<\/strong><\/p>\n<ul open=\"\" sans=\"\" style=\"box-sizing: inherit; margin: 0px 0px 26px 25px; padding-right: 0px; padding-left: 0px; list-style-position: initial; list-style-image: initial; color: rgb(98, 98, 98); font-family: \">\n<li style=\"box-sizing: inherit;\"><strong>001: &nbsp;(S&uacute;ly: 366g. Hossz: 39 cm. Sz&eacute;less&eacute;g: 30 cm.)<\/strong><\/li>\n<li style=\"box-sizing: inherit;\"><strong>002: &nbsp;(S&uacute;ly: 445g. Hossz: 45 cm. Sz&eacute;less&eacute;g: 34 cm.)<\/strong><\/li>\n<li style=\"box-sizing: inherit;\"><strong>003: &nbsp;(S&uacute;ly: 446g. Hossz: 42 cm. Sz&eacute;less&eacute;g: 27 cm.)<\/strong><\/li>\n<li style=\"box-sizing: inherit;\"><strong>007: &nbsp;(S&uacute;ly: 409g. Hossz: 44 cm. Sz&eacute;less&eacute;g: 25 cm.)<\/strong><\/li>\n<li style=\"box-sizing: inherit;\"><strong>008: &nbsp;(S&uacute;ly: 369g. Hossz: 39 cm. Sz&eacute;less&eacute;g: 25 cm.)<\/strong><\/li>\n<li style=\"box-sizing: inherit;\"><strong>009: &nbsp;(S&uacute;ly: 515g. Hossz: 52 cm. Sz&eacute;less&eacute;g: 29 cm.)<\/strong><\/li>\n<li style=\"box-sizing: inherit;\"><strong>010: &nbsp;(S&uacute;ly: 477g. Hossz: 43 cm. Sz&eacute;less&eacute;g: 27 cm.)<\/strong><\/li>\n<li style=\"box-sizing: inherit;\"><strong>011: &nbsp;(S&uacute;ly: 553g. Hossz: 50 cm. Sz&eacute;less&eacute;g: 27 cm.)<\/strong><\/li>\n<\/ul>\n<p style=\"box-sizing: inherit;\"><strong style=\"font-family: Roboto, sans-serif; font-size: 16px; box-sizing: border-box; max-width: 100%;\">Haszn&aacute;lati &eacute;s kezel&eacute;si &uacute;tmutat&oacute; a term&eacute;khez&nbsp;el&eacute;rhet\u0151 ide kattintva:&nbsp;<a href=\"https:\/\/darazsgarazs.hu\/index.php\/termek\/hasznalati-utmutato-protektorokhoz.1411.html\">https:\/\/darazsgarazs.hu\/index.php\/termek\/hasznalati-utmutato-protektorokhoz.1411.html<\/a><\/strong><\/p>\n","protected":false},"excerpt":{"rendered":"<p>A Forcefield Pro Lite K Back Insert k&uuml;l&ouml;nleges, cs&uacute;cstechnol&oacute;gi&aacute;s, kis h&aacute;romsz&ouml;geket form&aacute;z&oacute; energiaelnyel\u0151 anyagb&oacute;l (Nitrex Evo&reg;, 4 r&eacute;teg) k&eacute;sz&uuml;lt. Biztons&aacute;g [&hellip;]<\/p>\n","protected":false},"featured_media":106013,"template":"","meta":{"site-sidebar-layout":"default","site-content-layout":"","ast-site-content-layout":"default","site-content-style":"default","site-sidebar-style":"default","ast-global-header-display":"","ast-banner-title-visibility":"","ast-main-header-display":"","ast-hfb-above-header-display":"","ast-hfb-below-header-display":"","ast-hfb-mobile-header-display":"","site-post-title":"","ast-breadcrumbs-content":"","ast-featured-img":"","footer-sml-layout":"","ast-disable-related-posts":"","theme-transparent-header-meta":"","adv-header-id-meta":"","stick-header-meta":"","header-above-stick-meta":"","header-main-stick-meta":"","header-below-stick-meta":"","astra-migrate-meta-layouts":"default","ast-page-background-enabled":"default","ast-page-background-meta":{"desktop":{"background-color":"var(--ast-global-color-5)","background-image":"","background-repeat":"repeat","background-position":"center center","background-size":"auto","background-attachment":"scroll","background-type":"","background-media":"","overlay-type":"","overlay-color":"","overlay-opacity":"","overlay-gradient":""},"tablet":{"background-color":"","background-image":"","background-repeat":"repeat","background-position":"center center","background-size":"auto","background-attachment":"scroll","background-type":"","background-media":"","overlay-type":"","overlay-color":"","overlay-opacity":"","overlay-gradient":""},"mobile":{"background-color":"","background-image":"","background-repeat":"repeat","background-position":"center center","background-size":"auto","background-attachment":"scroll","background-type":"","background-media":"","overlay-type":"","overlay-color":"","overlay-opacity":"","overlay-gradient":""}},"ast-content-background-meta":{"desktop":{"background-color":"var(--ast-global-color-4)","background-image":"","background-repeat":"repeat","background-position":"center center","background-size":"auto","background-attachment":"scroll","background-type":"","background-media":"","overlay-type":"","overlay-color":"","overlay-opacity":"","overlay-gradient":""},"tablet":{"background-color":"var(--ast-global-color-4)","background-image":"","background-repeat":"repeat","background-position":"center center","background-size":"auto","background-attachment":"scroll","background-type":"","background-media":"","overlay-type":"","overlay-color":"","overlay-opacity":"","overlay-gradient":""},"mobile":{"background-color":"var(--ast-global-color-4)","background-image":"","background-repeat":"repeat","background-position":"center center","background-size":"auto","background-attachment":"scroll","background-type":"","background-media":"","overlay-type":"","overlay-color":"","overlay-opacity":"","overlay-gradient":""}}},"product_brand":[],"product_cat":[130],"product_tag":[],"class_list":{"0":"post-109586","1":"product","2":"type-product","3":"status-publish","4":"has-post-thumbnail","6":"product_cat-protektorok","7":"desktop-align-left","8":"tablet-align-left","9":"mobile-align-left","11":"first","12":"instock","13":"sale","14":"shipping-taxable","15":"purchasable","16":"product-type-simple"},"jetpack_sharing_enabled":true,"_links":{"self":[{"href":"https:\/\/zatureczkimarcell.ddns.net\/wordpress\/wp-json\/wp\/v2\/product\/109586","targetHints":{"allow":["GET"]}}],"collection":[{"href":"https:\/\/zatureczkimarcell.ddns.net\/wordpress\/wp-json\/wp\/v2\/product"}],"about":[{"href":"https:\/\/zatureczkimarcell.ddns.net\/wordpress\/wp-json\/wp\/v2\/types\/product"}],"wp:featuredmedia":[{"embeddable":true,"href":"https:\/\/zatureczkimarcell.ddns.net\/wordpress\/wp-json\/wp\/v2\/media\/106013"}],"wp:attachment":[{"href":"https:\/\/zatureczkimarcell.ddns.net\/wordpress\/wp-json\/wp\/v2\/media?parent=109586"}],"wp:term":[{"taxonomy":"product_brand","embeddable":true,"href":"https:\/\/zatureczkimarcell.ddns.net\/wordpress\/wp-json\/wp\/v2\/product_brand?post=109586"},{"taxonomy":"product_cat","embeddable":true,"href":"https:\/\/zatureczkimarcell.ddns.net\/wordpress\/wp-json\/wp\/v2\/product_cat?post=109586"},{"taxonomy":"product_tag","embeddable":true,"href":"https:\/\/zatureczkimarcell.ddns.net\/wordpress\/wp-json\/wp\/v2\/product_tag?post=109586"}],"curies":[{"name":"wp","href":"https:\/\/api.w.org\/{rel}","templated":true}]}}