{"id":109582,"date":"2026-04-01T10:32:46","date_gmt":"2026-04-01T08:32:46","guid":{"rendered":"https:\/\/zatureczkimarcell.ddns.net\/wordpress\/?post_type=product&#038;p=109582"},"modified":"2026-04-01T10:33:05","modified_gmt":"2026-04-01T08:33:05","slug":"kipufogo-leomlo-tisztito-videoval-altalunk-is-tesztelt-termek","status":"publish","type":"product","link":"https:\/\/zatureczkimarcell.ddns.net\/wordpress\/termek\/kipufogo-leomlo-tisztito-videoval-altalunk-is-tesztelt-termek\/","title":{"rendered":"Kipufog\u00f3 le\u00f6ml\u0151 tiszt\u00edt\u00f3- Vide\u00f3val! \u00c1ltalunk is tesztelt term\u00e9k!"},"content":{"rendered":"<p><span style=\"font-size:16px;\"><strong><span segoe=\"\" style=\"color: rgb(68, 68, 68); font-family: -apple-system, system-ui, BlinkMacSystemFont, \" ui=\"\">Megbarnultak, vagy elkoszol&oacute;dtak a kipufog&oacute; le&ouml;ml\u0151id, &eacute;s nem akarsz &oacute;r&aacute;kat elt&ouml;lteni azzal hogy &uacute;jra &uacute;gy n&eacute;zzenek ki mint r&eacute;gen amikor a szalonb&oacute;l kig&ouml;rd&uuml;lt a motor?<\/span><br segoe=\"\" style=\"box-sizing: inherit; color: rgb(68, 68, 68); font-family: -apple-system, system-ui, BlinkMacSystemFont, \" ui=\"\" \/><br \/>\n<span segoe=\"\" style=\"color: rgb(68, 68, 68); font-family: -apple-system, system-ui, BlinkMacSystemFont, \" ui=\"\">Ez a te titkos fegyvered a kosz &eacute;s az elsz&iacute;nez\u0151d&eacute;s ellen! Csak felkened a le&ouml;ml\u0151idre &eacute;s a hat&aacute;s azonnali! Nem hiszed? T&eacute;gy egy pr&oacute;b&aacute;t!&nbsp;<\/span><\/strong><\/span><\/p>\n<p><strong>A kipufog&oacute; le&ouml;ml\u0151 tiszt&iacute;t&oacute;t az al&aacute;bbiak szerint tudja sikerrel haszn&aacute;lni:<br \/>\n&nbsp;<br \/>\nA kih\u0171lt le&ouml;ml\u0151kre , h&aacute;ztart&aacute;si szivacs, vagy m&aacute;s &eacute;rdes fel&uuml;let\u0171 rongydarabbal vigye fel a term&eacute;ket. Nem sz&uuml;ks&eacute;ges sokat haszn&aacute;lni, n&eacute;h&aacute;ny csepp megteszi.<br \/>\nNagyon fontos hogy a term&eacute;k ne &eacute;rintkezzen f&eacute;nyezett-lakkozott fel&uuml;lettel (pl. Motorker&eacute;kp&aacute;r v&aacute;z, vagy motorblokk)<br \/>\nMiut&aacute;n a k&iacute;v&aacute;nt hat&aacute;st el&eacute;rte , a le&ouml;ml\u0151k kivil&aacute;gosodtak-megtisztultak, nedves ronggyal t&ouml;r&ouml;lje le a le&ouml;ml\u0151ket, majd sz&aacute;raz ronggyal gondoskodjon r&oacute;la hogy a le&ouml;ml\u0151k ne maradjanak nedvesek. Kr&oacute;m fel&uuml;leten ne alkalmazza a term&eacute;ket!&nbsp;<\/strong><\/p>\n<p><strong style=\"box-sizing: border-box; max-width: 100%; font-family: Roboto, sans-serif; font-size: 16px;\">Haszn&aacute;lati &eacute;s kezel&eacute;si &uacute;tmutat&oacute; a term&eacute;khez el&eacute;rhet\u0151 ide kattintva:&nbsp;<a href=\"https:\/\/darazsgarazs.hu\/index.php\/termek\/hasznalati-utmutato-alkatreszek.1158.html\">https:\/\/darazsgarazs.hu\/index.php\/termek\/hasznalati-utmutato-alkatreszek.1158.html<\/a><\/strong><\/p>\n<p><font face=\"Roboto, sans-serif\"><span style=\"font-size: 16px;\"><b>Egyik &uuml;gyfel&uuml;nk k&uuml;ldte vissza nek&uuml;nk ezt a vide&oacute;t:&nbsp;<a href=\"https:\/\/youtu.be\/fwGN3pPghg8\">https:\/\/youtu.be\/fwGN3pPghg8<\/a><\/b><\/span><\/font><\/p>\n<p>\n<strong><span style=\"color:#FF0000;\">A term&eacute;k ne &eacute;rintkezzen a b\u0151rrel, szembe ne ker&uuml;lj&ouml;n. Tan&aacute;csos v&eacute;d\u0151keszty\u0171 haszn&aacute;lata. Kisgyermek el\u0151l elz&aacute;rva tartand&oacute;!&nbsp;<br \/>\nSzint&eacute;n fontos , hogy kr&oacute;m fel&uuml;letre ne alkalmazza a term&eacute;ket!&nbsp;<\/span><\/strong><\/p>\n<p><strong><span style=\"color:#FF0000;\">(A GSX1100R -r\u0151l k&eacute;sz&uuml;lt k&eacute;peket egy kedves v&aacute;s&aacute;rl&oacute;nk k&uuml;ldte vissza nek&uuml;nk!)<\/span><\/strong><\/p>\n<p>T&ouml;lt\u0151mennyis&eacute;g: 50ml&nbsp;<\/p>\n<\/p>\n<div style=\"position:relative;padding-bottom:56.25%;padding-top:30px;height:0;overflow:hidden;\"><iframe loading=\"lazy\" allowfullscreen=\"\" frameborder=\"0\" height=\"360\" src=\"\/\/www.youtube.com\/embed\/C5qy39Q99K4?rel=0\" style=\"position: absolute;top: 0;left: 0;width: 100%;height: 100%;\" width=\"640\"><\/iframe><\/div>\n<\/p>\n<div style=\"position:relative;padding-bottom:56.25%;padding-top:30px;height:0;overflow:hidden;\">\n<div style=\"position:relative;padding-bottom:56.25%;padding-top:30px;height:0;overflow:hidden;\"><iframe loading=\"lazy\" allowfullscreen=\"\" frameborder=\"0\" height=\"360\" src=\"\/\/www.youtube.com\/embed\/_o4cpkrU6oA?rel=0\" style=\"position: absolute;top: 0;left: 0;width: 100%;height: 100%;\" width=\"640\"><\/iframe><\/div>\n<div style=\"position:relative;padding-bottom:56.25%;padding-top:30px;height:0;overflow:hidden;\">\n<div style=\"position:relative;padding-bottom:56.25%;padding-top:30px;height:0;overflow:hidden;\"><iframe loading=\"lazy\" allowfullscreen=\"\" frameborder=\"0\" height=\"360\" src=\"\/\/www.youtube.com\/embed\/fwGN3pPghg8?rel=0\" style=\"position: absolute;top: 0;left: 0;width: 100%;height: 100%;\" width=\"640\"><\/iframe><\/div>\n<\/p>\n<\/div>\n<div style=\"position:relative;padding-bottom:56.25%;padding-top:30px;height:0;overflow:hidden;\">\n<div style=\"position:relative;padding-bottom:56.25%;padding-top:30px;height:0;overflow:hidden;\"><iframe loading=\"lazy\" allowfullscreen=\"\" frameborder=\"0\" height=\"360\" src=\"\/\/www.youtube.com\/embed\/fwGN3pPghg8?rel=0\" style=\"position: absolute;top: 0;left: 0;width: 100%;height: 100%;\" width=\"640\"><\/iframe><\/div>\n<\/p>\n<\/div>\n<div style=\"position:relative;padding-bottom:56.25%;padding-top:30px;height:0;overflow:hidden;\"><\/div>\n<\/p>\n<\/div>\n","protected":false},"excerpt":{"rendered":"<p>Megbarnultak, vagy elkoszol&oacute;dtak a kipufog&oacute; le&ouml;ml\u0151id, &eacute;s nem akarsz &oacute;r&aacute;kat elt&ouml;lteni azzal hogy &uacute;jra &uacute;gy n&eacute;zzenek ki mint r&eacute;gen amikor [&hellip;]<\/p>\n","protected":false},"featured_media":109101,"template":"","meta":{"site-sidebar-layout":"default","site-content-layout":"","ast-site-content-layout":"default","site-content-style":"default","site-sidebar-style":"default","ast-global-header-display":"","ast-banner-title-visibility":"","ast-main-header-display":"","ast-hfb-above-header-display":"","ast-hfb-below-header-display":"","ast-hfb-mobile-header-display":"","site-post-title":"","ast-breadcrumbs-content":"","ast-featured-img":"","footer-sml-layout":"","ast-disable-related-posts":"","theme-transparent-header-meta":"","adv-header-id-meta":"","stick-header-meta":"","header-above-stick-meta":"","header-main-stick-meta":"","header-below-stick-meta":"","astra-migrate-meta-layouts":"default","ast-page-background-enabled":"default","ast-page-background-meta":{"desktop":{"background-color":"var(--ast-global-color-5)","background-image":"","background-repeat":"repeat","background-position":"center center","background-size":"auto","background-attachment":"scroll","background-type":"","background-media":"","overlay-type":"","overlay-color":"","overlay-opacity":"","overlay-gradient":""},"tablet":{"background-color":"","background-image":"","background-repeat":"repeat","background-position":"center center","background-size":"auto","background-attachment":"scroll","background-type":"","background-media":"","overlay-type":"","overlay-color":"","overlay-opacity":"","overlay-gradient":""},"mobile":{"background-color":"","background-image":"","background-repeat":"repeat","background-position":"center center","background-size":"auto","background-attachment":"scroll","background-type":"","background-media":"","overlay-type":"","overlay-color":"","overlay-opacity":"","overlay-gradient":""}},"ast-content-background-meta":{"desktop":{"background-color":"var(--ast-global-color-4)","background-image":"","background-repeat":"repeat","background-position":"center center","background-size":"auto","background-attachment":"scroll","background-type":"","background-media":"","overlay-type":"","overlay-color":"","overlay-opacity":"","overlay-gradient":""},"tablet":{"background-color":"var(--ast-global-color-4)","background-image":"","background-repeat":"repeat","background-position":"center center","background-size":"auto","background-attachment":"scroll","background-type":"","background-media":"","overlay-type":"","overlay-color":"","overlay-opacity":"","overlay-gradient":""},"mobile":{"background-color":"var(--ast-global-color-4)","background-image":"","background-repeat":"repeat","background-position":"center center","background-size":"auto","background-attachment":"scroll","background-type":"","background-media":"","overlay-type":"","overlay-color":"","overlay-opacity":"","overlay-gradient":""}}},"product_brand":[],"product_cat":[129,127],"product_tag":[],"class_list":{"0":"post-109582","1":"product","2":"type-product","3":"status-publish","4":"has-post-thumbnail","6":"product_cat-akcios-kenoanyagok-es-apolasi-termekek","7":"product_cat-apolas","8":"desktop-align-left","9":"tablet-align-left","10":"mobile-align-left","12":"first","13":"instock","14":"shipping-taxable","15":"purchasable","16":"product-type-simple"},"jetpack_sharing_enabled":true,"_links":{"self":[{"href":"https:\/\/zatureczkimarcell.ddns.net\/wordpress\/wp-json\/wp\/v2\/product\/109582","targetHints":{"allow":["GET"]}}],"collection":[{"href":"https:\/\/zatureczkimarcell.ddns.net\/wordpress\/wp-json\/wp\/v2\/product"}],"about":[{"href":"https:\/\/zatureczkimarcell.ddns.net\/wordpress\/wp-json\/wp\/v2\/types\/product"}],"wp:featuredmedia":[{"embeddable":true,"href":"https:\/\/zatureczkimarcell.ddns.net\/wordpress\/wp-json\/wp\/v2\/media\/109101"}],"wp:attachment":[{"href":"https:\/\/zatureczkimarcell.ddns.net\/wordpress\/wp-json\/wp\/v2\/media?parent=109582"}],"wp:term":[{"taxonomy":"product_brand","embeddable":true,"href":"https:\/\/zatureczkimarcell.ddns.net\/wordpress\/wp-json\/wp\/v2\/product_brand?post=109582"},{"taxonomy":"product_cat","embeddable":true,"href":"https:\/\/zatureczkimarcell.ddns.net\/wordpress\/wp-json\/wp\/v2\/product_cat?post=109582"},{"taxonomy":"product_tag","embeddable":true,"href":"https:\/\/zatureczkimarcell.ddns.net\/wordpress\/wp-json\/wp\/v2\/product_tag?post=109582"}],"curies":[{"name":"wp","href":"https:\/\/api.w.org\/{rel}","templated":true}]}}