{"id":109580,"date":"2026-04-01T10:32:45","date_gmt":"2026-04-01T08:32:45","guid":{"rendered":"https:\/\/zatureczkimarcell.ddns.net\/wordpress\/?post_type=product&#038;p=109580"},"modified":"2026-04-01T10:33:04","modified_gmt":"2026-04-01T08:33:04","slug":"akkumulator-csepptolto-altalunk-is-tesztelt-termek","status":"publish","type":"product","link":"https:\/\/zatureczkimarcell.ddns.net\/wordpress\/termek\/akkumulator-csepptolto-altalunk-is-tesztelt-termek\/","title":{"rendered":"Akkumul\u00e1tor cseppt\u00f6lt\u0151-\u00c1ltalunk is tesztelt term\u00e9k!"},"content":{"rendered":"<p><span style=\"font-size:16px;\"><strong>Akkumul&aacute;tor cseppt&ouml;lt\u0151<\/p>\n<p>Csepegtet\u0151 t&ouml;lt\u0151 amely karbantart&oacute; t&ouml;lt&eacute;sre is alkalmas. Rendk&iacute;v\u0171l megb&iacute;zhat&oacute;,teljesen automata t&ouml;lt\u0151rendszer.<br \/>\nAmennyiben fesz&uuml;lts&eacute;ges&eacute;st &eacute;rz&eacute;kel azonnal bekapcsol, felt&ouml;lt&ouml;tt &aacute;llapotot &eacute;rz&eacute;kelve automatikusan kikapcsol! Alkalmas zsel&eacute;s, z&aacute;rt rendszer\u0171 akkumul&aacute;torok t&ouml;lt&eacute;s&eacute;re is!&nbsp;<\/strong><\/span><\/p>\n<p><span style=\"color:#FF0000;\"><span style=\"font-size:16px;\"><strong>A term&eacute;ket &uuml;zlet&uuml;nk munkat&aacute;rsai is haszn&aacute;lj&aacute;k!<\/strong><\/span><\/span><\/p>\n<p><font color=\"#ff0000\"><span style=\"font-size: 16px;\"><b>MAGYAR NYELV\u0170 HASZN&Aacute;LATI-KEZEL&Eacute;SI &Uacute;TMUTAT&Oacute; TAL&Aacute;LHAT&Oacute;&nbsp;A TERM&Eacute;K FOT&Oacute;I K&Ouml;Z&Ouml;TT!<\/b><\/span><\/font><\/p>\n<\/p>\n<div class=\"col-sm-14\" style=\"box-sizing: border-box; position: relative; min-height: 1px; padding-left: 8px; padding-right: 7px; float: left; width: 647.5px; font-family: Roboto, sans-serif; font-size: 14px;\">\n<div class=\"row\" style=\"box-sizing: border-box; margin-left: -7px; margin-right: -8px;\">\n<div class=\"col-xs-24\" style=\"box-sizing: border-box; position: relative; min-height: 1px; padding-left: 8px; padding-right: 7px; float: left; width: 647.5px;\">\n<div class=\"product-description\" style=\"box-sizing: border-box; font-size: 16px;\">\n<div style=\"box-sizing: border-box; max-width: 100%;\"><\/div>\n<\/div>\n<\/div>\n<\/div>\n<\/div>\n","protected":false},"excerpt":{"rendered":"<p>Akkumul&aacute;tor cseppt&ouml;lt\u0151 Csepegtet\u0151 t&ouml;lt\u0151 amely karbantart&oacute; t&ouml;lt&eacute;sre is alkalmas. Rendk&iacute;v\u0171l megb&iacute;zhat&oacute;,teljesen automata t&ouml;lt\u0151rendszer. Amennyiben fesz&uuml;lts&eacute;ges&eacute;st &eacute;rz&eacute;kel azonnal bekapcsol, felt&ouml;lt&ouml;tt &aacute;llapotot [&hellip;]<\/p>\n","protected":false},"featured_media":104891,"template":"","meta":{"site-sidebar-layout":"default","site-content-layout":"","ast-site-content-layout":"default","site-content-style":"default","site-sidebar-style":"default","ast-global-header-display":"","ast-banner-title-visibility":"","ast-main-header-display":"","ast-hfb-above-header-display":"","ast-hfb-below-header-display":"","ast-hfb-mobile-header-display":"","site-post-title":"","ast-breadcrumbs-content":"","ast-featured-img":"","footer-sml-layout":"","ast-disable-related-posts":"","theme-transparent-header-meta":"","adv-header-id-meta":"","stick-header-meta":"","header-above-stick-meta":"","header-main-stick-meta":"","header-below-stick-meta":"","astra-migrate-meta-layouts":"default","ast-page-background-enabled":"default","ast-page-background-meta":{"desktop":{"background-color":"var(--ast-global-color-5)","background-image":"","background-repeat":"repeat","background-position":"center center","background-size":"auto","background-attachment":"scroll","background-type":"","background-media":"","overlay-type":"","overlay-color":"","overlay-opacity":"","overlay-gradient":""},"tablet":{"background-color":"","background-image":"","background-repeat":"repeat","background-position":"center center","background-size":"auto","background-attachment":"scroll","background-type":"","background-media":"","overlay-type":"","overlay-color":"","overlay-opacity":"","overlay-gradient":""},"mobile":{"background-color":"","background-image":"","background-repeat":"repeat","background-position":"center center","background-size":"auto","background-attachment":"scroll","background-type":"","background-media":"","overlay-type":"","overlay-color":"","overlay-opacity":"","overlay-gradient":""}},"ast-content-background-meta":{"desktop":{"background-color":"var(--ast-global-color-4)","background-image":"","background-repeat":"repeat","background-position":"center center","background-size":"auto","background-attachment":"scroll","background-type":"","background-media":"","overlay-type":"","overlay-color":"","overlay-opacity":"","overlay-gradient":""},"tablet":{"background-color":"var(--ast-global-color-4)","background-image":"","background-repeat":"repeat","background-position":"center center","background-size":"auto","background-attachment":"scroll","background-type":"","background-media":"","overlay-type":"","overlay-color":"","overlay-opacity":"","overlay-gradient":""},"mobile":{"background-color":"var(--ast-global-color-4)","background-image":"","background-repeat":"repeat","background-position":"center center","background-size":"auto","background-attachment":"scroll","background-type":"","background-media":"","overlay-type":"","overlay-color":"","overlay-opacity":"","overlay-gradient":""}}},"product_brand":[],"product_cat":[124,126,127,128,125],"product_tag":[],"class_list":{"0":"post-109580","1":"product","2":"type-product","3":"status-publish","4":"has-post-thumbnail","6":"product_cat-akkumulatorok","7":"product_cat-alkatreszek","8":"product_cat-apolas","9":"product_cat-tarolas-ponyvak","10":"product_cat-univerzalis-alkatreszek","11":"desktop-align-left","12":"tablet-align-left","13":"mobile-align-left","15":"first","16":"instock","17":"shipping-taxable","18":"purchasable","19":"product-type-simple"},"jetpack_sharing_enabled":true,"_links":{"self":[{"href":"https:\/\/zatureczkimarcell.ddns.net\/wordpress\/wp-json\/wp\/v2\/product\/109580","targetHints":{"allow":["GET"]}}],"collection":[{"href":"https:\/\/zatureczkimarcell.ddns.net\/wordpress\/wp-json\/wp\/v2\/product"}],"about":[{"href":"https:\/\/zatureczkimarcell.ddns.net\/wordpress\/wp-json\/wp\/v2\/types\/product"}],"wp:featuredmedia":[{"embeddable":true,"href":"https:\/\/zatureczkimarcell.ddns.net\/wordpress\/wp-json\/wp\/v2\/media\/104891"}],"wp:attachment":[{"href":"https:\/\/zatureczkimarcell.ddns.net\/wordpress\/wp-json\/wp\/v2\/media?parent=109580"}],"wp:term":[{"taxonomy":"product_brand","embeddable":true,"href":"https:\/\/zatureczkimarcell.ddns.net\/wordpress\/wp-json\/wp\/v2\/product_brand?post=109580"},{"taxonomy":"product_cat","embeddable":true,"href":"https:\/\/zatureczkimarcell.ddns.net\/wordpress\/wp-json\/wp\/v2\/product_cat?post=109580"},{"taxonomy":"product_tag","embeddable":true,"href":"https:\/\/zatureczkimarcell.ddns.net\/wordpress\/wp-json\/wp\/v2\/product_tag?post=109580"}],"curies":[{"name":"wp","href":"https:\/\/api.w.org\/{rel}","templated":true}]}}