{"id":96,"date":"2025-09-05T00:38:42","date_gmt":"2025-09-04T22:38:42","guid":{"rendered":"https:\/\/zatureczkimarcell.ddns.net\/wordpress\/?page_id=96"},"modified":"2026-03-11T13:31:37","modified_gmt":"2026-03-11T12:31:37","slug":"kezdooldal","status":"publish","type":"page","link":"https:\/\/zatureczkimarcell.ddns.net\/wordpress\/","title":{"rendered":"Kezd\u0151oldal"},"content":{"rendered":"\n<div class=\"wp-block-cover alignfull has-custom-content-position is-position-center-left\" style=\"min-height:100vh;aspect-ratio:unset;\"><img decoding=\"async\" class=\"wp-block-cover__image-background wp-image-8281 size-large\" alt=\"\" src=\"https:\/\/zatureczkimarcell.ddns.net\/wordpress\/wp-content\/uploads\/2025\/10\/modeka_header_gravel_adventure_motorradbekleidung_16_9.png__2500x1406_crop_subsampling-2-1024x576.png\" data-object-fit=\"cover\"\/><span aria-hidden=\"true\" class=\"wp-block-cover__background has-background-dim\" style=\"background-color:#847873\"><\/span><div class=\"wp-block-cover__inner-container is-layout-constrained wp-block-cover-is-layout-constrained\">\n<p class=\"has-text-align-left has-white-color has-text-color has-link-color has-large-font-size wp-elements-7eccb748770cbf9da7b57f1d4c4c7786\" style=\"margin-top:0;margin-bottom:0;text-transform:uppercase\"><strong>Dar\u00e1zsgar\u00e1zs motoros bolt<\/strong><\/p>\n\n\n\n<p class=\"has-white-color has-text-color has-link-color has-medium-font-size wp-elements-a3e816fa09ba324d9161b482b16108b0\" style=\"padding-right:50%;padding-left:0\"><strong>C\u00e9g\u00fcnk a N\u00e9met Modeka motoros term\u00e9kek \u00e9s a Jap\u00e1n Marushin buk\u00f3sisakok kiz\u00e1r\u00f3lagos magyarorsz\u00e1gi import\u0151re<\/strong><\/p>\n\n\n\n<div class=\"wp-block-buttons is-layout-flex wp-block-buttons-is-layout-flex\">\n<div class=\"wp-block-button\"><a class=\"wp-block-button__link wp-element-button\" href=\"https:\/\/zatureczkimarcell.ddns.net\/wordpress\/uzlet\/\">Term\u00e9kek<\/a><\/div>\n<\/div>\n<\/div><\/div>\n\n\n\n<div class=\"wp-block-group is-layout-constrained wp-block-group-is-layout-constrained\">\n<div class=\"wp-block-group is-layout-grid wp-container-core-group-is-layout-ff3d376b wp-block-group-is-layout-grid\">\n\n\n\n\n\n\n\n\n\n<\/div>\n\n\n\n\n<div data-post-id=\"102429\" class=\"insert-page insert-page-102429 \"><h1 class='insert-page-title'>H\u00edreink<\/h1>\n<h4 class=\"wp-block-heading\"><strong>2025.11.11<\/strong>.<\/h4>\n\n\n\n<p>Bemutat\u00f3 vide\u00f3t k\u00e9sz\u00edtett\u00fcnk a gy\u00e1rilag be\u00e9p\u00edtett sisakbesz\u00e9l\u0151 rendszert tartalmaz\u00f3, Jap\u00e1n Marushin, napszem\u00fcveges, felnyithat\u00f3 \u00e1ll\u00fa buk\u00f3sisakunkr\u00f3l.<\/p>\n\n\n\n<figure class=\"wp-block-embed is-type-video is-provider-youtube wp-block-embed-youtube wp-embed-aspect-16-9 wp-has-aspect-ratio\"><div class=\"wp-block-embed__wrapper\">\n<iframe loading=\"lazy\" title=\"Gy\u00e1ri Bluetooth kommunik\u00e1ci\u00f3s rendszerrel Jap\u00e1n Marushin M612 napszem\u00fcveges, felnyithat\u00f3 buk\u00f3sisak.\" width=\"500\" height=\"281\" src=\"https:\/\/www.youtube.com\/embed\/xo4XqrDN7Vw?feature=oembed\" frameborder=\"0\" allow=\"accelerometer; autoplay; clipboard-write; encrypted-media; gyroscope; picture-in-picture; web-share\" referrerpolicy=\"strict-origin-when-cross-origin\" allowfullscreen><\/iframe>\n<\/div><\/figure>\n<\/div><\/div>\n","protected":false},"excerpt":{"rendered":"","protected":false},"author":1,"featured_media":0,"parent":0,"menu_order":0,"comment_status":"closed","ping_status":"closed","template":"","meta":{"site-sidebar-layout":"default","site-content-layout":"","ast-site-content-layout":"full-width-container","site-content-style":"boxed","site-sidebar-style":"boxed","ast-global-header-display":"","ast-banner-title-visibility":"","ast-main-header-display":"","ast-hfb-above-header-display":"","ast-hfb-below-header-display":"","ast-hfb-mobile-header-display":"","site-post-title":"disabled","ast-breadcrumbs-content":"","ast-featured-img":"","footer-sml-layout":"","ast-disable-related-posts":"","theme-transparent-header-meta":"","adv-header-id-meta":"","stick-header-meta":"","header-above-stick-meta":"","header-main-stick-meta":"","header-below-stick-meta":"","astra-migrate-meta-layouts":"default","ast-page-background-enabled":"default","ast-page-background-meta":{"desktop":{"background-color":"var(--ast-global-color-5)","background-image":"","background-repeat":"repeat","background-position":"center center","background-size":"auto","background-attachment":"scroll","background-type":"","background-media":"","overlay-type":"","overlay-color":"","overlay-opacity":"","overlay-gradient":""},"tablet":{"background-color":"","background-image":"","background-repeat":"repeat","background-position":"center center","background-size":"auto","background-attachment":"scroll","background-type":"","background-media":"","overlay-type":"","overlay-color":"","overlay-opacity":"","overlay-gradient":""},"mobile":{"background-color":"","background-image":"","background-repeat":"repeat","background-position":"center center","background-size":"auto","background-attachment":"scroll","background-type":"","background-media":"","overlay-type":"","overlay-color":"","overlay-opacity":"","overlay-gradient":""}},"ast-content-background-meta":{"desktop":{"background-color":"var(--ast-global-color-4)","background-image":"","background-repeat":"repeat","background-position":"center center","background-size":"auto","background-attachment":"scroll","background-type":"","background-media":"","overlay-type":"","overlay-color":"","overlay-opacity":"","overlay-gradient":""},"tablet":{"background-color":"var(--ast-global-color-4)","background-image":"","background-repeat":"repeat","background-position":"center center","background-size":"auto","background-attachment":"scroll","background-type":"","background-media":"","overlay-type":"","overlay-color":"","overlay-opacity":"","overlay-gradient":""},"mobile":{"background-color":"var(--ast-global-color-4)","background-image":"","background-repeat":"repeat","background-position":"center center","background-size":"auto","background-attachment":"scroll","background-type":"","background-media":"","overlay-type":"","overlay-color":"","overlay-opacity":"","overlay-gradient":""}},"footnotes":""},"class_list":["post-96","page","type-page","status-publish","hentry"],"jetpack_sharing_enabled":true,"_links":{"self":[{"href":"https:\/\/zatureczkimarcell.ddns.net\/wordpress\/wp-json\/wp\/v2\/pages\/96","targetHints":{"allow":["GET"]}}],"collection":[{"href":"https:\/\/zatureczkimarcell.ddns.net\/wordpress\/wp-json\/wp\/v2\/pages"}],"about":[{"href":"https:\/\/zatureczkimarcell.ddns.net\/wordpress\/wp-json\/wp\/v2\/types\/page"}],"author":[{"embeddable":true,"href":"https:\/\/zatureczkimarcell.ddns.net\/wordpress\/wp-json\/wp\/v2\/users\/1"}],"replies":[{"embeddable":true,"href":"https:\/\/zatureczkimarcell.ddns.net\/wordpress\/wp-json\/wp\/v2\/comments?post=96"}],"version-history":[{"count":71,"href":"https:\/\/zatureczkimarcell.ddns.net\/wordpress\/wp-json\/wp\/v2\/pages\/96\/revisions"}],"predecessor-version":[{"id":102446,"href":"https:\/\/zatureczkimarcell.ddns.net\/wordpress\/wp-json\/wp\/v2\/pages\/96\/revisions\/102446"}],"wp:attachment":[{"href":"https:\/\/zatureczkimarcell.ddns.net\/wordpress\/wp-json\/wp\/v2\/media?parent=96"}],"curies":[{"name":"wp","href":"https:\/\/api.w.org\/{rel}","templated":true}]}}