{"id":8437,"date":"2025-12-02T17:38:40","date_gmt":"2025-12-02T16:38:40","guid":{"rendered":"https:\/\/zatureczkimarcell.ddns.net\/wordpress\/?page_id=8437"},"modified":"2025-12-02T17:57:34","modified_gmt":"2025-12-02T16:57:34","slug":"a-vasarlas-arurendeles-menete","status":"publish","type":"page","link":"https:\/\/zatureczkimarcell.ddns.net\/wordpress\/a-vasarlas-arurendeles-menete\/","title":{"rendered":"A v\u00e1s\u00e1rl\u00e1s-\u00e1rurendel\u00e9s menete"},"content":{"rendered":"\n<details class=\"wp-block-details has-medium-font-size is-layout-flow wp-container-core-details-is-layout-2374d44c wp-block-details-is-layout-flow\" style=\"border-style:none;border-width:0px;margin-top:var(--wp--preset--spacing--50);margin-right:0;margin-bottom:var(--wp--preset--spacing--50);margin-left:0;padding-top:0;padding-right:0;padding-bottom:0;padding-left:0\" open><summary><strong>Szem\u00e9lyes v\u00e1s\u00e1rl\u00e1s \u00fczlet\u00fcnkben<\/strong><\/summary>\n<div class=\"wp-block-group has-small-font-size is-layout-constrained wp-container-core-group-is-layout-ad1af2a0 wp-block-group-is-layout-constrained\" style=\"margin-top:0;margin-bottom:0;padding-top:0;padding-bottom:0\">\n<p>\u00dczlet\u00fcnk Budapest legk\u00f6nyebben megk\u00f6zel\u00edthet\u0151 r\u00e9sz\u00e9n, a V\u00e1ci \u00faton a 170\/A sz\u00e1m alatt tal\u00e1lhat\u00f3.<\/p>\n\n\n\n<p>Amennyiben GPS-t haszn\u00e1lsz, a 1138. Budapest V\u00e1ci \u00fat 170\/A c\u00edmet kell megadnod.<\/p>\n\n\n\n<p>T\u00f6megk\u00f6zleked\u00e9ssel is k\u00f6nnyed\u00e9n \u00e9rsz el benn\u00fcnket, hiszen a meg\u00fajult 3-as metr\u00f3 Gy\u00f6ngy\u00f6si utcai meg\u00e1ll\u00f3j\u00e1t\u00f3l, mind\u00f6ssze k\u00e9t sarokra tal\u00e1lsz minket a Duna oldal\u00e1n a belv\u00e1ros fel\u00e9.<\/p>\n\n\n\n<p>\u00dczlet\u00fcnkben koll\u00e9g\u00e1ink, t\u00f6bb \u00e9vtizedes tapasztalattal seg\u00edtenek kiv\u00e1lasztani a megfelel\u0151 term\u00e9keket a gondtalan \u00e9s val\u00f3ban \u00f6r\u00f6mteli motoroz\u00e1shoz.<\/p>\n\n\n\n<p>B\u00fcszk\u00e9k vagyunk r\u00e1 hogy t\u00f6bb olyan term\u00e9keket tudunk \u00e1tadni kedves \u00fcgyfeleinknek, amelyek a nemzetk\u00f6zi motoros sajt\u00f3ban is tesztgy\u0151zelmet tudhatnak maguk\u00e9nak. Saj\u00e1t magunk is haszn\u00e1ljuk term\u00e9keinket, hogy val\u00f3ban hiteles inform\u00e1ci\u00f3t tudjunk \u00e1tadni \u00fcgyfeleink r\u00e9sz\u00e9re.<\/p>\n\n\n\n<p>Figyelem!<\/p>\n\n\n\n<p>\u00dczlet\u00fcnkben nincs k\u00e1rtyaolvas\u00f3 termin\u00e1l, \u00edgy k\u00e1rty\u00e1s fizet\u00e9sre n\u00e1lunk sajnos nincs lehet\u0151s\u00e9g. Az \u00fczlet k\u00f6zel\u00e9ben t\u00f6bbf\u00e9le ATM tal\u00e1lhat\u00f3.<\/p>\n\n\n\n<p>\u00dczlet\u00fcnk telefonsz\u00e1ma: 06 70 246 71 50<\/p>\n\n\n\n<p>E-mail c\u00edm\u00fcnk: motorosszakuzlet@gmail.com<\/p>\n\n\n\n<p>Nyitvatart\u00e1s :<\/p>\n\n\n\n<p>Minden h\u00e9tk\u00f6znap d\u00e9lel\u0151tt 10 \u00f3r\u00e1t\u00f3l , este 19 \u00f3r\u00e1ig tartunk nyitva, illetve Szombaton d\u00e9lel\u0151tt 9-\u00f3r\u00e1t\u00f3l , d\u00e9lut\u00e1n 14 \u00f3r\u00e1ig tudtok szem\u00e9lyesen felkeresni benn\u00fcnket.<\/p>\n<\/div>\n<\/details>\n\n\n\n<details class=\"wp-block-details has-medium-font-size is-layout-flow wp-container-core-details-is-layout-de123d11 wp-block-details-is-layout-flow\" style=\"margin-top:var(--wp--preset--spacing--50);margin-bottom:var(--wp--preset--spacing--50)\" open><summary><strong>Term\u00e9k megrendel\u00e9se el\u0151re utal\u00e1ssal<\/strong><\/summary>\n<div class=\"wp-block-group has-small-font-size is-layout-constrained wp-container-core-group-is-layout-c160b77e wp-block-group-is-layout-constrained\" style=\"margin-top:0;margin-bottom:0;padding-top:0;padding-bottom:0\">\n<p>\u00dczlet\u00fcnkben nem csak szem\u00e9lyes v\u00e1s\u00e1rl\u00e1s lehets\u00e9ges!<\/p>\n\n\n\n<p>K\u00e9r\u00e9sedre fut\u00e1rszolg\u00e1lattal a v\u00e1lasztott term\u00e9keket az \u00e1ltalad megadott c\u00edmre kisz\u00e1ll\u00edtjuk.<\/p>\n\n\n\n<p>El\u0151re utal\u00e1s eset\u00e9n a h\u00e1zhoz sz\u00e1ll\u00edt\u00e1s k\u00f6lts\u00e9ge egy \u00e1tlagos csomag eset\u00e9n mind\u00f6ssze 2.190Ft.<\/p>\n\n\n\n<p>Rendel\u00e9sed leadhatod telefonon vagy e-mail \u00fczenetben egyar\u00e1nt.<\/p>\n\n\n\n<p>Telefonsz\u00e1munk ahol nyitvatart\u00e1si id\u0151n bel\u00fcl a rendel\u00e9sed fogadjuk: 06702467150<\/p>\n\n\n\n<p>E-mail c\u00edm\u00fcnk: motorosszakuzlet@gmail.com<\/p>\n\n\n\n<p>A h\u00e1zhoz sz\u00e1ll\u00edt\u00e1st \u00fczlet\u00fcnkb\u0151l az \u00e1ltalad megadott c\u00edmre, a GLS nemzetk\u00f6zi fut\u00e1rszolg\u00e1lat v\u00e9gzi.<\/p>\n\n\n\n<p>A sz\u00e1ll\u00edt\u00e1si k\u00f6lts\u00e9g minden esetben a term\u00e9k vagy term\u00e9kek \u00e1r\u00e1hoz ad\u00f3dik hozz\u00e1.<\/p>\n\n\n\n<p>T\u00f6bb term\u00e9k egy\u00fcttes rendel\u00e9se eset\u00e9n, term\u00e9szetesen csak egy sz\u00e1ll\u00edt\u00e1si k\u00f6lts\u00e9ggel kell sz\u00e1molni!<\/p>\n\n\n\n<p>Amennyiben az utal\u00e1st szeretn\u00e9d v\u00e1lasztani, az al\u00e1bbi adatok lesznek a seg\u00edts\u00e9gedre :<\/p>\n\n\n\n<p>Sz\u00e1mlavezet\u0151 bank : OTP Bank<\/p>\n\n\n\n<p>Sz\u00e1mlatulajdonos &#8211; kedvezm\u00e9nyezett: Monkeymotor Kft.<\/p>\n\n\n\n<p>Sz\u00e1mlasz\u00e1m: 11713177-21452756<\/p>\n\n\n\n<p>Amikor az utal\u00e1s be\u00e9rkezik, a megrendelt term\u00e9k &#8211; term\u00e9kek post\u00e1z\u00e1sra ker\u00fclnek.<\/p>\n\n\n\n<p>Fontos hogy olyan c\u00edmet adj meg r\u00e9sz\u00fcnkre ahol napk\u00f6zben a fut\u00e1r \u00e1t tudja adni a megrendelt term\u00e9keket tartalmaz\u00f3 csomagot. K\u00e9r\u00fcnk hogy k\u00fcldj r\u00e9sz\u00fcnkre egy olyan telefonsz\u00e1mot is, amit a csomagon felt\u00fcntethet\u00fcnk.<\/p>\n<\/div>\n<\/details>\n\n\n\n<details class=\"wp-block-details has-medium-font-size is-layout-flow wp-container-core-details-is-layout-de123d11 wp-block-details-is-layout-flow\" style=\"margin-top:var(--wp--preset--spacing--50);margin-bottom:var(--wp--preset--spacing--50)\" open><summary><strong>Rendel\u00e9s GLS csomagpontra vagy GLS automat\u00e1ba<\/strong><\/summary>\n<div class=\"wp-block-group has-small-font-size is-layout-constrained wp-container-core-group-is-layout-4897f5cc wp-block-group-is-layout-constrained\" style=\"margin-top:0;margin-bottom:0;padding-top:0;padding-bottom:0\">\n<p>K\u00e9r\u00e9sedre GLS fut\u00e1rszolg\u00e1lattal a v\u00e1lasztott term\u00e9keket az \u00e1ltalad megadott GLS csomagpontra vagy GLS csomag automat\u00e1ba kisz\u00e1ll\u00edtjuk.<\/p>\n\n\n\n<p>A csomagpontba vagy automat\u00e1ba t\u00f6rt\u00e9n\u0151 kisz\u00e1ll\u00edt\u00e1skor, norm\u00e1l automata fi\u00f3kj\u00e1ban elhelyezhet\u0151 csomagm\u00e9ret ( maximum 20cmx30cm ) eset\u00e9n mind\u00f6ssze 2.190Ft a sz\u00e1ll\u00edt\u00e1si k\u00f6lts\u00e9g ut\u00e1nv\u00e9tes fizet\u00e9s \u00e9s el\u0151re utal\u00e1s eset\u00e9n is.<\/p>\n\n\n\n<p>Rendel\u00e9sed leadhatod telefonon vagy e-mail \u00fczenetben egyar\u00e1nt.<\/p>\n\n\n\n<p>Telefonsz\u00e1munk ahol nyitvatart\u00e1si id\u0151n bel\u00fcl a rendel\u00e9sed fogadjuk: 06702467150<\/p>\n\n\n\n<p>E-mail c\u00edm\u00fcnk: motorosszakuzlet@gmail.com<\/p>\n\n\n\n<p>A sz\u00e1ll\u00edt\u00e1si k\u00f6lts\u00e9g minden esetben a term\u00e9k vagy term\u00e9kek \u00e1r\u00e1hoz ad\u00f3dik hozz\u00e1.<\/p>\n<\/div>\n<\/details>\n\n\n\n<details class=\"wp-block-details has-medium-font-size is-layout-flow wp-container-core-details-is-layout-de123d11 wp-block-details-is-layout-flow\" style=\"margin-top:var(--wp--preset--spacing--50);margin-bottom:var(--wp--preset--spacing--50)\" open><summary><strong>V\u00e1s\u00e1rl\u00e1s ut\u00e1nv\u00e9tes-\u00e1tv\u00e9telkor fizet\u00e9ssel<\/strong><\/summary>\n<div class=\"wp-block-group has-small-font-size is-layout-constrained wp-container-core-group-is-layout-4897f5cc wp-block-group-is-layout-constrained\" style=\"margin-top:0;margin-bottom:0;padding-top:0;padding-bottom:0\">\n<p>\u00dczlet\u00fcnkben nem csak szem\u00e9lyes v\u00e1s\u00e1rl\u00e1s lehets\u00e9ges!<\/p>\n\n\n\n<p>K\u00e9r\u00e9sedre fut\u00e1rszolg\u00e1lattal a v\u00e1lasztott term\u00e9keket az \u00e1ltalad megadott c\u00edmre kisz\u00e1ll\u00edtjuk.<\/p>\n\n\n\n<p>Ut\u00e1nv\u00e9tes sz\u00e1ll\u00edt\u00e1s eset\u00e9n (Ebben az esetben a term\u00e9kek \u00e1tv\u00e9telekor a fut\u00e1rn\u00e1l kell fizetni) a h\u00e1zhoz sz\u00e1ll\u00edt\u00e1s k\u00f6lts\u00e9ge egy \u00e1tlagos m\u00e9ret\u0171 csomag eset\u00e9ben mind\u00f6ssze 2.790Ft.<\/p>\n\n\n\n<p>Rendel\u00e9sed leadhatod telefonon vagy e-mail \u00fczenetben egyar\u00e1nt.<\/p>\n\n\n\n<p>Telefonsz\u00e1munk ahol nyitvatart\u00e1si id\u0151n bel\u00fcl a rendel\u00e9sed fogadjuk: 06702467150<\/p>\n\n\n\n<p>E-mail c\u00edm\u00fcnk: motorosszakuzlet@gmail.com<\/p>\n\n\n\n<p>A h\u00e1zhoz sz\u00e1ll\u00edt\u00e1st \u00fczlet\u00fcnkb\u0151l az \u00e1ltalad megadott c\u00edmre, a GLS nemzetk\u00f6zi fut\u00e1rszolg\u00e1lat v\u00e9gzi.<\/p>\n\n\n\n<p>A sz\u00e1ll\u00edt\u00e1si k\u00f6lts\u00e9g minden esetben a term\u00e9k vagy term\u00e9kek \u00e1r\u00e1hoz ad\u00f3dik hozz\u00e1.<\/p>\n\n\n\n<p>T\u00f6bb term\u00e9k egy\u00fcttes rendel\u00e9se eset\u00e9n, term\u00e9szetesen csak egy sz\u00e1ll\u00edt\u00e1si k\u00f6lts\u00e9ggel kell sz\u00e1molni!<\/p>\n\n\n\n<p>Amennyiben ut\u00e1nv\u00e9ttel szeretn\u00e9d a term\u00e9keket megkapni, k\u00e9rj\u00fck jelezd sz\u00e1munkra, \u00edgy azonnal \u00e1t tudjuk \u0151ket adni a fut\u00e1rszolg\u00e1lat r\u00e9sz\u00e9re.<\/p>\n\n\n\n<p>Fontos hogy olyan c\u00edmet adj meg r\u00e9sz\u00fcnkre ahol napk\u00f6zben a fut\u00e1r \u00e1t tudja adni a megrendelt term\u00e9keket tartalmaz\u00f3 csomagot. K\u00e9r\u00fcnk hogy k\u00fcldj r\u00e9sz\u00fcnkre egy olyan telefonsz\u00e1mot is, amit a csomagon felt\u00fcntethet\u00fcnk.<\/p>\n<\/div>\n<\/details>\n","protected":false},"excerpt":{"rendered":"","protected":false},"author":1,"featured_media":0,"parent":0,"menu_order":0,"comment_status":"closed","ping_status":"closed","template":"","meta":{"site-sidebar-layout":"default","site-content-layout":"","ast-site-content-layout":"default","site-content-style":"default","site-sidebar-style":"default","ast-global-header-display":"","ast-banner-title-visibility":"","ast-main-header-display":"","ast-hfb-above-header-display":"","ast-hfb-below-header-display":"","ast-hfb-mobile-header-display":"","site-post-title":"","ast-breadcrumbs-content":"","ast-featured-img":"","footer-sml-layout":"","ast-disable-related-posts":"","theme-transparent-header-meta":"","adv-header-id-meta":"","stick-header-meta":"","header-above-stick-meta":"","header-main-stick-meta":"","header-below-stick-meta":"","astra-migrate-meta-layouts":"default","ast-page-background-enabled":"default","ast-page-background-meta":{"desktop":{"background-color":"var(--ast-global-color-5)","background-image":"","background-repeat":"repeat","background-position":"center center","background-size":"auto","background-attachment":"scroll","background-type":"","background-media":"","overlay-type":"","overlay-color":"","overlay-opacity":"","overlay-gradient":""},"tablet":{"background-color":"","background-image":"","background-repeat":"repeat","background-position":"center center","background-size":"auto","background-attachment":"scroll","background-type":"","background-media":"","overlay-type":"","overlay-color":"","overlay-opacity":"","overlay-gradient":""},"mobile":{"background-color":"","background-image":"","background-repeat":"repeat","background-position":"center center","background-size":"auto","background-attachment":"scroll","background-type":"","background-media":"","overlay-type":"","overlay-color":"","overlay-opacity":"","overlay-gradient":""}},"ast-content-background-meta":{"desktop":{"background-color":"var(--ast-global-color-4)","background-image":"","background-repeat":"repeat","background-position":"center center","background-size":"auto","background-attachment":"scroll","background-type":"","background-media":"","overlay-type":"","overlay-color":"","overlay-opacity":"","overlay-gradient":""},"tablet":{"background-color":"var(--ast-global-color-4)","background-image":"","background-repeat":"repeat","background-position":"center center","background-size":"auto","background-attachment":"scroll","background-type":"","background-media":"","overlay-type":"","overlay-color":"","overlay-opacity":"","overlay-gradient":""},"mobile":{"background-color":"var(--ast-global-color-4)","background-image":"","background-repeat":"repeat","background-position":"center center","background-size":"auto","background-attachment":"scroll","background-type":"","background-media":"","overlay-type":"","overlay-color":"","overlay-opacity":"","overlay-gradient":""}},"footnotes":""},"class_list":["post-8437","page","type-page","status-publish","hentry"],"jetpack_sharing_enabled":true,"_links":{"self":[{"href":"https:\/\/zatureczkimarcell.ddns.net\/wordpress\/wp-json\/wp\/v2\/pages\/8437","targetHints":{"allow":["GET"]}}],"collection":[{"href":"https:\/\/zatureczkimarcell.ddns.net\/wordpress\/wp-json\/wp\/v2\/pages"}],"about":[{"href":"https:\/\/zatureczkimarcell.ddns.net\/wordpress\/wp-json\/wp\/v2\/types\/page"}],"author":[{"embeddable":true,"href":"https:\/\/zatureczkimarcell.ddns.net\/wordpress\/wp-json\/wp\/v2\/users\/1"}],"replies":[{"embeddable":true,"href":"https:\/\/zatureczkimarcell.ddns.net\/wordpress\/wp-json\/wp\/v2\/comments?post=8437"}],"version-history":[{"count":10,"href":"https:\/\/zatureczkimarcell.ddns.net\/wordpress\/wp-json\/wp\/v2\/pages\/8437\/revisions"}],"predecessor-version":[{"id":8448,"href":"https:\/\/zatureczkimarcell.ddns.net\/wordpress\/wp-json\/wp\/v2\/pages\/8437\/revisions\/8448"}],"wp:attachment":[{"href":"https:\/\/zatureczkimarcell.ddns.net\/wordpress\/wp-json\/wp\/v2\/media?parent=8437"}],"curies":[{"name":"wp","href":"https:\/\/api.w.org\/{rel}","templated":true}]}}