{"id":456,"date":"2025-09-12T22:54:06","date_gmt":"2025-09-12T20:54:06","guid":{"rendered":"https:\/\/zatureczkimarcell.ddns.net\/wordpress\/?page_id=456"},"modified":"2025-10-22T11:46:34","modified_gmt":"2025-10-22T09:46:34","slug":"kapcsolat","status":"publish","type":"page","link":"https:\/\/zatureczkimarcell.ddns.net\/wordpress\/kapcsolat\/","title":{"rendered":"Kapcsolat"},"content":{"rendered":"\n<div class=\"wp-block-columns is-layout-flex wp-container-core-columns-is-layout-3888487c wp-block-columns-is-layout-flex\" style=\"margin-top:0;margin-bottom:0;padding-top:0;padding-right:0;padding-bottom:0;padding-left:0\">\n<div class=\"wp-block-column is-layout-flow wp-block-column-is-layout-flow\">\n<p><strong>J\u00f6jj\u00f6n be hozz\u00e1nk!<br>Budapest egyik legforgalmasabb pontj\u00e1n, folyamatosan friss\u00fcl\u0151 k\u00e9szlettel \u00e9s extra akci\u00f3kkal v\u00e1rjuk a kedves \u00e9rdekl\u0151d\u0151ket-v\u00e1s\u00e1rl\u00f3kat<\/strong><\/p>\n\n\n\n<div class=\"wp-block-jetpack-contact-info\">\n<div class=\"wp-block-jetpack-email\"><a href=\"mailto:motorosszakuzlet@gmail.com\">motorosszakuzlet@gmail.com<\/a><\/div>\n\n\n\n<div class=\"wp-block-jetpack-phone\"><a href=\"tel:06702467150\">06-70-246-7150<\/a><\/div>\n\n\n\n<div class=\"wp-block-jetpack-address\"><a href=\"https:\/\/www.google.com\/maps\/search\/1138+Budapest V\u00e1ci \u00fat 170\/A,\" target=\"_blank\" rel=\"noopener noreferrer\" title=\"Open address in Google Maps\"><div class=\"jetpack-address__address jetpack-address__address1\">1138 Budapest V\u00e1ci \u00fat 170\/A<\/div><\/a><\/div>\n<\/div>\n\n\n\n<ul class=\"wp-block-social-links has-icon-color has-icon-background-color is-layout-flex wp-block-social-links-is-layout-flex\"><li style=\"color:#ffffff;background-color:var(--ast-global-color-0);\" class=\"wp-social-link wp-social-link-facebook has-white-color has-ast-global-color-0-background-color wp-block-social-link\"><a href=\"https:\/\/www.facebook.com\/darazsgarazs.motorosbolt\" class=\"wp-block-social-link-anchor\"><svg width=\"24\" height=\"24\" viewBox=\"0 0 24 24\" version=\"1.1\" xmlns=\"http:\/\/www.w3.org\/2000\/svg\" aria-hidden=\"true\" focusable=\"false\"><path d=\"M12 2C6.5 2 2 6.5 2 12c0 5 3.7 9.1 8.4 9.9v-7H7.9V12h2.5V9.8c0-2.5 1.5-3.9 3.8-3.9 1.1 0 2.2.2 2.2.2v2.5h-1.3c-1.2 0-1.6.8-1.6 1.6V12h2.8l-.4 2.9h-2.3v7C18.3 21.1 22 17 22 12c0-5.5-4.5-10-10-10z\"><\/path><\/svg><span class=\"wp-block-social-link-label screen-reader-text\">Facebook<\/span><\/a><\/li><\/ul>\n\n\n<dl class=\"jetpack-business-hours wp-block-jetpack-business-hours\"><div class=\"jetpack-business-hours__item\"><dt class=\"Mon\">H\u00e9tf\u0151<\/dt><dd class=\"Mon\">10:00 &#8211; 19:00<\/dd><\/div><div class=\"jetpack-business-hours__item\"><dt class=\"Tue\">Kedd<\/dt><dd class=\"Tue\">10:00 &#8211; 19:00<\/dd><\/div><div class=\"jetpack-business-hours__item\"><dt class=\"Wed\">Szerda<\/dt><dd class=\"Wed\">10:00 &#8211; 19:00<\/dd><\/div><div class=\"jetpack-business-hours__item\"><dt class=\"Thu\">Cs\u00fct\u00f6rt\u00f6k<\/dt><dd class=\"Thu\">10:00 &#8211; 19:00<\/dd><\/div><div class=\"jetpack-business-hours__item\"><dt class=\"Fri\">P\u00e9ntek<\/dt><dd class=\"Fri\">10:00 &#8211; 19:00<\/dd><\/div><div class=\"jetpack-business-hours__item\"><dt class=\"Sat\">Szombat<\/dt><dd class=\"Sat\">09:00 &#8211; 14:00<\/dd><\/div><div class=\"jetpack-business-hours__item\"><dt class=\"Sun\">Vas\u00e1rnap<\/dt><dd class=\"Sun\">Z\u00e1rva<\/dd><\/div><\/dl>\n\n\n<p><strong>Term\u00e9keinket megv\u00e1s\u00e1rolhatja szem\u00e9lyesen \u00fczlet\u00fcnkben, illetve k\u00e9r\u00e9sre sz\u00edvesen post\u00e1zzuk is!<\/strong><\/p>\n<\/div>\n\n\n\n<div class=\"wp-block-column is-layout-flow wp-block-column-is-layout-flow\">\n<iframe loading=\"lazy\" src=\"https:\/\/www.google.com\/maps\/embed?pb=!1m18!1m12!1m3!1d2693.1225467108475!2d19.069534314928294!3d47.5459436001606!2m3!1f0!2f0!3f0!3m2!1i1024!2i768!4f13.1!3m3!1m2!1s0x4741dbc56517e981%3A0x9ead0d792ced02b2!2zVsOhY2kgw7p0IDE3MGEsIEJ1ZGFwZXN0LCAxMTM4!5e0!3m2!1shu!2shu!4v1446760062131\" width=\"100%\" height=\"100%\" frameborder=\"0\" style=\"border:0\" allowfullscreen=\"\"><\/iframe>\n<\/div>\n<\/div>\n","protected":false},"excerpt":{"rendered":"<p>J\u00f6jj\u00f6n be hozz\u00e1nk!Budapest egyik legforgalmasabb pontj\u00e1n, folyamatosan friss\u00fcl\u0151 k\u00e9szlettel \u00e9s extra akci\u00f3kkal v\u00e1rjuk a kedves \u00e9rdekl\u0151d\u0151ket-v\u00e1s\u00e1rl\u00f3kat Term\u00e9keinket megv\u00e1s\u00e1rolhatja szem\u00e9lyesen \u00fczlet\u00fcnkben, [&hellip;]<\/p>\n","protected":false},"author":1,"featured_media":0,"parent":0,"menu_order":0,"comment_status":"closed","ping_status":"closed","template":"","meta":{"site-sidebar-layout":"default","site-content-layout":"","ast-site-content-layout":"normal-width-container","site-content-style":"default","site-sidebar-style":"default","ast-global-header-display":"","ast-banner-title-visibility":"","ast-main-header-display":"","ast-hfb-above-header-display":"","ast-hfb-below-header-display":"","ast-hfb-mobile-header-display":"","site-post-title":"disabled","ast-breadcrumbs-content":"","ast-featured-img":"","footer-sml-layout":"","ast-disable-related-posts":"","theme-transparent-header-meta":"","adv-header-id-meta":"","stick-header-meta":"","header-above-stick-meta":"","header-main-stick-meta":"","header-below-stick-meta":"","astra-migrate-meta-layouts":"default","ast-page-background-enabled":"default","ast-page-background-meta":{"desktop":{"background-color":"var(--ast-global-color-5)","background-image":"","background-repeat":"repeat","background-position":"center center","background-size":"auto","background-attachment":"scroll","background-type":"","background-media":"","overlay-type":"","overlay-color":"","overlay-opacity":"","overlay-gradient":""},"tablet":{"background-color":"","background-image":"","background-repeat":"repeat","background-position":"center center","background-size":"auto","background-attachment":"scroll","background-type":"","background-media":"","overlay-type":"","overlay-color":"","overlay-opacity":"","overlay-gradient":""},"mobile":{"background-color":"","background-image":"","background-repeat":"repeat","background-position":"center center","background-size":"auto","background-attachment":"scroll","background-type":"","background-media":"","overlay-type":"","overlay-color":"","overlay-opacity":"","overlay-gradient":""}},"ast-content-background-meta":{"desktop":{"background-color":"var(--ast-global-color-4)","background-image":"","background-repeat":"repeat","background-position":"center center","background-size":"auto","background-attachment":"scroll","background-type":"","background-media":"","overlay-type":"","overlay-color":"","overlay-opacity":"","overlay-gradient":""},"tablet":{"background-color":"var(--ast-global-color-4)","background-image":"","background-repeat":"repeat","background-position":"center center","background-size":"auto","background-attachment":"scroll","background-type":"","background-media":"","overlay-type":"","overlay-color":"","overlay-opacity":"","overlay-gradient":""},"mobile":{"background-color":"var(--ast-global-color-4)","background-image":"","background-repeat":"repeat","background-position":"center center","background-size":"auto","background-attachment":"scroll","background-type":"","background-media":"","overlay-type":"","overlay-color":"","overlay-opacity":"","overlay-gradient":""}},"footnotes":""},"class_list":["post-456","page","type-page","status-publish","hentry"],"jetpack_sharing_enabled":true,"_links":{"self":[{"href":"https:\/\/zatureczkimarcell.ddns.net\/wordpress\/wp-json\/wp\/v2\/pages\/456","targetHints":{"allow":["GET"]}}],"collection":[{"href":"https:\/\/zatureczkimarcell.ddns.net\/wordpress\/wp-json\/wp\/v2\/pages"}],"about":[{"href":"https:\/\/zatureczkimarcell.ddns.net\/wordpress\/wp-json\/wp\/v2\/types\/page"}],"author":[{"embeddable":true,"href":"https:\/\/zatureczkimarcell.ddns.net\/wordpress\/wp-json\/wp\/v2\/users\/1"}],"replies":[{"embeddable":true,"href":"https:\/\/zatureczkimarcell.ddns.net\/wordpress\/wp-json\/wp\/v2\/comments?post=456"}],"version-history":[{"count":15,"href":"https:\/\/zatureczkimarcell.ddns.net\/wordpress\/wp-json\/wp\/v2\/pages\/456\/revisions"}],"predecessor-version":[{"id":8417,"href":"https:\/\/zatureczkimarcell.ddns.net\/wordpress\/wp-json\/wp\/v2\/pages\/456\/revisions\/8417"}],"wp:attachment":[{"href":"https:\/\/zatureczkimarcell.ddns.net\/wordpress\/wp-json\/wp\/v2\/media?parent=456"}],"curies":[{"name":"wp","href":"https:\/\/api.w.org\/{rel}","templated":true}]}}