{"id":3,"date":"2025-09-03T00:06:16","date_gmt":"2025-09-02T22:06:16","guid":{"rendered":"https:\/\/zatureczkimarcell.ddns.net\/wordpress\/?page_id=3"},"modified":"2026-03-11T13:39:24","modified_gmt":"2026-03-11T12:39:24","slug":"adatkezelesi-tajekoztato","status":"publish","type":"page","link":"https:\/\/zatureczkimarcell.ddns.net\/wordpress\/adatkezelesi-tajekoztato\/","title":{"rendered":"Adatv\u00e9delmi szab\u00e1lyzat"},"content":{"rendered":"\n<h4 class=\"wp-block-heading\"><strong>Adatv\u00e9delmi politik\u00e1nk:\u00a0<\/strong><\/h4>\n\n\n\n<p>A Monkeymotor Kft. internetes oldalainak l\u00e1togat\u00e1sakor megadott adatok biztons\u00e1g\u00e1\u00e9rt minden t\u0151l\u00fcnk telhet\u0151t megtesz\u00fcnk. Az adatkezel\u00e9si folyamatokat a szem\u00e9lyes adatok v\u00e9delm\u00e9r\u0151l sz\u00f3l\u00f3 2011. \u00e9vi CXII. t\u00f6rv\u00e9ny \u00e9s a term\u00e9szetes szem\u00e9lyeknek a szem\u00e9lyes adatok kezel\u00e9se tekintet\u00e9ben t\u00f6rt\u00e9n\u0151 v\u00e9delm\u00e9r\u0151l \u00e9s az ilyen adatok szabad \u00e1raml\u00e1s\u00e1r\u00f3l sz\u00f3l\u00f3 EU 2016\/679 rendelet (\u00e1ltal\u00e1nos adatv\u00e9delmi rendelet) \u00e1ltal biztos\u00edtott jogi szab\u00e1lyoz\u00e1s keretei k\u00f6z\u00f6tt v\u00e9gezz\u00fck. Szem\u00e9lyes adatokat nem t\u00e1rolunk elektronikusan \u00e9s azokat nem hozzuk nyilv\u00e1noss\u00e1gra valamint nem tov\u00e1bb\u00edtjuk harmadik f\u00e9lnek \u00fczletszerz\u00e9si c\u00e9lb\u00f3l.<br>Adatv\u00e9delmi politik\u00e1nkat &#8222;Az Internettel \u00f6sszef\u00fcgg\u0151 adatkezel\u00e9sek egyes k\u00e9rd\u00e9seir\u0151l&#8221; sz\u00f3l\u00f3 adatv\u00e9delmi biztosi aj\u00e1nl\u00e1sban (2001. febru\u00e1r 1., tov\u00e1bbiakban: &#8222;Aj\u00e1nl\u00e1s&#8221;) foglaltaknak megfelel\u0151en, a jogszab\u00e1lyi k\u00f6vetelm\u00e9nyek szerint alak\u00edtottuk ki.<br>R\u00e9szlet az Aj\u00e1nl\u00e1sb\u00f3l: Az 1992. \u00e9vi LXIII. t\u00f6rv\u00e9ny (Hely\u00e9be l\u00e9pett: 2011. \u00e9vi CXII. tv.) rendelkez\u00e9sei szerint az adatkezel\u00e9s egyes k\u00f6r\u00fclm\u00e9nyeir\u0151l (az adatkezel\u00e9s c\u00e9lja, \u00f6nk\u00e9ntes vagy k\u00f6telez\u0151 jellege, az adatkezel\u0151 illetve adatfeldolgoz\u00f3 szem\u00e9lye) az adat felv\u00e9tele el\u0151tt k\u00f6telez\u0151en, illetve egyes tov\u00e1bbi k\u00f6r\u00fclm\u00e9nyekr\u0151l az adatalany k\u00e9relm\u00e9re t\u00e1j\u00e9koztat\u00e1st kell adni. Azoknak a szolg\u00e1ltat\u00f3knak, amelyek term\u00e9szetes szem\u00e9ly felhaszn\u00e1l\u00f3val szerz\u0151d\u00e9ses kapcsolatba l\u00e9pnek, t\u00f6rv\u00e9nyi k\u00f6telezetts\u00e9ge, hogy az adatkezel\u00e9sre vonatkoz\u00f3 k\u00f6telez\u0151 t\u00e1j\u00e9koztat\u00e1st az adatkezel\u00e9s megkezd\u00e9se el\u0151tt &#8211; c\u00e9lszer\u0171en a felhaszn\u00e1l\u00f3val k\u00f6t\u00f6tt szerz\u0151d\u00e9s megk\u00f6t\u00e9sekor &#8211; megadj\u00e1k, s eleget tegyenek a felhaszn\u00e1l\u00f3k tov\u00e1bbi adatokra vonatkoz\u00f3 k\u00e9relm\u00e9nek. Azoknak a szerver-\u00fczemeltet\u0151knek, illetve szerveren szolg\u00e1ltat\u00e1st ny\u00fajt\u00f3knak, amelyek birtok\u00e1ba a szolg\u00e1ltat\u00e1s ny\u00fajt\u00e1sa sor\u00e1n szem\u00e9lyes adat ker\u00fcl, a felhaszn\u00e1l\u00f3nak a t\u00e1j\u00e9koztat\u00e1st az Av tv. szerint az adat felv\u00e9tele el\u0151tt kell megadniuk.<br>A felhaszn\u00e1l\u00f3k &#8211; rem\u00e9nybeli v\u00e1s\u00e1rl\u00f3ink &#8211; tudt\u00e1val \u00e9s beleegyez\u00e9s\u00e9vel, vagy tudta n\u00e9lk\u00fcl (a sz\u00e1m\u00edt\u00f3g\u00e9pek egym\u00e1s k\u00f6z\u00f6tti kommunik\u00e1ci\u00f3j\u00e1val egy\u00fctt j\u00e1r\u00f3, automatikus m\u00f3don) tudom\u00e1sunkra hozott adatokat az Adatv\u00e9delmi T\u00f6rv\u00e9ny szem\u00e9lyes adatnak min\u0151s\u00edtheti. Az ilyen adatokat harmadik (k\u00fcls\u0151) szem\u00e9lynek semmilyen c\u00e9llal nem adjuk \u00e1t, kiz\u00e1r\u00f3lag a c\u00e9lnak megfelel\u0151 m\u00f3don dolgozzuk fel.<br>Ha ennek ellen\u00e9re bizalmatlan, k\u00e9rj\u00fck rendel\u00e9s\u00e9t telefonon adja le sz\u00e1munkra (l\u00e1sd el\u00e9rhet\u0151s\u00e9g\u00fcnk a fejl\u00e9cben a kapcsolat men\u00fcpontban). A Monkeymotor Kft-vel \u00fczleti kapcsolatban \u00e1ll\u00f3 webt\u00e1rhelyet biztos\u00edt\u00f3 c\u00e9g saj\u00e1t adatv\u00e9delmi politik\u00e1ja is garancia az Adatv\u00e9delmi T\u00f6rv\u00e9ny el\u0151\u00edr\u00e1sainak betart\u00e1s\u00e1ra.<br>Amennyiben adatv\u00e9delmi politik\u00e1nkban foglaltakt\u00f3l elt\u00e9r\u0151 v\u00e9lem\u00e9nye van, k\u00e9rj\u00fck ossza meg vel\u00fcnk, hogy szolg\u00e1ltat\u00e1sunkat az \u00d6n elv\u00e1r\u00e1saihoz tudjuk igaz\u00edtani.<\/p>\n\n\n\n<h4 class=\"wp-block-heading\"><strong>Jognyilatkozat<\/strong><\/h4>\n\n\n\n<p>A Monkeymotor Kft. weboldalainak tartalma szerz\u0151i jogi v\u00e9delem al\u00e1 esik. Minden jogot fenntartunk! Tilos a weboldalaink tartalm\u00e1nak eg\u00e9sz\u00e9t, vagy r\u00e9szeit &#8211; bele\u00e9rtve minden sz\u00f6veges, \u00e9s k\u00e9panyagot &#8211; b\u00e1rmilyen form\u00e1ban reproduk\u00e1lni, \u00e1truh\u00e1zni, terjeszteni, vagy t\u00e1rolni a Monkeymotor Kft. el\u0151zetes \u00edr\u00e1sbeli enged\u00e9lye n\u00e9lk\u00fcl. Saj\u00e1t, szem\u00e9lyes haszn\u00e1latra azonban ezen weboldalak kivonatait v\u00e1ltozatlan form\u00e1ban a sz\u00e1m\u00edt\u00f3g\u00e9p\u00e9n t\u00e1rolhatja, vagy kinyomtathatja. El\u0151fordulhat, hogy a weboldalakon a Monkeymotor Kft.-t\u0151l f\u00fcggetlen v\u00e1ltoztat\u00e1s t\u00f6rt\u00e9nik, ez\u00e9rt &#8211; ha a t\u00f6rv\u00e9ny m\u00e1sk\u00e9nt nem rendelkezik &#8211; a Monkeymotor Kft. semmilyen term\u00e9szet\u0171 garanci\u00e1t nem v\u00e1llal az \u00d6n el\u0151tt megjelen\u0151 weboldal pontoss\u00e1g\u00e1ra, tartalm\u00e1ra, vagy megb\u00edzhat\u00f3s\u00e1g\u00e1ra vonatkoz\u00f3an. A Monkeymotor Kft. fenntartja a jogot, hogy weboldalait b\u00e1rmikor megv\u00e1ltoztathassa.<br>Boltunkban z\u00e1rtl\u00e1nc\u00fa biztons\u00e1gi-kamera rendszer m\u0171k\u00f6dik, a v\u00e1s\u00e1rl\u00f3kr\u00f3l videofelv\u00e9tel k\u00e9sz\u00fclhet.<br>A felv\u00e9teleket a Monkeymotor Kft. nem hozza nyilv\u00e1noss\u00e1gra, azok kifejezetten a kiszolg\u00e1l\u00e1s min\u0151s\u00e9g\u00e9t \u00e9s az esetleges vissza\u00e9l\u00e9seket hivatottak r\u00f6gz\u00edteni. A felv\u00e9teleket id\u0151szakosan t\u00f6r\u00f6lj\u00fck, hossz\u00fat\u00e1v\u00fa arch\u00edvumot nem vezet\u00fcnk ezekb\u0151l. Amennyiben nem j\u00e1rul hozz\u00e1 a felv\u00e9tel k\u00e9sz\u00edt\u00e9s\u00e9hez, k\u00e9rj\u00fck, adja le a rendel\u00e9s\u00e9t e-mailben vagy telefonon, fut\u00e1rszolg\u00e1lat \u00e1ltal t\u00f6rt\u00e9n\u0151 k\u00e9zbes\u00edt\u00e9si m\u00f3dot v\u00e1lasztva.<br>A szolg\u00e1ltat\u00f3 neve: Monkeymotor Kft.<br>A szolg\u00e1ltat\u00f3 sz\u00e9khelye: 1098 Budapest, P\u00f6tty\u00f6s utca 4.<br>Vev\u0151kkel val\u00f3 kapcsolattart\u00e1sra szolg\u00e1l\u00f3, elektronikus levelez\u00e9si c\u00edme: motorosszakuzlet@gmail.com<br>A szolg\u00e1ltat\u00f3 c\u00e9gjegyz\u00e9ksz\u00e1ma: Cg.01-09-974920<br>A szolg\u00e1ltat\u00f3 ad\u00f3sz\u00e1ma: 23715509-2-43<br>Nyilv\u00e1ntart\u00e1sban bejegyz\u0151 hat\u00f3s\u00e1g neve: F\u0151v\u00e1rosi T\u00f6rv\u00e9nysz\u00e9k C\u00e9gb\u00edr\u00f3s\u00e1ga<br>A szolg\u00e1ltat\u00f3 telefonsz\u00e1ma:0670 246 71 50<\/p>\n","protected":false},"excerpt":{"rendered":"<p>Adatv\u00e9delmi politik\u00e1nk:\u00a0 A Monkeymotor Kft. internetes oldalainak l\u00e1togat\u00e1sakor megadott adatok biztons\u00e1g\u00e1\u00e9rt minden t\u0151l\u00fcnk telhet\u0151t megtesz\u00fcnk. Az adatkezel\u00e9si folyamatokat a szem\u00e9lyes [&hellip;]<\/p>\n","protected":false},"author":1,"featured_media":0,"parent":0,"menu_order":0,"comment_status":"closed","ping_status":"open","template":"","meta":{"site-sidebar-layout":"default","site-content-layout":"","ast-site-content-layout":"default","site-content-style":"default","site-sidebar-style":"default","ast-global-header-display":"","ast-banner-title-visibility":"","ast-main-header-display":"","ast-hfb-above-header-display":"","ast-hfb-below-header-display":"","ast-hfb-mobile-header-display":"","site-post-title":"","ast-breadcrumbs-content":"","ast-featured-img":"","footer-sml-layout":"","ast-disable-related-posts":"","theme-transparent-header-meta":"","adv-header-id-meta":"","stick-header-meta":"","header-above-stick-meta":"","header-main-stick-meta":"","header-below-stick-meta":"","astra-migrate-meta-layouts":"default","ast-page-background-enabled":"default","ast-page-background-meta":{"desktop":{"background-color":"var(--ast-global-color-5)","background-image":"","background-repeat":"repeat","background-position":"center center","background-size":"auto","background-attachment":"scroll","background-type":"","background-media":"","overlay-type":"","overlay-color":"","overlay-opacity":"","overlay-gradient":""},"tablet":{"background-color":"","background-image":"","background-repeat":"repeat","background-position":"center center","background-size":"auto","background-attachment":"scroll","background-type":"","background-media":"","overlay-type":"","overlay-color":"","overlay-opacity":"","overlay-gradient":""},"mobile":{"background-color":"","background-image":"","background-repeat":"repeat","background-position":"center center","background-size":"auto","background-attachment":"scroll","background-type":"","background-media":"","overlay-type":"","overlay-color":"","overlay-opacity":"","overlay-gradient":""}},"ast-content-background-meta":{"desktop":{"background-color":"var(--ast-global-color-4)","background-image":"","background-repeat":"repeat","background-position":"center center","background-size":"auto","background-attachment":"scroll","background-type":"","background-media":"","overlay-type":"","overlay-color":"","overlay-opacity":"","overlay-gradient":""},"tablet":{"background-color":"var(--ast-global-color-4)","background-image":"","background-repeat":"repeat","background-position":"center center","background-size":"auto","background-attachment":"scroll","background-type":"","background-media":"","overlay-type":"","overlay-color":"","overlay-opacity":"","overlay-gradient":""},"mobile":{"background-color":"var(--ast-global-color-4)","background-image":"","background-repeat":"repeat","background-position":"center center","background-size":"auto","background-attachment":"scroll","background-type":"","background-media":"","overlay-type":"","overlay-color":"","overlay-opacity":"","overlay-gradient":""}},"footnotes":""},"class_list":["post-3","page","type-page","status-publish","hentry"],"jetpack_sharing_enabled":true,"_links":{"self":[{"href":"https:\/\/zatureczkimarcell.ddns.net\/wordpress\/wp-json\/wp\/v2\/pages\/3","targetHints":{"allow":["GET"]}}],"collection":[{"href":"https:\/\/zatureczkimarcell.ddns.net\/wordpress\/wp-json\/wp\/v2\/pages"}],"about":[{"href":"https:\/\/zatureczkimarcell.ddns.net\/wordpress\/wp-json\/wp\/v2\/types\/page"}],"author":[{"embeddable":true,"href":"https:\/\/zatureczkimarcell.ddns.net\/wordpress\/wp-json\/wp\/v2\/users\/1"}],"replies":[{"embeddable":true,"href":"https:\/\/zatureczkimarcell.ddns.net\/wordpress\/wp-json\/wp\/v2\/comments?post=3"}],"version-history":[{"count":1,"href":"https:\/\/zatureczkimarcell.ddns.net\/wordpress\/wp-json\/wp\/v2\/pages\/3\/revisions"}],"predecessor-version":[{"id":102453,"href":"https:\/\/zatureczkimarcell.ddns.net\/wordpress\/wp-json\/wp\/v2\/pages\/3\/revisions\/102453"}],"wp:attachment":[{"href":"https:\/\/zatureczkimarcell.ddns.net\/wordpress\/wp-json\/wp\/v2\/media?parent=3"}],"curies":[{"name":"wp","href":"https:\/\/api.w.org\/{rel}","templated":true}]}}