{"id":7,"date":"2024-10-06T18:36:27","date_gmt":"2024-10-06T16:36:27","guid":{"rendered":"https:\/\/zatureczkimarcell.ddns.net\/norbi\/?page_id=7"},"modified":"2024-10-07T23:30:46","modified_gmt":"2024-10-07T21:30:46","slug":"kezdooldal","status":"publish","type":"page","link":"https:\/\/zatureczkimarcell.ddns.net\/norbi\/","title":{"rendered":"Kezd\u0151oldal"},"content":{"rendered":"\n<div class=\"wp-block-group alignfull has-global-padding is-layout-constrained wp-container-core-group-is-layout-2 wp-block-group-is-layout-constrained\" style=\"padding-top:var(--wp--preset--spacing--50);padding-right:var(--wp--preset--spacing--50);padding-bottom:var(--wp--preset--spacing--50);padding-left:var(--wp--preset--spacing--50)\">\n<div class=\"wp-block-group has-global-padding is-layout-constrained wp-container-core-group-is-layout-1 wp-block-group-is-layout-constrained\">\n<h1 class=\"wp-block-heading has-text-align-center has-x-large-font-size\">LuMa Lak\u00f3kocsi B\u00e9rl\u00e9s Kecskem\u00e9t<\/h1>\n\n\n\n<div style=\"height:1.25rem\" aria-hidden=\"true\" class=\"wp-block-spacer\"><\/div>\n\n\n\n<p class=\"has-text-align-center\">Kaland \u00e9s K\u00e9nyelem egy helyen<\/p>\n\n\n\n<div style=\"height:1.25rem\" aria-hidden=\"true\" class=\"wp-block-spacer\"><\/div>\n\n\n\n<div class=\"wp-block-buttons is-content-justification-center is-layout-flex wp-container-core-buttons-is-layout-1 wp-block-buttons-is-layout-flex\">\n<div class=\"wp-block-button\"><a class=\"wp-block-button__link wp-element-button\">Foglalj Most!<\/a><\/div>\n<\/div>\n<\/div>\n\n\n\n<div style=\"height:var(--wp--preset--spacing--30)\" aria-hidden=\"true\" class=\"wp-block-spacer\"><\/div>\n\n\n\n<figure class=\"wp-block-image alignwide size-full is-style-rounded is-style-rounded--4cbcd70f08de7f7aa53bb53eb8c36c8a\"><img loading=\"lazy\" decoding=\"async\" width=\"1600\" height=\"1094\" src=\"https:\/\/zatureczkimarcell.ddns.net\/norbi\/wp-content\/uploads\/2024\/10\/IMG_4459.jpeg\" alt=\"\" class=\"wp-image-30\" srcset=\"https:\/\/zatureczkimarcell.ddns.net\/norbi\/wp-content\/uploads\/2024\/10\/IMG_4459.jpeg 1600w, https:\/\/zatureczkimarcell.ddns.net\/norbi\/wp-content\/uploads\/2024\/10\/IMG_4459-300x205.jpeg 300w, https:\/\/zatureczkimarcell.ddns.net\/norbi\/wp-content\/uploads\/2024\/10\/IMG_4459-1024x700.jpeg 1024w, https:\/\/zatureczkimarcell.ddns.net\/norbi\/wp-content\/uploads\/2024\/10\/IMG_4459-768x525.jpeg 768w, https:\/\/zatureczkimarcell.ddns.net\/norbi\/wp-content\/uploads\/2024\/10\/IMG_4459-1536x1050.jpeg 1536w\" sizes=\"(max-width: 1600px) 100vw, 1600px\" \/><\/figure>\n<\/div>\n\n\n\n<div class=\"wp-block-group alignfull has-base-2-background-color has-background has-global-padding is-layout-constrained wp-container-core-group-is-layout-3 wp-block-group-is-layout-constrained\" style=\"margin-top:0;margin-bottom:0;padding-top:var(--wp--preset--spacing--50);padding-right:var(--wp--preset--spacing--50);padding-bottom:var(--wp--preset--spacing--50);padding-left:var(--wp--preset--spacing--50)\">\n<div class=\"wp-block-columns alignwide is-layout-flex wp-container-core-columns-is-layout-1 wp-block-columns-is-layout-flex\">\n<div class=\"wp-block-column is-layout-flow wp-container-core-column-is-layout-1 wp-block-column-is-layout-flow\">\n<h3 class=\"wp-block-heading has-text-align-left is-style-default has-body-font-family has-medium-font-size\" style=\"font-style:normal;font-weight:600\">Kaland \u00e9s Szabads\u00e1g<\/h3>\n\n\n\n<p class=\"has-text-align-left\">Fedezd fel Magyarorsz\u00e1g legszebb helyeit a saj\u00e1t temp\u00f3dban \u00e9s st\u00edlusodban!<\/p>\n<\/div>\n\n\n\n<div class=\"wp-block-column is-layout-flow wp-container-core-column-is-layout-2 wp-block-column-is-layout-flow\">\n<h3 class=\"wp-block-heading has-text-align-left is-style-default has-body-font-family has-medium-font-size\" style=\"font-style:normal;font-weight:600\">Teljes Felszerelts\u00e9g<\/h3>\n\n\n\n<p class=\"has-text-align-left\">Teljesen felszerelt lak\u00f3kocsi, modern k\u00e9nyelmi funkci\u00f3kkal.<\/p>\n<\/div>\n\n\n\n<div class=\"wp-block-column is-layout-flow wp-container-core-column-is-layout-3 wp-block-column-is-layout-flow\">\n<h3 class=\"wp-block-heading has-text-align-left is-style-default has-body-font-family has-medium-font-size\" style=\"font-style:normal;font-weight:600\">K\u00f6nny\u0171 B\u00e9rl\u00e9s<\/h3>\n\n\n\n<p class=\"has-text-align-left\">Rugalmas b\u00e9rl\u00e9si lehet\u0151s\u00e9gek, bar\u00e1ti \u00fcgyf\u00e9lszolg\u00e1lat.<\/p>\n<\/div>\n<\/div>\n<\/div>\n\n\n\n<div class=\"wp-block-group alignfull has-global-padding is-layout-constrained wp-container-core-group-is-layout-6 wp-block-group-is-layout-constrained\" style=\"margin-top:0;margin-bottom:0;padding-top:var(--wp--preset--spacing--50);padding-right:var(--wp--preset--spacing--50);padding-bottom:var(--wp--preset--spacing--50);padding-left:var(--wp--preset--spacing--50)\">\n<div class=\"wp-block-group alignwide has-global-padding is-layout-constrained wp-container-core-group-is-layout-5 wp-block-group-is-layout-constrained\">\n<div class=\"wp-block-group is-vertical is-content-justification-center is-layout-flex wp-container-core-group-is-layout-4 wp-block-group-is-layout-flex\">\n<h2 class=\"wp-block-heading has-text-align-center is-style-default\">Fedezd fel a szabads\u00e1got \u00e9s k\u00e9nyelmet a LuMa Lak\u00f3kocsival<\/h2>\n\n\n\n<p class=\"has-text-align-center\"><em>Modern \u00e9s k\u00e9nyelmes lak\u00f3kocsinkat k\u00edn\u00e1ljuk csal\u00e1di nyaral\u00e1sokhoz, bar\u00e1ti kir\u00e1ndul\u00e1sokhoz vagy romantikus h\u00e9tv\u00e9g\u00e9khez. Tapasztald meg a szabads\u00e1g \u00e9s kaland \u00e9lm\u00e9ny\u00e9t b\u00e1rhol, b\u00e1rmikor!<\/em><\/p>\n<\/div>\n\n\n\n<div style=\"height:var(--wp--preset--spacing--40)\" aria-hidden=\"true\" class=\"wp-block-spacer\"><\/div>\n\n\n\n<div class=\"wp-block-columns alignwide is-layout-flex wp-container-core-columns-is-layout-2 wp-block-columns-is-layout-flex\">\n<div class=\"wp-block-column is-vertically-aligned-center is-layout-flow wp-block-column-is-layout-flow\" style=\"flex-basis:40%\">\n<h3 class=\"wp-block-heading is-style-default\">B\u00fcrstner Flipper 400 TS Lak\u00f3kocsi<\/h3>\n\n\n\n<ul style=\"line-height:1.75\" class=\"wp-block-list is-style-checkmark-list\">\n<li>K\u00e9nyelmes \u00e9s t\u00e1gas lak\u00f3t\u00e9r<\/li>\n\n\n\n<li>4 fekv\u0151hely biztos\u00edtja a csal\u00e1di k\u00e9nyelmet<\/li>\n\n\n\n<li>Stabiliz\u00e1toros von\u00f3fej a biztons\u00e1gos utaz\u00e1shoz<\/li>\n<\/ul>\n<\/div>\n\n\n\n<div class=\"wp-block-column is-layout-flow wp-block-column-is-layout-flow\" style=\"flex-basis:50%\">\n<figure class=\"wp-block-image size-large is-style-rounded is-style-rounded--3c5197c7fb607bf7d3d20ebb979e0611\"><img loading=\"lazy\" decoding=\"async\" width=\"1024\" height=\"700\" src=\"https:\/\/zatureczkimarcell.ddns.net\/norbi\/wp-content\/uploads\/2024\/10\/IMG_4459-1024x700.jpeg\" alt=\"\" class=\"wp-image-30\" srcset=\"https:\/\/zatureczkimarcell.ddns.net\/norbi\/wp-content\/uploads\/2024\/10\/IMG_4459-1024x700.jpeg 1024w, https:\/\/zatureczkimarcell.ddns.net\/norbi\/wp-content\/uploads\/2024\/10\/IMG_4459-300x205.jpeg 300w, https:\/\/zatureczkimarcell.ddns.net\/norbi\/wp-content\/uploads\/2024\/10\/IMG_4459-768x525.jpeg 768w, https:\/\/zatureczkimarcell.ddns.net\/norbi\/wp-content\/uploads\/2024\/10\/IMG_4459-1536x1050.jpeg 1536w, https:\/\/zatureczkimarcell.ddns.net\/norbi\/wp-content\/uploads\/2024\/10\/IMG_4459.jpeg 1600w\" sizes=\"(max-width: 1024px) 100vw, 1024px\" \/><\/figure>\n<\/div>\n<\/div>\n\n\n\n<div style=\"height:var(--wp--preset--spacing--40)\" aria-hidden=\"true\" class=\"wp-block-spacer\"><\/div>\n\n\n\n<div class=\"wp-block-columns alignwide is-layout-flex wp-container-core-columns-is-layout-3 wp-block-columns-is-layout-flex\">\n<div class=\"wp-block-column is-layout-flow wp-block-column-is-layout-flow\" style=\"flex-basis:50%\">\n<figure class=\"wp-block-image size-large is-style-rounded is-style-rounded--17e3b2fa9ffb7d5d46b522e1c6a231f1\"><img loading=\"lazy\" decoding=\"async\" width=\"1024\" height=\"702\" src=\"https:\/\/zatureczkimarcell.ddns.net\/norbi\/wp-content\/uploads\/2024\/10\/IMG_4103-1024x702.jpeg\" alt=\"\" class=\"wp-image-18\" srcset=\"https:\/\/zatureczkimarcell.ddns.net\/norbi\/wp-content\/uploads\/2024\/10\/IMG_4103-1024x702.jpeg 1024w, https:\/\/zatureczkimarcell.ddns.net\/norbi\/wp-content\/uploads\/2024\/10\/IMG_4103-300x206.jpeg 300w, https:\/\/zatureczkimarcell.ddns.net\/norbi\/wp-content\/uploads\/2024\/10\/IMG_4103-768x526.jpeg 768w, https:\/\/zatureczkimarcell.ddns.net\/norbi\/wp-content\/uploads\/2024\/10\/IMG_4103-1536x1052.jpeg 1536w, https:\/\/zatureczkimarcell.ddns.net\/norbi\/wp-content\/uploads\/2024\/10\/IMG_4103.jpeg 2048w\" sizes=\"(max-width: 1024px) 100vw, 1024px\" \/><\/figure>\n<\/div>\n\n\n\n<div class=\"wp-block-column is-vertically-aligned-center is-layout-flow wp-block-column-is-layout-flow\" style=\"flex-basis:40%\">\n<h3 class=\"wp-block-heading is-style-default\">Teljesen felszerelt konyha<\/h3>\n\n\n\n<ul style=\"line-height:1.75\" class=\"wp-block-list is-style-checkmark-list\">\n<li>G\u00e1zt\u0171zhely \u00e9s h\u0171t\u0151szekr\u00e9ny<\/li>\n\n\n\n<li>V\u00edztart\u00e1ly \u00e9s mosogat\u00f3<\/li>\n\n\n\n<li>Teljes konyhai felszerel\u00e9s (ed\u00e9nyek, t\u00e1ny\u00e9rok, ev\u0151eszk\u00f6z\u00f6k)<\/li>\n<\/ul>\n<\/div>\n<\/div>\n\n\n\n<div style=\"height:var(--wp--preset--spacing--40)\" aria-hidden=\"true\" class=\"wp-block-spacer\"><\/div>\n\n\n\n<div class=\"wp-block-columns alignwide is-layout-flex wp-container-core-columns-is-layout-4 wp-block-columns-is-layout-flex\">\n<div class=\"wp-block-column is-vertically-aligned-center is-layout-flow wp-block-column-is-layout-flow\" style=\"flex-basis:40%\">\n<h3 class=\"wp-block-heading is-style-default\">K\u00e9nyelmes h\u00e1l\u00f3r\u00e9sz \u00e9s bels\u0151 terek<\/h3>\n\n\n\n<ul style=\"line-height:1.75\" class=\"wp-block-list is-style-checkmark-list\">\n<li>Francia\u00e1gy \u00e9s tov\u00e1bbi 2 fekv\u0151hely<\/li>\n\n\n\n<li>Hangulatvil\u00e1g\u00edt\u00e1s a kellemes est\u00e9khez<\/li>\n\n\n\n<li>Gardr\u00f3bszekr\u00e9ny \u00e9s t\u00e1rol\u00f3k a rendezett utaz\u00e1s\u00e9rt<\/li>\n<\/ul>\n<\/div>\n\n\n\n<div class=\"wp-block-column is-layout-flow wp-block-column-is-layout-flow\" style=\"flex-basis:50%\">\n<figure class=\"wp-block-image size-large is-style-rounded is-style-rounded--17e3b2fa9ffb7d5d46b522e1c6a231f1\"><img loading=\"lazy\" decoding=\"async\" width=\"1024\" height=\"702\" src=\"https:\/\/zatureczkimarcell.ddns.net\/norbi\/wp-content\/uploads\/2024\/10\/IMG_4103-1024x702.jpeg\" alt=\"\" class=\"wp-image-18\" srcset=\"https:\/\/zatureczkimarcell.ddns.net\/norbi\/wp-content\/uploads\/2024\/10\/IMG_4103-1024x702.jpeg 1024w, https:\/\/zatureczkimarcell.ddns.net\/norbi\/wp-content\/uploads\/2024\/10\/IMG_4103-300x206.jpeg 300w, https:\/\/zatureczkimarcell.ddns.net\/norbi\/wp-content\/uploads\/2024\/10\/IMG_4103-768x526.jpeg 768w, https:\/\/zatureczkimarcell.ddns.net\/norbi\/wp-content\/uploads\/2024\/10\/IMG_4103-1536x1052.jpeg 1536w, https:\/\/zatureczkimarcell.ddns.net\/norbi\/wp-content\/uploads\/2024\/10\/IMG_4103.jpeg 2048w\" sizes=\"(max-width: 1024px) 100vw, 1024px\" \/><\/figure>\n<\/div>\n<\/div>\n\n\n\n<p><\/p>\n<\/div>\n<\/div>\n","protected":false},"excerpt":{"rendered":"<p>LuMa Lak\u00f3kocsi B\u00e9rl\u00e9s Kecskem\u00e9t Kaland \u00e9s K\u00e9nyelem egy helyen Kaland \u00e9s Szabads\u00e1g Fedezd fel Magyarorsz\u00e1g legszebb helyeit a saj\u00e1t temp\u00f3dban \u00e9s st\u00edlusodban! Teljes Felszerelts\u00e9g Teljesen felszerelt lak\u00f3kocsi, modern k\u00e9nyelmi funkci\u00f3kkal. K\u00f6nny\u0171 B\u00e9rl\u00e9s Rugalmas b\u00e9rl\u00e9si lehet\u0151s\u00e9gek, bar\u00e1ti \u00fcgyf\u00e9lszolg\u00e1lat. Fedezd fel a szabads\u00e1got \u00e9s k\u00e9nyelmet a LuMa Lak\u00f3kocsival Modern \u00e9s k\u00e9nyelmes lak\u00f3kocsinkat k\u00edn\u00e1ljuk csal\u00e1di nyaral\u00e1sokhoz, bar\u00e1ti kir\u00e1ndul\u00e1sokhoz [&hellip;]<\/p>\n","protected":false},"author":1,"featured_media":30,"parent":0,"menu_order":0,"comment_status":"closed","ping_status":"closed","template":"page-no-title","meta":{"footnotes":""},"class_list":["post-7","page","type-page","status-publish","has-post-thumbnail","hentry"],"_links":{"self":[{"href":"https:\/\/zatureczkimarcell.ddns.net\/norbi\/index.php?rest_route=\/wp\/v2\/pages\/7"}],"collection":[{"href":"https:\/\/zatureczkimarcell.ddns.net\/norbi\/index.php?rest_route=\/wp\/v2\/pages"}],"about":[{"href":"https:\/\/zatureczkimarcell.ddns.net\/norbi\/index.php?rest_route=\/wp\/v2\/types\/page"}],"author":[{"embeddable":true,"href":"https:\/\/zatureczkimarcell.ddns.net\/norbi\/index.php?rest_route=\/wp\/v2\/users\/1"}],"replies":[{"embeddable":true,"href":"https:\/\/zatureczkimarcell.ddns.net\/norbi\/index.php?rest_route=%2Fwp%2Fv2%2Fcomments&post=7"}],"version-history":[{"count":4,"href":"https:\/\/zatureczkimarcell.ddns.net\/norbi\/index.php?rest_route=\/wp\/v2\/pages\/7\/revisions"}],"predecessor-version":[{"id":46,"href":"https:\/\/zatureczkimarcell.ddns.net\/norbi\/index.php?rest_route=\/wp\/v2\/pages\/7\/revisions\/46"}],"wp:featuredmedia":[{"embeddable":true,"href":"https:\/\/zatureczkimarcell.ddns.net\/norbi\/index.php?rest_route=\/wp\/v2\/media\/30"}],"wp:attachment":[{"href":"https:\/\/zatureczkimarcell.ddns.net\/norbi\/index.php?rest_route=%2Fwp%2Fv2%2Fmedia&parent=7"}],"curies":[{"name":"wp","href":"https:\/\/api.w.org\/{rel}","templated":true}]}}